{"id":4,"date":"2017-06-07T15:50:17","date_gmt":"2017-06-07T19:50:17","guid":{"rendered":"http:\/\/portfolio-pre.uqac.ca\/gabarit\/?page_id=4"},"modified":"2017-06-08T12:17:02","modified_gmt":"2017-06-08T16:17:02","slug":"presentatio","status":"publish","type":"page","link":"https:\/\/portfolio.uqac.ca\/jocelynbenoit\/","title":{"rendered":"Pr\u00e9sentation"},"content":{"rendered":"<h2>Jocelyn Benoit, Ph. D.<\/h2>\n<p>Professeur \u00e0 l&#8217;<a href=\"https:\/\/www.nad.ca\/fr\">\u00c9cole des arts num\u00e9riques, de l&#8217;animation et du design<\/a><\/p>\n<h2>Champs d&#8217;int\u00e9r\u00eat<\/h2>\n<ul>\n<li>Moteurs de jeu vid\u00e9o<\/li>\n<li>D\u00e9veloppement de jeu vid\u00e9o<\/li>\n<li>Motivations du joueur<\/li>\n<li>Mod\u00e9lisation proc\u00e9durale<\/li>\n<li>Compl\u00e9tion vid\u00e9o<\/li>\n<li>Synth\u00e8se d&#8217;image<\/li>\n<li>Infographie 3D<\/li>\n<li>R\u00e9alisme<\/li>\n<\/ul>\n","protected":false},"excerpt":{"rendered":"<p>Jocelyn Benoit, Ph. D. Professeur \u00e0 l&#8217;\u00c9cole des arts num\u00e9riques, de l&#8217;animation et du design Champs d&#8217;int\u00e9r\u00eat Moteurs de jeu vid\u00e9o D\u00e9veloppement de jeu vid\u00e9o Motivations du joueur Mod\u00e9lisation proc\u00e9durale Compl\u00e9tion vid\u00e9o Synth\u00e8se d&#8217;image Infographie 3D R\u00e9alisme<\/p>\n","protected":false},"author":89,"featured_media":0,"parent":0,"menu_order":0,"comment_status":"closed","ping_status":"closed","template":"","meta":{"footnotes":""},"tags":[],"_links":{"self":[{"href":"https:\/\/portfolio.uqac.ca\/jocelynbenoit\/wp-json\/wp\/v2\/pages\/4"}],"collection":[{"href":"https:\/\/portfolio.uqac.ca\/jocelynbenoit\/wp-json\/wp\/v2\/pages"}],"about":[{"href":"https:\/\/portfolio.uqac.ca\/jocelynbenoit\/wp-json\/wp\/v2\/types\/page"}],"author":[{"embeddable":true,"href":"https:\/\/portfolio.uqac.ca\/jocelynbenoit\/wp-json\/wp\/v2\/users\/89"}],"replies":[{"embeddable":true,"href":"https:\/\/portfolio.uqac.ca\/jocelynbenoit\/wp-json\/wp\/v2\/comments?post=4"}],"version-history":[{"count":16,"href":"https:\/\/portfolio.uqac.ca\/jocelynbenoit\/wp-json\/wp\/v2\/pages\/4\/revisions"}],"predecessor-version":[{"id":138,"href":"https:\/\/portfolio.uqac.ca\/jocelynbenoit\/wp-json\/wp\/v2\/pages\/4\/revisions\/138"}],"wp:attachment":[{"href":"https:\/\/portfolio.uqac.ca\/jocelynbenoit\/wp-json\/wp\/v2\/media?parent=4"}],"wp:term":[{"taxonomy":"post_tag","embeddable":true,"href":"https:\/\/portfolio.uqac.ca\/jocelynbenoit\/wp-json\/wp\/v2\/tags?post=4"}],"curies":[{"name":"wp","href":"https:\/\/api.w.org\/{rel}","templated":true}]}}