{"id":27,"date":"2012-07-24T12:57:18","date_gmt":"2012-07-24T12:57:18","guid":{"rendered":"http:\/\/portfolio-pre.uqac.ca\/gabarit\/?page_id=27"},"modified":"2026-01-24T17:59:53","modified_gmt":"2026-01-24T22:59:53","slug":"curriculum-vitae","status":"publish","type":"page","link":"https:\/\/portfolio.uqac.ca\/jonathanroy\/curriculum-vitae\/","title":{"rendered":"Curriculum vitae"},"content":{"rendered":"<h2><strong>Dipl\u00f4mes<\/strong><\/h2>\n<ul>\n<li><span lang=\"FR-CA\"><span lang=\"FR-CA\">Postdoctorat, recherche en cybers\u00e9curit\u00e9 et entrepreneuriat scientifique, <\/span><\/span><span lang=\"FR-CA\">Universit\u00e9 Concordia, 2024<\/span><\/li>\n<li>Ph.D., ing\u00e9nierie logicielle et cybers\u00e9curit\u00e9, <span lang=\"PT-BR\">\u00c9cole de technologie sup\u00e9rieure, <\/span>2021<\/li>\n<li style=\"font-weight: 400\"><span lang=\"EN-US\">M.Eng., ing\u00e9nierie logicielle<\/span><span lang=\"EN-US\">, <span lang=\"PT-BR\">\u00c9cole de technologie sup\u00e9rieure, <\/span>Transition directe vers le programme de doctorat<\/span><\/li>\n<li style=\"font-weight: 400\">B.Eng., g\u00e9nie \u00e9lectrique, <span lang=\"PT-BR\">\u00c9cole de technologie sup\u00e9rieure, <\/span>2002<\/li>\n<\/ul>\n<h2><strong>Distinctions et bourses<br \/>\n<\/strong><\/h2>\n<ul>\n<li>Prix d&#8217;excellence pour l&#8217;entrepreneuriat scientifique et l&#8217;innovation, FRQ, 2024<\/li>\n<li>Prix Dobson Scientific Venture, Fondation John Dobson, 2023<\/li>\n<li>Tableau d&#8217;honneur de l&#8217;<span lang=\"EN-US\"><span lang=\"PT-BR\">\u00c9cole de technologie sup\u00e9rieure, 2021<\/span><\/span><\/li>\n<\/ul>\n<h2><strong>Affiliations professionnelles<\/strong><\/h2>\n<ul>\n<li>Membre de l\u2019Ordre des Ing\u00e9nieurs du Qu\u00e9bec<\/li>\n<\/ul>\n<h2><strong>Activit\u00e9s<\/strong><\/h2>\n<ul>\n<li style=\"font-weight: 400\">Co-\u00e9diteur, ISO\/IEC JTC1\/SC7, ISO\/IEC 25070 : Vue d&#8217;ensemble et guide sur l&#8217;ing\u00e9nierie de la qualit\u00e9 et de la s\u00e9curit\u00e9 des syst\u00e8mes logiciels<\/li>\n<\/ul>\n","protected":false},"excerpt":{"rendered":"<p>Dipl\u00f4mes Postdoctorat, recherche en cybers\u00e9curit\u00e9 et entrepreneuriat scientifique, Universit\u00e9 Concordia, 2024 Ph.D., ing\u00e9nierie logicielle et cybers\u00e9curit\u00e9, \u00c9cole de technologie sup\u00e9rieure, 2021 M.Eng., ing\u00e9nierie logicielle, \u00c9cole de technologie sup\u00e9rieure, Transition directe vers le programme de doctorat B.Eng., g\u00e9nie \u00e9lectrique, \u00c9cole de technologie sup\u00e9rieure, 2002 Distinctions et bourses Prix d&#8217;excellence pour l&#8217;entrepreneuriat scientifique et l&#8217;innovation, FRQ, 2024 &hellip; <a href=\"https:\/\/portfolio.uqac.ca\/jonathanroy\/curriculum-vitae\/\" class=\"more-link\">Continuer la lecture de <span class=\"screen-reader-text\">Curriculum vitae<\/span>  <span class=\"meta-nav\">&rarr;<\/span><\/a><\/p>\n","protected":false},"author":412,"featured_media":0,"parent":0,"menu_order":0,"comment_status":"closed","ping_status":"closed","template":"","meta":{"footnotes":""},"tags":[],"_links":{"self":[{"href":"https:\/\/portfolio.uqac.ca\/jonathanroy\/wp-json\/wp\/v2\/pages\/27"}],"collection":[{"href":"https:\/\/portfolio.uqac.ca\/jonathanroy\/wp-json\/wp\/v2\/pages"}],"about":[{"href":"https:\/\/portfolio.uqac.ca\/jonathanroy\/wp-json\/wp\/v2\/types\/page"}],"author":[{"embeddable":true,"href":"https:\/\/portfolio.uqac.ca\/jonathanroy\/wp-json\/wp\/v2\/users\/412"}],"replies":[{"embeddable":true,"href":"https:\/\/portfolio.uqac.ca\/jonathanroy\/wp-json\/wp\/v2\/comments?post=27"}],"version-history":[{"count":8,"href":"https:\/\/portfolio.uqac.ca\/jonathanroy\/wp-json\/wp\/v2\/pages\/27\/revisions"}],"predecessor-version":[{"id":256,"href":"https:\/\/portfolio.uqac.ca\/jonathanroy\/wp-json\/wp\/v2\/pages\/27\/revisions\/256"}],"wp:attachment":[{"href":"https:\/\/portfolio.uqac.ca\/jonathanroy\/wp-json\/wp\/v2\/media?parent=27"}],"wp:term":[{"taxonomy":"post_tag","embeddable":true,"href":"https:\/\/portfolio.uqac.ca\/jonathanroy\/wp-json\/wp\/v2\/tags?post=27"}],"curies":[{"name":"wp","href":"https:\/\/api.w.org\/{rel}","templated":true}]}}