{"id":149,"date":"2018-04-15T22:50:14","date_gmt":"2018-04-16T02:50:14","guid":{"rendered":"http:\/\/portfolio-pre.uqac.ca\/jorgefrozzini\/?page_id=149"},"modified":"2024-03-04T13:44:20","modified_gmt":"2024-03-04T18:44:20","slug":"medias","status":"publish","type":"page","link":"https:\/\/portfolio.uqac.ca\/jorgefrozzini\/medias\/","title":{"rendered":"M\u00e9dias"},"content":{"rendered":"<h2>Presse \u00e9crite, radio, t\u00e9l\u00e9vision et m\u00e9dias sociaux<\/h2>\n<ul>\n<li>Participation au <a href=\"https:\/\/savoir.media\/player\/385804\/series?assetType=series&amp;playlist_id=7\">premier \u00e9pisode<\/a> dans le cadre de la s\u00e9rie \u00ab Des id\u00e9es pour le Qu\u00e9bec \u00bb anim\u00e9e par Isabelle Mar\u00e9chal sur la cha\u00eene Savoir M\u00e9dia. L\u2019entrevue porte sur l\u2019inclusion avec la participation de Tania Longpr\u00e9 et Kim Th\u00f9y (f\u00e9vrier 2024).<\/li>\n<\/ul>\n<ul>\n<li>Participation \u00e0 une entrevue dans le cadre de l\u2019\u00e9mission \u00ab <a href=\"https:\/\/www.radio-canada.ca\/util\/postier\/suggerer-go.asp?nID=5015403\">Place publique<\/a> \u00bb anim\u00e9e par Catherine Doucet sur les ondes de la radio de Radio-Canada au Saguenay-Lac-Saint-Jean. L\u2019entrevue porte sur la base de donn\u00e9es et la carte que nous avons con\u00e7u \u00e0 la chaire (f\u00e9vrier 2024).<\/li>\n<\/ul>\n<ul>\n<li><a href=\"https:\/\/sway.office.com\/VaWT4vTMcXLFJyfZ\">Capsules vid\u00e9o<\/a> r\u00e9alis\u00e9es dans le cadre du plan d\u2019action en immigration de la MRC du Fjord-du-Saguenay. Chaque capsule porte sur un sujet li\u00e9 au parcours migratoire en r\u00e9pondant \u00e0 une question (janvier 2021).<\/li>\n<\/ul>\n<ul>\n<li><a href=\"https:\/\/ici.radio-canada.ca\/premiere\/emissions\/moteur-de-recherche\/segments\/entrevue\/213040\/communication-sujets-epineux-debat-idees-opposition\">Entrevue (en ligne)<\/a> r\u00e9alis\u00e9e\u00a0dans le cadre de l\u2019\u00e9mission \u00ab\u2009<em>Moteur de recherche<\/em>\u2009\u00bb de la radio de Radio-Canada anim\u00e9e par Matthieu Dugal et portant sur des questions de science et de technologie. Format de r\u00e9ponse \u00e0 la question d\u2019une auditrice ou d\u2019un auditeur\u00a0: Comment bien communiquer nos id\u00e9es sur des questions sensibles ? (d\u00e9cembre 2020).<\/li>\n<\/ul>\n<ul>\n<li>Entrevue (baladodiffusion en <a href=\"https:\/\/soundcloud.com\/user-817746336\/les-travailleurseuses-etrangerseres-agricoles-dans-le-contexte-de-la-covid-19\">fran\u00e7ais<\/a> et en <a href=\"https:\/\/www.radiotemblor.org\/?p=17790&amp;fbclid=IwAR1SJJVZFCoHwt8sl8fyMSmAfYXyUG7Hc26Spu6uY6xEiGmiMI0YRvLblhE\">espagnol<\/a>) r\u00e9alis\u00e9e dans le cadre d&#8217;une collaboration avec le Comit\u00e9 pour les droits humains en Am\u00e9rique Latine<i>\u00a0(CDHAL<\/i>) et diffus\u00e9e dans le site Web de Radio Temblor et dans SoundCloud. Cette entrevue fait partie\u00a0d&#8217;un projet sur les causes structurelles du d\u00e9placement des travailleurs agricoles saisonniers\u00a0(juin 2020).<\/li>\n<\/ul>\n<ul>\n<li><a href=\"https:\/\/soundcloud.com\/user-644858379\/entrevue-avec-jorge-frozzini\">Entrevue (baladodiffusion)<\/a> r\u00e9alis\u00e9e dans le cadre de la s\u00e9rie <i>les Midis de l\u2019Immigration\u00a0(<\/i>INRS-UCS) et diffus\u00e9e dans le site Web de Villes R\u00e9gions Monde. Cette entrevue fait partie du th\u00e8me de la journ\u00e9e\u00a0: <em>Regards sur les fronti\u00e8res\u00a0: entre contr\u00f4le et solidarit\u00e9<\/em>. Je soul\u00e8ve quelques points mis de l\u2019avant lors de ma conf\u00e9rence\u00a0plut\u00f4t dans la journ\u00e9e\u00a0: Travailleurs \u00e9trangers temporaires et l\u2019\u00c9tat canadien\u00a0: technologies de contr\u00f4le et solidarit\u00e9 (13 f\u00e9vrier 2020).<\/li>\n<\/ul>\n<ul>\n<li><a href=\"https:\/\/ceuc.ca\/ceucradio-sur-matv\/\">Entrevue \u00e0 la Radio UQAC @ MAtv<\/a> sur deux sujets\u00a0: (1) une recherche en cours concernant les \u00e9tudiants internationaux et (2) le baccalaur\u00e9at en communication. Explication de la recherche en cours et de ce que nous envisageons avec cette derni\u00e8re. L\u2019animateur, M.\u00a0St\u00e9phane Boivin, profite pour s\u2019informer sur l\u2019\u00e9tat de la situation du baccalaur\u00e9at en communication interculturelle et m\u00e9diatique. (9 avril 2019)<\/li>\n<\/ul>\n<ul>\n<li><span lang=\"FR\"><a href=\"https:\/\/ceuc.ca\/2018\/08\/02\/nouveau-bac-en-communication-lesprit-critique-au-coeur-de-la-formation\/\">Nouveau bac en communication\u00a0: esprit critique au c\u0153ur de la formation<\/a>, entrevue et article dans le site Web des Communications \u00e9tudiantes universitaires de Chicoutimi (CEUC) sur le baccalaur\u00e9at en communication interculturelle et m\u00e9diatique de l\u2019UQAC. (2 ao\u00fbt 2018)<\/span><\/li>\n<\/ul>\n<ul>\n<li><em><a href=\"https:\/\/www.lequotidien.com\/actualites\/le-fil-groupe-capitales-medias\/un-baccalaureat-en-communication-nouveau-genre-a-luqac-931428472e950c7b53ad2cf73e6e33c6\">Un baccalaur\u00e9at en communication nouveau genre \u00e0 l\u2019UQAC<\/a><\/em>, article dans le journal <em>Le Quotidien<\/em> sur l\u2019arriv\u00e9e du nouveau baccalaur\u00e9at en communication interculturelle et m\u00e9diatique de l\u2019UQAC d\u00e8s l\u2019automne 2018. (26 janvier 2018)<\/li>\n<\/ul>\n<ul>\n<li><em><a href=\"https:\/\/www.journaldequebec.com\/2018\/01\/25\/saguenay-luqac-lance-un-nouveau-programme-en-communication\">Saguenay\u00a0: L\u2019UQAC lance un nouveau programme en communication<\/a><\/em>, article dans le <em>Journal de Qu\u00e9bec<\/em> sur l\u2019arriv\u00e9e du nouveau baccalaur\u00e9at en communication interculturelle et m\u00e9diatique de l\u2019UQAC d\u00e8s l\u2019automne 2018. (25 janvier 2018)<\/li>\n<\/ul>\n<ul>\n<li><em><a href=\"https:\/\/www.youtube.com\/watch?v=dpqAgr_1HGQ&amp;feature=youtu.be\">Entrevue <\/a><\/em>diffus\u00e9e sur le WebJournal des \u00e9tudiants en ATM du c\u00e9gep de Jonqui\u00e8re sur l\u2019arriv\u00e9e du nouveau baccalaur\u00e9at en communication interculturelle et m\u00e9diatique de l\u2019UQAC d\u00e8s l\u2019automne 2018. (25 janvier 2018)<\/li>\n<\/ul>\n<ul>\n<li><em><a href=\"https:\/\/www.facebook.com\/uqac.ca\/videos\/10156236176454407\/\">Entrevue <\/a><\/em>diffus\u00e9e en direct sur Facebook live sur l\u2019arriv\u00e9e du nouveau baccalaur\u00e9at en communication interculturelle et m\u00e9diatique de l\u2019UQAC d\u00e8s l\u2019automne 2018 (<em><a href=\"https:\/\/uqactualite.uqac.ca\/luqac-presente-son-nouveau-programme-en-communication\/\">article<\/a><\/em>). (25 janvier 2018)<\/li>\n<\/ul>\n<ul>\n<li><em><em><a href=\"https:\/\/uqactualite.uqac.ca\/consultation-sur-la-discrimination-systemique-et-le-racisme-au-quebec\/\">Consultation sur la discrimination syst\u00e9mique et le racisme au Qu\u00e9bec\u00a0: Jorge Frozzini s\u2019implique aupr\u00e8s d\u2019un regroupement r\u00e9gional d\u2019organismes<\/a>, <\/em><\/em>article annon\u00e7ant les consultations locales et mon implication comme responsable de ces derni\u00e8res dans la r\u00e9gion du Saguenay-Lac-Saint-Jean. Mandat octroy\u00e9 par le minist\u00e8re de l\u2019Immigration, de la Diversit\u00e9 et de l\u2019Inclusion (MIDI) et par la Commission des droits de la personne et des droits de la jeunesse (CDPDJ) dans le cadre des travaux de la Consultation sur la discrimination syst\u00e9mique et le racisme. (29 septembre 2017)<\/li>\n<\/ul>\n<ul>\n<li><em><a href=\"https:\/\/ici.radio-canada.ca\/premiere\/emissions\/style-libre\/episodes\/390800\/audio-fil-du-jeudi-28-septembre-2017\/4\">Consultation sur la discrimination syst\u00e9mique et le racisme<\/a>, <\/em>entrevue radio sur le site Web de Radio-Canada Saguenay\u2013Lac-Saint-Jean, Canada dans le cadre de l\u2019\u00e9mission \u00ab\u2009Style libre\u2009\u00bb anim\u00e9e par Doris Larouche. (28 septembre 2017)<\/li>\n<\/ul>\n<ul>\n<li><a href=\"https:\/\/atm.cegepjonquiere.ca\/journalisme\/2017\/09\/23\/droits-des-travailleurs-etrangers-des-modifications-au-programme-exigees\/\"><em>Droits des travailleurs \u00e9trangers. Des modifications au programme exig\u00e9es<\/em><\/a>, entrevue pour le journal <em>La Pige<\/em> du programme en ATM du C\u00e9gep de Jonqui\u00e8re. (26 septembre 2017)<\/li>\n<\/ul>\n<ul>\n<li><a href=\"https:\/\/ici.radio-canada.ca\/premiere\/emissions\/l-heure-de-pointe\/episodes\/385938\/audio-fil-du-jeudi-20-juillet-2017\"><em>Entrevues: Une affiche raciste \u00e0 l&#8217;entr\u00e9e du cimeti\u00e8re Saguenay<\/em><\/a>, entrevue radio sur le site Web de Radio-Canada Saguenay\u2013Lac-Saint-Jean dans le cadre de l&#8217;\u00e9mission \u00ab\u2009L\u2019heure de pointe\u2009\u00bb, anim\u00e9e par Catherine Doucet. (20 juillet 2017)<\/li>\n<\/ul>\n<ul>\n<li><em><a href=\"https:\/\/www.cinemapolitica.org\/node\/30142\">Un retour sur oser r\u00eaves de justice<\/a><\/em>, article sur l\u2019organisation de la projection du film \u00ab\u2009R\u00eave des migrants\u2009\u00bb \u00e0 Chicoutimi le 1<sup>er<\/sup> juin 2017 (juin 2017).<\/li>\n<\/ul>\n<ul>\n<li><a href=\"https:\/\/ici.radio-canada.ca\/nouvelle\/1031194\/universite-chicoutimi-etudes-communication-medias\"><em>L\u2019UQAC pr\u00e9pare son baccalaur\u00e9at en communication<\/em><\/a>, site Web de Radio-Canada Saguenay\u2013Lac-Saint-Jean. (1er mai 2017)<\/li>\n<\/ul>\n<ul>\n<li><a href=\"https:\/\/ici.radio-canada.ca\/premiere\/emissions\/cafe-boulot-dodo\/segments\/entrevue\/22309\/communications-universite-uqac-enseignement\"><em>Le programme d\u00e9butera \u00e0 l\u2019automne\u00a02018<\/em><\/a>, entrevue avec Mme\u00a0Doris Larouche de Radio-Canada Saguenay\u2013Lac-Saint-Jean dans son \u00e9mission du matin \u00ab\u2009Caf\u00e9, boulot, dodo\u2009\u00bb. (1er mai 2017)<\/li>\n<\/ul>\n<ul>\n<li><em><a href=\"https:\/\/ici.radio-canada.ca\/nouvelle\/1023604\/un-baccalaureat-en-communication-bientot-offert-a-luqac\">Un baccalaur\u00e9at en communication bient\u00f4t offert \u00e0 l\u2019UQAC<\/a><\/em>, site Web de Radio-Canada Saguenay\u2013Lac-Saint-Jean. (21 mars 2017)<\/li>\n<\/ul>\n<ul>\n<li><em>Baccalaur\u00e9at en communication : l\u2019UQAC attend la signature de la ministre,<\/em>\u00a0article paru dans le journal\u00a0<em>Le Quotidien<\/em>, initialement paru dans le journal\u00a0<em>La Pige<\/em> du C\u00e9gep de Jonqui\u00e8re. (13 f\u00e9vrier 2017 &#8211; page 10)<\/li>\n<\/ul>\n<ul>\n<li><em><a href=\"https:\/\/atmjonquiere.com\/la-pige\/2016-2017\/actualites\/baccalaureat-en-communication-uqac-attend-signature-de-ministre\">Baccalaur\u00e9at en communication : l\u2019UQAC attend la signature de la ministre<\/a>,<\/em>\u00a0article paru dans le journal\u00a0<em>Le Quotidien<\/em>, article dans le journal\u00a0<em>La Pige<\/em> du C\u00e9gep de Jonqui\u00e8re. (11 f\u00e9vrier 2017)<\/li>\n<\/ul>\n<ul>\n<li><a href=\"https:\/\/www.pointsud.ca\/wp-content\/uploads\/2016\/11\/pointsud.24nb.pdf\"><em>Immigration et citoyennet\u00e9 urbaine<\/em><\/a>, article paru dans le journal <em>Point Sud<\/em> de Longueil. (24 novembre 2016 &#8211; page 13)<\/li>\n<\/ul>\n","protected":false},"excerpt":{"rendered":"<p>Presse \u00e9crite, radio, t\u00e9l\u00e9vision et m\u00e9dias sociaux Participation au premier \u00e9pisode dans le cadre de la s\u00e9rie \u00ab Des id\u00e9es pour le Qu\u00e9bec \u00bb anim\u00e9e par Isabelle Mar\u00e9chal sur la cha\u00eene Savoir M\u00e9dia. L\u2019entrevue porte sur l\u2019inclusion avec la participation de Tania Longpr\u00e9 et Kim Th\u00f9y (f\u00e9vrier 2024). Participation \u00e0 une entrevue dans le cadre &hellip; <a href=\"https:\/\/portfolio.uqac.ca\/jorgefrozzini\/medias\/\" class=\"more-link\">Continuer la lecture de <span class=\"screen-reader-text\">M\u00e9dias<\/span>  <span class=\"meta-nav\">&rarr;<\/span><\/a><\/p>\n","protected":false},"author":208,"featured_media":0,"parent":0,"menu_order":0,"comment_status":"closed","ping_status":"closed","template":"","meta":{"footnotes":""},"tags":[],"_links":{"self":[{"href":"https:\/\/portfolio.uqac.ca\/jorgefrozzini\/wp-json\/wp\/v2\/pages\/149"}],"collection":[{"href":"https:\/\/portfolio.uqac.ca\/jorgefrozzini\/wp-json\/wp\/v2\/pages"}],"about":[{"href":"https:\/\/portfolio.uqac.ca\/jorgefrozzini\/wp-json\/wp\/v2\/types\/page"}],"author":[{"embeddable":true,"href":"https:\/\/portfolio.uqac.ca\/jorgefrozzini\/wp-json\/wp\/v2\/users\/208"}],"replies":[{"embeddable":true,"href":"https:\/\/portfolio.uqac.ca\/jorgefrozzini\/wp-json\/wp\/v2\/comments?post=149"}],"version-history":[{"count":14,"href":"https:\/\/portfolio.uqac.ca\/jorgefrozzini\/wp-json\/wp\/v2\/pages\/149\/revisions"}],"predecessor-version":[{"id":380,"href":"https:\/\/portfolio.uqac.ca\/jorgefrozzini\/wp-json\/wp\/v2\/pages\/149\/revisions\/380"}],"wp:attachment":[{"href":"https:\/\/portfolio.uqac.ca\/jorgefrozzini\/wp-json\/wp\/v2\/media?parent=149"}],"wp:term":[{"taxonomy":"post_tag","embeddable":true,"href":"https:\/\/portfolio.uqac.ca\/jorgefrozzini\/wp-json\/wp\/v2\/tags?post=149"}],"curies":[{"name":"wp","href":"https:\/\/api.w.org\/{rel}","templated":true}]}}