{"id":18,"date":"2018-04-11T16:06:11","date_gmt":"2018-04-11T20:06:11","guid":{"rendered":"http:\/\/portfolio-pre.uqac.ca\/gabarit\/?page_id=18"},"modified":"2024-02-10T06:06:21","modified_gmt":"2024-02-10T11:06:21","slug":"enseignement","status":"publish","type":"page","link":"https:\/\/portfolio.uqac.ca\/jorgefrozzini\/enseignement\/","title":{"rendered":"Enseignement"},"content":{"rendered":"<h2>Cours au 1<sup>er<\/sup> cycle<\/h2>\n<ul>\n<li><a href=\"https:\/\/cours.uqac.ca\/7CMM130\">7CMM130 : Communication interculturelles et m\u00e9diatique<\/a><\/li>\n<li><a href=\"https:\/\/programmes.uqac.ca\/4SOC229\">4SOC229 : Mondialisation et soci\u00e9t\u00e9s<\/a><\/li>\n<li><a href=\"https:\/\/programmes.uqac.ca\/4SOC134\">4SOC134: Approches contemporaines en sociologie<\/a><\/li>\n<li><a href=\"https:\/\/programmes.uqac.ca\/4SOC206\">4SOC206\u00a0 : Identit\u00e9s collectives et rapports interculturels<\/a><\/li>\n<li><a href=\"https:\/\/cours.uqac.ca\/7CMM320\">7CMM320 : Activit\u00e9 de synth\u00e8se<\/a><\/li>\n<li><a href=\"https:\/\/cours.uqac.ca\/4PLU700\">4PLU700 : Lectures dirig\u00e9es en sciences humaines<\/a><\/li>\n<\/ul>\n<h2>Cours au 2<sup>e<\/sup> cycle<\/h2>\n<ul>\n<li><span style=\"line-height: 1.5\"><a href=\"https:\/\/cours.uqac.ca\/7LNG135\">7LNG135: Approches non linguistiques du langage<\/a><\/span><\/li>\n<li><a href=\"https:\/\/cours.uqac.ca\/TSO6016\">TSO6016: Coop\u00e9ration internationale et pratiques sociales<\/a><\/li>\n<\/ul>\n<h2>Activit\u00e9s de supervision<\/h2>\n<ul>\n<li>Plusieurs activit\u00e9s de supervision et de co-direction ainsi que d\u2019\u00e9valuation d\u2019\u00e9tudiant.e.s aux trois cycles d\u2019\u00e9tudes ainsi qu\u2019au postdoctorat.<\/li>\n<\/ul>\n","protected":false},"excerpt":{"rendered":"<p>Cours au 1er cycle 7CMM130 : Communication interculturelles et m\u00e9diatique 4SOC229 : Mondialisation et soci\u00e9t\u00e9s 4SOC134: Approches contemporaines en sociologie 4SOC206\u00a0 : Identit\u00e9s collectives et rapports interculturels 7CMM320 : Activit\u00e9 de synth\u00e8se 4PLU700 : Lectures dirig\u00e9es en sciences humaines Cours au 2e cycle 7LNG135: Approches non linguistiques du langage TSO6016: Coop\u00e9ration internationale et pratiques sociales &hellip; <a href=\"https:\/\/portfolio.uqac.ca\/jorgefrozzini\/enseignement\/\" class=\"more-link\">Continuer la lecture de <span class=\"screen-reader-text\">Enseignement<\/span>  <span class=\"meta-nav\">&rarr;<\/span><\/a><\/p>\n","protected":false},"author":89,"featured_media":0,"parent":0,"menu_order":0,"comment_status":"closed","ping_status":"closed","template":"","meta":{"footnotes":""},"tags":[],"_links":{"self":[{"href":"https:\/\/portfolio.uqac.ca\/jorgefrozzini\/wp-json\/wp\/v2\/pages\/18"}],"collection":[{"href":"https:\/\/portfolio.uqac.ca\/jorgefrozzini\/wp-json\/wp\/v2\/pages"}],"about":[{"href":"https:\/\/portfolio.uqac.ca\/jorgefrozzini\/wp-json\/wp\/v2\/types\/page"}],"author":[{"embeddable":true,"href":"https:\/\/portfolio.uqac.ca\/jorgefrozzini\/wp-json\/wp\/v2\/users\/89"}],"replies":[{"embeddable":true,"href":"https:\/\/portfolio.uqac.ca\/jorgefrozzini\/wp-json\/wp\/v2\/comments?post=18"}],"version-history":[{"count":15,"href":"https:\/\/portfolio.uqac.ca\/jorgefrozzini\/wp-json\/wp\/v2\/pages\/18\/revisions"}],"predecessor-version":[{"id":373,"href":"https:\/\/portfolio.uqac.ca\/jorgefrozzini\/wp-json\/wp\/v2\/pages\/18\/revisions\/373"}],"wp:attachment":[{"href":"https:\/\/portfolio.uqac.ca\/jorgefrozzini\/wp-json\/wp\/v2\/media?parent=18"}],"wp:term":[{"taxonomy":"post_tag","embeddable":true,"href":"https:\/\/portfolio.uqac.ca\/jorgefrozzini\/wp-json\/wp\/v2\/tags?post=18"}],"curies":[{"name":"wp","href":"https:\/\/api.w.org\/{rel}","templated":true}]}}