{"id":25,"date":"2018-04-11T16:06:11","date_gmt":"2018-04-11T20:06:11","guid":{"rendered":"http:\/\/portfolio-pre.uqac.ca\/gabarit\/?page_id=25"},"modified":"2025-10-06T18:49:24","modified_gmt":"2025-10-06T22:49:24","slug":"communications","status":"publish","type":"page","link":"https:\/\/portfolio.uqac.ca\/jorgefrozzini\/communications\/","title":{"rendered":"Communications"},"content":{"rendered":"<h2>Quelques-unes | S\u00e9lection<\/h2>\n<ul>\n<li><strong>3\u00a0juillet 2025. <\/strong>22<sup>nd<\/sup>\u00a0IMISCOE Annual Conference \u00ab Decentering migration studies \u00bb (Paris\u2013Aubervilliers &amp; online, France). Titre de la pr\u00e9sentation\u00a0: <em>An Intercultural Vision at a Supralocal Level of Governance\u00a0: the case of the MRC de Rouville in Qu\u00e9bec, Canada<\/em>.<\/li>\n<\/ul>\n<ul>\n<li><strong>6\u00a0mars 2025. <\/strong>Colloque \u00ab Quel avenir pour les universit\u00e9s en r\u00e9gion au Qu\u00e9bec? \u00bb organis\u00e9e par l\u2019UQAR, l\u2019UQAC, le CRIDAQ et le LIRES (L\u00e9vis, Qu\u00e9bec). Titre de la pr\u00e9sentation : <em>Les \u00e9tudiant\u00b7e\u00b7s internationaux en r\u00e9gion. Quelques \u00e9l\u00e9ments de compr\u00e9hension<\/em>.<\/li>\n<\/ul>\n<ul>\n<li><strong>21 novembre 2023<\/strong>. Pathways to Prosperity 2023 National Conference, Montreal (Canada). Roundtable. Titre de la pr\u00e9sentation: Diversity and Inclusion in Cities: An Action-Research Project. With the contribution of Bob White (UdeM), Neal Santamaria (Canadian Race Relations Foundation), Marie Angeline Descartes (Ville de Repantigny), Ir\u00e9na Florence Harris (Ville de Qu\u00e9bec) et Bochra Mana\u00ef (Ville de Montr\u00e9al) <a href=\"https:\/\/site.pheedloop.com\/event\/p2pvvp2023\/schedule\">https:\/\/site.pheedloop.com\/event\/p2pvvp2023\/schedule<\/a><\/li>\n<\/ul>\n<ul>\n<li><strong>19 juillet 2023<\/strong>. Association international de linguistique appliqu\u00e9e, AILA 2023 congress, Lyon (France), July 2023:\u00a0[SYMP05]\u00a0AILA ReN &#8211; Diversity and inclusion in teacher development and pedagogic practices in culturally different educational systems. Titre de la pr\u00e9sentation: Understanding inclusion and the social condition of im\/migrants: some lessons for the development of training programs.\u00a0<a href=\"https:\/\/aila2023.fr\/\">https:\/\/aila2023.fr\/<\/a><\/li>\n<\/ul>\n<ul>\n<li><strong>22 juin 2023<\/strong>. XIXe congr\u00e8s international de l\u2019ARIC et IIe congr\u00e8s international de l\u2019\u00c9DIQ \u00ab Parcours interculturels et migratoires complexes \u00bb \u00e0 l\u2019Universit\u00e9 Laval (Qu\u00e9bec) (en pr\u00e9sentiel). [Symposium SF13] La cohabitation \u00e0 l\u2019\u00e8re de la super-diversit\u00e9: Analyses pr\u00e9liminaires de la recherche sur les situations interculturelles. Titre de la pr\u00e9sentation\u00a0: Zones grises des interactions avec les travailleuses et travailleurs migrants temporaires au Qu\u00e9bec : situations interculturelles et prescriptions administratives. <a href=\"https:\/\/www.ediq.ulaval.ca\/congres-international\/programmation\">https:\/\/www.ediq.ulaval.ca\/congres-international\/programmation<\/a><\/li>\n<\/ul>\n<ul>\n<li><strong>19 juin 2023<\/strong>. XIXe congr\u00e8s international de l\u2019ARIC et IIe congr\u00e8s international de l\u2019\u00c9DIQ \u00ab Parcours interculturels et migratoires complexes \u00bb \u00e0 l\u2019Universit\u00e9 Laval (Qu\u00e9bec) (en pr\u00e9sentiel).\n<ul>\n<li>[Symposium SF12] L\u2019apport de la pens\u00e9e syst\u00e9mique dans le processus de compr\u00e9hension de la complexit\u00e9 interculturelle au LABRRI\u00a0: constats, t\u00e9moignages et r\u00e9sultats. Titre de la pr\u00e9sentation\u00a0: Pens\u00e9e syst\u00e9mique et plans d&#8217;action en mati\u00e8re d&#8217;immigration : le cas des programmes de financement provinciaux au Qu\u00e9bec. <a href=\"https:\/\/www.ediq.ulaval.ca\/congres-international\/programmation\">https:\/\/www.ediq.ulaval.ca\/congres-international\/programmation<\/a><\/li>\n<li>[Communications libres SA14] Les r\u00e9ponses des institutions face aux d\u00e9fis des changements dans la soci\u00e9t\u00e9 concernant la diversit\u00e9 culturelle et les nouveaux arrivants. Titre de la pr\u00e9sentation\u00a0: Les services offerts par des universit\u00e9s qu\u00e9b\u00e9coises aux \u00e9tudiants internationaux pendant le confinement li\u00e9 \u00e0 la COVID-19: exp\u00e9riences v\u00e9cues et perceptions. En collaboration avec Farrah B\u00e9rub\u00e9 (UQTR), Jessica Dub\u00e9 (IRSST), Joseph L\u00e9vy (UQAM) et Daniel C\u00f4t\u00e9 (IRSST) <a href=\"https:\/\/www.ediq.ulaval.ca\/congres-international\/programmation\">https:\/\/www.ediq.ulaval.ca\/congres-international\/programmation<\/a><\/li>\n<\/ul>\n<p><strong>\u00a0<\/strong><\/li>\n<li>\u00a0<strong>14 juin 2023<\/strong>. Forum mondial IDIVOSH 2023\u00a0: Immigration, diversit\u00e9 de la main-d\u2019\u0153uvre, pr\u00e9carit\u00e9 et situations de vuln\u00e9rabilit\u00e9 en SST, Grande Biblioth\u00e8que de Montr\u00e9al (BAnQ) (en pr\u00e9sentiel et en ligne). <strong>Session 3PM<\/strong> \u2013\u00a0Block L\u00a0: Protecting migrant workers\u00a0: How to improve the prevention schemes?. Titre de la communication\u00a0: <em>Needs and presence of temporary migrant workers in the regions of Quebec: a detailed public data analysis.<\/em> En collaboration avec Vincent Arnaud (UQAC) <a href=\"https:\/\/event.fourwaves.com\/fr\/idivosh2023\/horaire?date=2023-06-14\">https:\/\/event.fourwaves.com\/fr\/idivosh2023\/horaire?date=2023-06-14<\/a><\/li>\n<\/ul>\n<ul>\n<li><strong>4 mai 2023<\/strong>. Forum sur l\u2019int\u00e9gration, Grande Biblioth\u00e8que de Montr\u00e9al (BAnQ) (en pr\u00e9sentiel et en ligne). <strong>Panel<\/strong> \u2013\u00a0Diversit\u00e9 des exp\u00e9riences en int\u00e9gration \u00e9conomique. Titre de la communication\u00a0: <em>Populations vuln\u00e9rables et production d\u2019outils pour l\u2019accompagnement. <\/em><a href=\"https:\/\/www.forum-integration.org\/speaker\/jorge-frozzini\/\">https:\/\/www.forum-integration.org\/speaker\/jorge-frozzini\/<\/a><\/li>\n<\/ul>\n<ul>\n<li><strong>18 mai 2022<\/strong>. Congr\u00e8s annuel de de la F\u00e9d\u00e9ration des sciences humaines, <em>Transitions<\/em>, dans le cadre de la section de l\u2019Association canadienne de communication (ACC-CCA), Universit\u00e9 de Toronto (en ligne). <strong>Panel<\/strong> \u2013\u00a0Migration Research in Communication Studies: Reimagining Trans\/national Spaces through Critical Fieldwork. Titre de la communication\u00a0: <em>Building Solidarity Between (Im)migrants and the Local Population: Lessons from a Community Project in a Remote Region of Quebec. <\/em><a href=\"https:\/\/www.openconf.org\/cca2022\/modules\/request.php?module=oc_program&amp;action=summary.php&amp;id=75\">https:\/\/www.openconf.org\/cca2022\/modules\/request.php?module=oc_program&amp;action=summary.php&amp;id=75<\/a><\/li>\n<\/ul>\n<ul>\n<li><strong>12 mai 2022<\/strong>. Colloque annuel de la Maisonn\u00e9e, <em>La cit\u00e9 inclusive<\/em>, organis\u00e9 par La Maisonn\u00e9e, le LABRRI et la CRC-CITG, Montr\u00e9al. Titre de la communication : <em>Cr\u00e9er des outils pour l\u2019accompagnement<\/em><em>.<\/em> <a href=\"https:\/\/www.lamaisonnee.org\/services\/accueil-integration-et-programmes-speciaux\/cite-inclusive\/\">https:\/\/www.lamaisonnee.org\/services\/accueil-integration-et-programmes-speciaux\/cite-inclusive\/<\/a><\/li>\n<\/ul>\n<ul>\n<li><strong>11 mai 2022<\/strong>. 89<sup>e<\/sup> Congr\u00e8s de l\u2019ACFAS, <em>Engager le dialogue savoirs-soci\u00e9t\u00e9s<\/em>, organis\u00e9 par l\u2019Association francophone pour le savoir (ACFAS), Universit\u00e9 Laval. <strong>Colloque : 5<\/strong><strong>29<\/strong> \u2013 Interculturalit\u00e9 et comp\u00e9tences interculturelles en formation d\u2019adultes. Titre de la communication : <em>Les comp\u00e9tences interculturelles et la formation des employ\u00e9s municipaux\u00a0: exp\u00e9riences et enjeux<\/em><em>. <\/em>En collaboration avec Bob White (UdeM). <a href=\"https:\/\/www.acfas.ca\/evenements\/congres\/programme\/89\/500\/529\/c\">https:\/\/www.acfas.ca\/evenements\/congres\/programme\/89\/500\/529\/c<\/a><\/li>\n<\/ul>\n<ul>\n<li><strong>14 avril 2022<\/strong>. Les Midis du DALL, UQAC, Chicoutimi (Canada). Conf\u00e9rence. Titre de la communication\u00a0: <em>Populations vuln\u00e9rables et accompagnement<\/em>. <a href=\"https:\/\/www.uqac.ca\/dall\/jorge-frozzini\/\">https:\/\/www.uqac.ca\/dall\/jorge-frozzini\/<\/a><\/li>\n<\/ul>\n<ul>\n<li><strong>19 novembre 2021<\/strong>. ROC 2021 Technologies \u00e9ducatives pour l\u2019enseignement et l\u2019apprentissage organise le colloque intitul\u00e9 \u00ab Solidarit\u00e9s num\u00e9riques en \u00e9ducation : une culture en \u00e9mergence \u00bb, en ligne, T\u00c9LUQ, Montr\u00e9al (Canada). Panel-symposium : Titre de la communication : <em>D\u00e9veloppement d\u2019une formation \u00e0 distance visant \u00e0 faciliter l\u2019inclusion des \u00e9tudiants internationaux dans les universit\u00e9s du r\u00e9seau de l\u2019UQ. <\/em>En collaboration avec Marie-Jos\u00e9e Goulet (UQO), Gretta Micale Ndayimirije (UQO), Farrah B\u00e9rub\u00e9 (UQAT), Nadine Cambefort (ENAP), Andr\u00e9anne G\u00e9linas-Proulx (UQO), Jeanne-Marie Rugira (UQAR) et Clency Rennie (UQAR). <a href=\"https:\/\/colloqueroc.teluq.ca\/programme\/bloc-7a\/\">https:\/\/colloqueroc.teluq.ca\/programme\/bloc-7a\/<\/a><strong><br \/>\n<\/strong><\/li>\n<\/ul>\n<ul>\n<li><strong>27 octobre 2021<\/strong> &#8211; &#8220;<em>COVID-19 et syst\u00e8me migratoire canadien\u00a0: pr\u00e9f\u00e9rences marqu\u00e9es par la surveillance et le contr\u00f4le&#8221;. <\/em>Conf\u00e9rence organis\u00e9e<em> dans le cadre du <\/em>23<sup>e<\/sup> Congr\u00e8s international de l\u2019Association internationale pour la recherche interculturelle (ARIC)\u00a0 \u00e0 l\u2019Universit\u00e9 C\u00f4te d\u2019Azur, Nice (France). Titre du symposium : Le lien social \u00e0 travers la crise sanitaire\u00a0: mise \u00e0 distance des cultures ou nouvelle modalit\u00e9 de rencontre interculturelle ? En collaboration avec \u00c9ric Tremblay (UQAC) et \u00c9l\u00e9onore Lef\u00e8bvre (UdS).<\/li>\n<\/ul>\n<ul>\n<li>\n<p style=\"text-align: left\"><strong>11 d\u00e9cembre 2020 <\/strong>&#8211; <em>&#8220;Pr\u00e9sentation de mes travaux part\u00e9nariaux et de recherche-action sur la question de la formation et l&#8217;outillage des intervenants communautaires&#8221;<\/em><strong><em><br \/>\n<\/em><\/strong>Conf\u00e9rence organis\u00e9e par le GERACII. Titre du colloque\u00a0: Les immigrants et le march\u00e9 du travail au Qu\u00e9bec.<\/p>\n<\/li>\n<li>\n<p style=\"text-align: left\"><strong>3 d\u00e9cembre 2020 <\/strong>&#8211; <em>&#8220;La COVID-19 et ses r\u00e9percussions sur la sant\u00e9 des \u00e9tudiants internationaux: recension bibliographique&#8221;<br \/>\n<\/em>Conf\u00e9rence organis\u00e9e par le RRSPQ et Sant\u00e9Cap. Titre du colloque\u00a0: Impacts de l COVID-19 sur la recherche et\/ou les \u00e9tudes en sant\u00e9 mondiale, et sur les \u00e9tudiants internationaux. En collaboration avec Joseph Levy (UQAC), Bob White (UdeM), Anthony Gr\u00e9goire (UdeM).<\/p>\n<\/li>\n<li>\n<p style=\"text-align: left\"><strong>9 novembre 2020 <\/strong>&#8211; <em>&#8220;Quelle solidarit\u00e9 avec les travailleuses et travailleurs migrants?&#8221;<br \/>\n<\/em>Dans le cadre de la rencontre \u00ab Les Journ\u00e9es qu\u00e9b\u00e9coises de solidarit\u00e9 internationale JQSI \u00bb organis\u00e9e par l\u2019Association qu\u00e9b\u00e9coise des organisations de coop\u00e9ration internationale (AQOCI). Table ronde avec Manuel Salamanca Cardona, Amelia Orellana et Mamadou Konat\u00e9 avec l\u2019animation de Am\u00e9lie Nguyen.<\/p>\n<\/li>\n<li>\n<p style=\"text-align: left\"><strong>13 f\u00e9vrier 2020<\/strong> &#8211; <em>&#8220;Travailleurs \u00e9trangers temporaires et l&#8217;\u00c9tat canadien: technologie de contr\u00f4le et vuln\u00e9rabilit\u00e9&#8221;<br \/>\n<\/em>Conf\u00e9rence dans le cadre de la s\u00e9rie <em>les Midis de l\u2019Immigration<\/em> organis\u00e9e par les \u00e9tudiants aux cycles sup\u00e9rieurs en urbanisme de lINRS-UCS.<\/p>\n<\/li>\n<li>\n<p style=\"text-align: left\"><strong>28 novembre 2019\u00a0<\/strong>&#8211; <em>&#8220;<i>Quand le milieu s&#8217;organise pour les (im)migrants: volont\u00e9, int\u00e9r\u00eats et structures<\/i>&#8221;<br \/>\n<\/em>Cycle de conf\u00e9rences annuelle du d\u00e9partement d\u2019Anthropologie de l\u2019Universit\u00e9 de Montr\u00e9al.<\/p>\n<\/li>\n<li>\n<p style=\"text-align: left\"><strong>21 juin 2019\u00a0<\/strong>&#8211; <em>&#8220;<i>Le v\u00e9cu des \u00e9tudiants internationaux dans une r\u00e9gion \u00e9loign\u00e9e du Qu\u00e9bec (Canada)\u00a0: interactions et resocialisation, le cas de l\u2019Universit\u00e9 du Qu\u00e9bec \u00e0 Chicoutimi (UQAC)<\/i><i>. <\/i>En collaboration avec \u00c9ric Tremblay (UQAC).&#8221;<br \/>\n<\/em>17<sup>e<\/sup>Congr\u00e8s international de l\u2019ARIC, <i>Quand la recherche dialogue avec l\u2019intervention<\/i>, organis\u00e9 par l\u2019Association internationale pour la recherche interculturelle (ARIC), HETS, Gen\u00e8ve (Suisse). Panel-symposium\u00a0: 9.30\u2013\u00a0Les \u00e9tudiant.e.s internationaux dans les r\u00e9seaux universitaires : regards crois\u00e9s sur les enjeux interactionnels et les exp\u00e9riences interculturelles en contexte universitaire.<\/p>\n<\/li>\n<\/ul>\n<ul>\n<li>\n<p style=\"text-align: left\"><strong>30 mai 2019\u00a0<\/strong>&#8211; <em>&#8220;<i>Les \u00e9tudiants internationaux dans une r\u00e9gion \u00e9loign\u00e9e du Qu\u00e9bec\u00a0: quelques enjeux concernant l\u2019\u00e9tat des interactions \u00e0 l\u2019Universit\u00e9 du Qu\u00e9bec \u00e0 Chicoutimi (UQAC). <\/i>En collaboration avec \u00c9ric Tremblay (UQAC).&#8221;<br \/>\n<\/em>87<sup>e\u00a0<\/sup>Congr\u00e8s de l\u2019ACFAS, <i>Engager le dialogue savoirs-soci\u00e9t\u00e9s<\/i>, organis\u00e9 par l\u2019Association francophone pour le savoir (ACFAS), UQO. Colloque\u00a0:423 \u2013\u00a0Venir de l\u00e0-bas et \u00e9tudier ici\u00a0: quelques enjeux relatifs aux interactions, \u00e0 la s\u00e9curit\u00e9 psychosociale et \u00e0 la r\u00e9ussite des \u00e9tudiants internationaux.<\/p>\n<\/li>\n<\/ul>\n<ul>\n<li><strong>22 mai 2019\u00a0<\/strong>&#8211; <em>&#8220;Representing (Im)migrants in Qu\u00e9bec: Surveys as Technologies for Management and Control&#8221;<\/em><br \/>\n<span lang=\"EN-US\">The 16th Jerusalem Conference in Canadian Studies. Globalization and Innovation: Canada and Israel in Comparative Perspective. Organis\u00e9e par The Halbert Centre for Canadian Studies at the Hebrew University of Jerusalem and the Israel Association for Canadian Studies.<\/span><\/li>\n<\/ul>\n<ul>\n<li>\n<p style=\"text-align: left\"><strong>10 mai 2018 <\/strong> &#8211; <em>&#8220;L\u2019interculturel et le monde communautaire : quelques sp\u00e9cificit\u00e9s de la recherch\u00e9 en relations interculturelles dans le monde communautaire&#8221;<br \/>\n<\/em>86<sup>e<\/sup> Congr\u00e8s de l\u2019ACFAS, <em>C\u00e9l\u00e9brer la pens\u00e9e libre<\/em>, organis\u00e9 par l\u2019Association francophone pour le savoir (ACFAS), UQAC. Colloque\u00a0<strong>: <\/strong>432 \u2013\u00a0Quels enjeux \u00e9thiques sur les terrains de la recherche en communication internationale et interculturelle?<\/p>\n<\/li>\n<li><strong>6 avril 2018 <\/strong> &#8211; <em>&#8220;Good Will or Good Intentions Are not Enough: Receiving (Im)migrants and Structuring Policies in Quebec\u2019s Remote Regions&#8221;<\/em><br \/>\nConf\u00e9rence annuelle de l\u2019Urban Affairs Association (UAA), Sheraton Centre Toronto. Panel FR9.40.06 \u00ab\u2009Partnerships and Local Governance Networks in Immigrant Integration: Municipalities in Comparative Perspective (#2) \u00bb.<\/li>\n<\/ul>\n<ul>\n<li><strong>17 avril 2017 <\/strong>&#8211; &#8220;<em><a href=\"https:\/\/noticias.ubiobio.cl\/2017\/04\/26\/academico-la-universidad-quebec-chicoutimi-expuso-politicas-migratorias-canada\/\">Pol\u00edticas migratorias en Canad\u00e1: estructuras, condiciones laborales y precariedad<\/a>&#8221; <\/em>(Les politiques migratoires au Canada\u00a0: structures, conditions de travail et pr\u00e9carit\u00e9)<br \/>\nInvitation sp\u00e9ciale pour donner une conf\u00e9rence \u00e0 l\u2019Universit\u00e9 du B\u00edo-B\u00edo dans la ville de Chill\u00e1n au Chili. Invitation effectu\u00e9e par la facult\u00e9 d\u2019\u00c9ducation et des Humanit\u00e9s.<\/li>\n<\/ul>\n<ul>\n<li><strong>20 octobre 2016 <\/strong> &#8211; (1) &#8220;<em>Mondes parall\u00e8les ou nuage virtuel\u2009? Les dimensions du social et les limites de la participation citoyenne\/urbaine<\/em>&#8221;<br \/>\n(2) &#8220;<em>Acc\u00e8s \u00e0 l\u2019emploi et \u00e0 de bonnes conditions de travail\u00a0: la recherche comme support \u00e0 l\u2019appropriation et \u00e0 la d\u00e9lib\u00e9ration collective des enjeux pour la population immigrante&#8221; &#8211;<\/em> Pr\u00e9sentation en collaboration avec Audrey Gonin (UQAM) et Marie Pier Trudeau (Destination Travail)<br \/>\nCongr\u00e8s international sur l\u2019immigration, l\u2019int\u00e9gration et l\u2019inclusion\u00a0C4i, organis\u00e9 par le Social and Behavioral Sciences Network, HEC Montr\u00e9al. Sessions\u00a01 \u00abL\u2019approche citoyenne en contexte interculturel\u00a0: \u00e9l\u00e9ments historiques et conceptuels\u2009\u00bb et Session\u00a08\u00a0: \u00ab\u2009Lorsque la recherche favorise l\u2019exercice des droits et de la citoyennet\u00e9\u00a0: regard sur la recherche-action interculturelle\u00bb.<\/li>\n<\/ul>\n<ul>\n<li><strong>28 mai 2016<\/strong> &#8211; &#8220;<em>Droits politiques et harmonisation des relations interculturelles&#8221;.<\/em> Table ronde avec Maka Kotto (d\u00e9put\u00e9 de Bourget, PQ), Cheolki Yoon (doctorant, UQAM) et Cristina Bejenaru (CEJFI).<br \/>\n\u00ab\u2009<em>Sommet citoyen pour l\u2019exercice des droits universels et l\u2019harmonisation des relations interculturelles<\/em>\u2009\u00bb. Derni\u00e8re \u00e9tape du projet de recherche-action portant sur l\u2019animation d\u2019une \u00ab\u2009Commission citoyenne multimodale pour les droits et l\u2019harmonisation des relations interculturelles\u2009\u00bb subventionn\u00e9e par le CRSH. Au pavillon Sherbrooke, UQAM.<\/li>\n<\/ul>\n<ul>\n<li><strong>27 mai 2016<\/strong> &#8211; &#8220;<em>Vie d\u00e9mocratique, emploi et postes de d\u00e9cision\u00a0: penser le chemin de l\u2019inclusion&#8221; &#8211;<\/em> Pr\u00e9sentation en collaboration avec Audrey Gonin (UQAM)<br \/>\n\u00ab\u2009<em>Sommet citoyen pour l\u2019exercice des droits universels et l\u2019harmonisation des relations interculturelles<\/em>\u2009\u00bb. Derni\u00e8re \u00e9tape du projet de recherche-action portant sur l\u2019animation d\u2019une \u00ab\u2009Commission citoyenne multimodale pour les droits et l\u2019harmonisation des relations interculturelles\u2009\u00bb subventionn\u00e9e par le CRSH. Au pavillon Sherbrooke, UQAM.<\/li>\n<\/ul>\n<ul>\n<li><strong>12 mai 2016<\/strong> &#8211; &#8220;<em>Emploi, postes de d\u00e9cision et vie d\u00e9mocratique\u00a0: la possibilit\u00e9 de l\u2019inclusion \u00e0 travers le v\u00e9cu\u00a0et les perceptions des femmes immigrantes \u00e0 Montr\u00e9al&#8221; &#8211;<\/em> Pr\u00e9sentation en collaboration avec Malik Filah (UdeM) et Cristina Bejenaru (CEJFI)<br \/>\n84<sup>e<\/sup> Congr\u00e8s de l\u2019ACFAS, <em>Points de rencontre<\/em>, organis\u00e9 par l\u2019Association francophone pour le savoir (ACFAS), UQAM. Colloque\u00a0<strong>: <\/strong>469 &#8211;\u00a0Communication interculturelle et communication internationale\u00a0: enjeux, strat\u00e9gies, m\u00e9thodes et pratiques visant l\u2019harmonisation des relations interculturelles<\/li>\n<\/ul>\n<ul>\n<li><strong>11 mai 2016<\/strong> &#8211; &#8220;<em>R\u00e9silience ou combativit\u00e9\u2009? Pour une compr\u00e9hension de l\u2019h\u00e9t\u00e9rog\u00e9n\u00e9it\u00e9 des visions du monde lors de l\u2019implication dans la d\u00e9fense et l\u2019aide aux (im)migrants&#8221;<\/em><em>.<\/em> Pr\u00e9sentation en collaboration avec Alexandra Law (Coll\u00e8ge Dawson)<br \/>\n84<sup>e<\/sup> Congr\u00e8s de l\u2019ACFAS, <em>Points de rencontre<\/em>, organis\u00e9 par l\u2019Association francophone pour le savoir (ACFAS), UQAM. Colloque\u00a0<strong>: <\/strong>442 &#8211; L\u2019interculturel dans la cit\u00e9\u00a0: nouvelles formes d\u2019action et d\u2019appartenance<\/li>\n<\/ul>\n<ul>\n<li><strong>15 avril 2016 &#8211; <\/strong>&#8220;<em>Travailleuses et travailleurs \u00e9trangers temporaires au Qu\u00e9bec\u00a0: un aper\u00e7u<\/em>&#8221;<br \/>\nPr\u00e9sentation dans le cadre du s\u00e9minaire annuel GRIR \u00e0 l\u2019Universit\u00e9 du Qu\u00e9bec \u00e0 Chicoutimi (UQAC)<\/li>\n<\/ul>\n<ul>\n<li><strong>29 octobre 2015<\/strong> &#8211; &#8220;<em><em><a href=\"https:\/\/vimeo.com\/album\/3713470\">La question des TET dans l\u2019id\u00e9e de l\u2019\u00e9laboration d\u2019un sc\u00e9nario de l\u2019interculturel<\/a>&#8221;<br \/>\n<\/em><\/em>Table ronde avec Charles Taylor organis\u00e9e par le LABRRI\u00a0: \u00abLes sc\u00e9narios de l\u2019interculturel\u00a0: Une table ronde avec Charles Taylor\u00bb.<\/li>\n<\/ul>\n","protected":false},"excerpt":{"rendered":"<p>Quelques-unes | S\u00e9lection 3\u00a0juillet 2025. 22nd\u00a0IMISCOE Annual Conference \u00ab Decentering migration studies \u00bb (Paris\u2013Aubervilliers &amp; online, France). Titre de la pr\u00e9sentation\u00a0: An Intercultural Vision at a Supralocal Level of Governance\u00a0: the case of the MRC de Rouville in Qu\u00e9bec, Canada. 6\u00a0mars 2025. Colloque \u00ab Quel avenir pour les universit\u00e9s en r\u00e9gion au Qu\u00e9bec? \u00bb organis\u00e9e &hellip; <a href=\"https:\/\/portfolio.uqac.ca\/jorgefrozzini\/communications\/\" class=\"more-link\">Continuer la lecture de <span class=\"screen-reader-text\">Communications<\/span>  <span class=\"meta-nav\">&rarr;<\/span><\/a><\/p>\n","protected":false},"author":89,"featured_media":0,"parent":0,"menu_order":0,"comment_status":"closed","ping_status":"closed","template":"","meta":{"footnotes":""},"tags":[],"_links":{"self":[{"href":"https:\/\/portfolio.uqac.ca\/jorgefrozzini\/wp-json\/wp\/v2\/pages\/25"}],"collection":[{"href":"https:\/\/portfolio.uqac.ca\/jorgefrozzini\/wp-json\/wp\/v2\/pages"}],"about":[{"href":"https:\/\/portfolio.uqac.ca\/jorgefrozzini\/wp-json\/wp\/v2\/types\/page"}],"author":[{"embeddable":true,"href":"https:\/\/portfolio.uqac.ca\/jorgefrozzini\/wp-json\/wp\/v2\/users\/89"}],"replies":[{"embeddable":true,"href":"https:\/\/portfolio.uqac.ca\/jorgefrozzini\/wp-json\/wp\/v2\/comments?post=25"}],"version-history":[{"count":27,"href":"https:\/\/portfolio.uqac.ca\/jorgefrozzini\/wp-json\/wp\/v2\/pages\/25\/revisions"}],"predecessor-version":[{"id":420,"href":"https:\/\/portfolio.uqac.ca\/jorgefrozzini\/wp-json\/wp\/v2\/pages\/25\/revisions\/420"}],"wp:attachment":[{"href":"https:\/\/portfolio.uqac.ca\/jorgefrozzini\/wp-json\/wp\/v2\/media?parent=25"}],"wp:term":[{"taxonomy":"post_tag","embeddable":true,"href":"https:\/\/portfolio.uqac.ca\/jorgefrozzini\/wp-json\/wp\/v2\/tags?post=25"}],"curies":[{"name":"wp","href":"https:\/\/api.w.org\/{rel}","templated":true}]}}