{"id":312,"date":"2021-09-22T09:36:47","date_gmt":"2021-09-22T13:36:47","guid":{"rendered":"http:\/\/portfolio-pre.uqac.ca\/jorgefrozzini\/?page_id=312"},"modified":"2023-08-15T14:16:42","modified_gmt":"2023-08-15T18:16:42","slug":"outils","status":"publish","type":"page","link":"https:\/\/portfolio.uqac.ca\/jorgefrozzini\/outils\/","title":{"rendered":"Outils"},"content":{"rendered":"<p><a href=\"https:\/\/intercultureltechnologies.ca\/outils\">Divers outils<\/a> sont d\u00e9velopp\u00e9s dans le cadre de mes recherches avec l\u2019objectif de faciliter le travail de terrain effectu\u00e9 par les intervenants.<\/p>\n<p>Voici quelques-uns avec leurs liens vers leur emplacement :<br \/>\n\u2022\u00a0\u00a0 Les balados \u00ab <a href=\"https:\/\/soundcloud.com\/crc_citg\"><em>Technologies et communication<\/em><\/a> \u00bb : Ensemble de balados sur plusieurs th\u00e8mes \u00e0 propos de mes plus r\u00e9centes recherches.<\/p>\n<p>\u2022\u00a0\u00a0 \u00a0<a href=\"https:\/\/intercultureltechnologies.ca\/uploads\/repertoire-orgqc-v02-11-2022.pdf\">R\u00e9pertoire des ressources en (im)migration \u00e0 travers le Qu\u00e9bec<\/a> : Ensemble des ressources offertes aux personnes issues de l\u2019(im)migration \u00e0 travers l\u2019ensemble des r\u00e9gions administratives du Qu\u00e9bec en excluant la r\u00e9gion de Montr\u00e9al.<\/p>\n<p>\u2022\u00a0\u00a0 \u00a0<a href=\"https:\/\/intercultureltechnologies.ca\/carte-interactive\">Carte de la pr\u00e9sence des travailleurs migrants temporaires (TMT) au Qu\u00e9bec <\/a>: Carte permettant de visualiser la pr\u00e9sence, mais aussi diverses informations concernant les compagnies, le type d&#8217;emploi et les niveaux de comp\u00e9tences des TMT au Qu\u00e9bec .<\/p>\n<p>\u2022\u00a0\u00a0 \u00a0<a href=\"https:\/\/intercultureltechnologies.ca\/uploads\/guide-tmt-22decembre2021.pdf\">Guide pour les TMT et les intervenantes et intervenants au Qu\u00e9bec<\/a> : Guide facilitant l\u2019accompagnement des TMT avec diverses informations li\u00e9es aux programmes et \u00e0 l\u2019acc\u00e8s aux services. De plus, ce guide permet aux TMT de s&#8217;informer plus facilement et les aider \u00e0 la d\u00e9fense de leurs droits.<\/p>\n","protected":false},"excerpt":{"rendered":"<p>Divers outils sont d\u00e9velopp\u00e9s dans le cadre de mes recherches avec l\u2019objectif de faciliter le travail de terrain effectu\u00e9 par les intervenants. Voici quelques-uns avec leurs liens vers leur emplacement : \u2022\u00a0\u00a0 Les balados \u00ab Technologies et communication \u00bb : Ensemble de balados sur plusieurs th\u00e8mes \u00e0 propos de mes plus r\u00e9centes recherches. \u2022\u00a0\u00a0 \u00a0R\u00e9pertoire &hellip; <a href=\"https:\/\/portfolio.uqac.ca\/jorgefrozzini\/outils\/\" class=\"more-link\">Continuer la lecture de <span class=\"screen-reader-text\">Outils<\/span>  <span class=\"meta-nav\">&rarr;<\/span><\/a><\/p>\n","protected":false},"author":208,"featured_media":0,"parent":0,"menu_order":0,"comment_status":"closed","ping_status":"closed","template":"","meta":{"footnotes":""},"tags":[],"_links":{"self":[{"href":"https:\/\/portfolio.uqac.ca\/jorgefrozzini\/wp-json\/wp\/v2\/pages\/312"}],"collection":[{"href":"https:\/\/portfolio.uqac.ca\/jorgefrozzini\/wp-json\/wp\/v2\/pages"}],"about":[{"href":"https:\/\/portfolio.uqac.ca\/jorgefrozzini\/wp-json\/wp\/v2\/types\/page"}],"author":[{"embeddable":true,"href":"https:\/\/portfolio.uqac.ca\/jorgefrozzini\/wp-json\/wp\/v2\/users\/208"}],"replies":[{"embeddable":true,"href":"https:\/\/portfolio.uqac.ca\/jorgefrozzini\/wp-json\/wp\/v2\/comments?post=312"}],"version-history":[{"count":8,"href":"https:\/\/portfolio.uqac.ca\/jorgefrozzini\/wp-json\/wp\/v2\/pages\/312\/revisions"}],"predecessor-version":[{"id":365,"href":"https:\/\/portfolio.uqac.ca\/jorgefrozzini\/wp-json\/wp\/v2\/pages\/312\/revisions\/365"}],"wp:attachment":[{"href":"https:\/\/portfolio.uqac.ca\/jorgefrozzini\/wp-json\/wp\/v2\/media?parent=312"}],"wp:term":[{"taxonomy":"post_tag","embeddable":true,"href":"https:\/\/portfolio.uqac.ca\/jorgefrozzini\/wp-json\/wp\/v2\/tags?post=312"}],"curies":[{"name":"wp","href":"https:\/\/api.w.org\/{rel}","templated":true}]}}