{"id":4,"date":"2018-04-11T16:06:11","date_gmt":"2018-04-11T20:06:11","guid":{"rendered":"http:\/\/portfolio-pre.uqac.ca\/gabarit\/?page_id=4"},"modified":"2025-10-06T18:32:28","modified_gmt":"2025-10-06T22:32:28","slug":"presentatio","status":"publish","type":"page","link":"https:\/\/portfolio.uqac.ca\/jorgefrozzini\/","title":{"rendered":"Pr\u00e9sentation"},"content":{"rendered":"<h2>Jorge Frozzini<\/h2>\n<p>Titulaire de la <a href=\"https:\/\/intercultureltechnologies.ca\/\">Chaire de recherche du Canada en communication interculturelle et technologies de gestion en contexte pluraliste<\/a>.<br \/>\nB.A. et M.A. (UQAM), Ph. D. (Universit\u00e9 McGill)<\/p>\n<p>Ses int\u00e9r\u00eats de recherche\u00a0se situent au croisement des \u00e9tudes en communication, des \u00e9tudes migratoires, de l\u2019anthropologie du travail, des sciences politiques, des relations interculturelles et de l&#8217;\u00e9tude des technologies comme une fa\u00e7on d&#8217;\u00eatre au monde. Il est le concepteur et le cr\u00e9ateur du <a href=\"https:\/\/programmes.uqac.ca\/6515\">Baccalaur\u00e9at en communication interculturelle et m\u00e9diatique<\/a> de l\u2019UQAC et\u00a0responsable de l\u2019axe des repr\u00e9sentations sociales et m\u00e9diatiques du <a href=\"https:\/\/labrri.net\">LABRRI<\/a> tout en \u00e9tant membre de plusieurs groupes de recherche en plus d\u2019\u00eatre actif au sein du milieu municipal et communautaire et militant de d\u00e9fenses des droits des im\/migrants.<\/p>\n<p>Auteur et coauteur de plusieurs \u00e9crits acad\u00e9miques, ses nouveaux projets portent sur les politiques municipales et les services aupr\u00e8s des im\/migrants en r\u00e9gions \u00e9loign\u00e9es et p\u00e9riph\u00e9riques; les interactions pendant les parcours migratoires ; la repr\u00e9sentation des im\/migrants et de l&#8217;immigration et l&#8217;articulation entre les technologies de gestion et les dynamiques interculturelles.<\/p>\n<h2>Principales affiliations<\/h2>\n<ul>\n<li>Chercheur r\u00e9gulier,\u00a0<a href=\"https:\/\/labrri.net\">Laboratoire de recherche en relations interculturelles<\/a> (LABRRI)<\/li>\n<li>Chercheur r\u00e9gulier, <a href=\"https:\/\/sherpa-recherche.com\/fr\/\">Institut universitaire Sherpa<\/a> (Sherpa)<\/li>\n<li>Chercheur r\u00e9gulier, R\u00e9seau de recherche sur l\u2019immigration, l\u2019int\u00e9gration et les relations interculturelles au Qu\u00e9bec (RQ3i)<\/li>\n<li>Membre r\u00e9gulier,\u00a0<a href=\"https:\/\/grir.uqac.ca\/\">Groupe de recherche et d\u2019intervention r\u00e9gionales<\/a> (GRIR)<\/li>\n<li>Chercheur r\u00e9gulier, <a href=\"https:\/\/crdt.ca\/\">Centre de recherche sur le d\u00e9veloppement territorial (CRDT)<\/a><\/li>\n<li>Membre associ\u00e9, <a href=\"https:\/\/www.uqac.ca\/santedurable\/\">Centre intersectoriel en sant\u00e9 durable<\/a> (CISD)<\/li>\n<li>Membre associ\u00e9, Research Cultures in Applied Linguistics (RECAL)<\/li>\n<li>Membre associ\u00e9,\u00a0<a href=\"https:\/\/geracii.uqam.ca\">Groupe d\u2019\u00e9tudes et de recherche ax\u00e9es sur la\u00a0communication internationale et interculturelle<\/a> (GERACII)<\/li>\n<\/ul>\n<h2>Champs d\u2019int\u00e9r\u00eat<\/h2>\n<ul>\n<li>Communication et comp\u00e9tences interculturelles.<\/li>\n<li>Relations interculturelles<\/li>\n<li>Politiques publiques en im\/migration.<\/li>\n<li>Repr\u00e9sentations sociales en im\/migrantion.<\/li>\n<li>Conditions sociales (socio\u00e9conomiques et sociopolitiques) des im\/migrants, des travailleuses et travailleurs migrants et les \u00e9tudiantes et \u00e9tudiants internationaux.<\/li>\n<li>Villes interculturelles.<\/li>\n<\/ul>\n","protected":false},"excerpt":{"rendered":"<p>Jorge Frozzini Titulaire de la Chaire de recherche du Canada en communication interculturelle et technologies de gestion en contexte pluraliste. B.A. et M.A. (UQAM), Ph. D. (Universit\u00e9 McGill) Ses int\u00e9r\u00eats de recherche\u00a0se situent au croisement des \u00e9tudes en communication, des \u00e9tudes migratoires, de l\u2019anthropologie du travail, des sciences politiques, des relations interculturelles et de l&#8217;\u00e9tude &hellip; <a href=\"https:\/\/portfolio.uqac.ca\/jorgefrozzini\/\" class=\"more-link\">Continuer la lecture de <span class=\"screen-reader-text\">Pr\u00e9sentation<\/span>  <span class=\"meta-nav\">&rarr;<\/span><\/a><\/p>\n","protected":false},"author":89,"featured_media":0,"parent":0,"menu_order":0,"comment_status":"closed","ping_status":"closed","template":"","meta":{"footnotes":""},"tags":[],"_links":{"self":[{"href":"https:\/\/portfolio.uqac.ca\/jorgefrozzini\/wp-json\/wp\/v2\/pages\/4"}],"collection":[{"href":"https:\/\/portfolio.uqac.ca\/jorgefrozzini\/wp-json\/wp\/v2\/pages"}],"about":[{"href":"https:\/\/portfolio.uqac.ca\/jorgefrozzini\/wp-json\/wp\/v2\/types\/page"}],"author":[{"embeddable":true,"href":"https:\/\/portfolio.uqac.ca\/jorgefrozzini\/wp-json\/wp\/v2\/users\/89"}],"replies":[{"embeddable":true,"href":"https:\/\/portfolio.uqac.ca\/jorgefrozzini\/wp-json\/wp\/v2\/comments?post=4"}],"version-history":[{"count":34,"href":"https:\/\/portfolio.uqac.ca\/jorgefrozzini\/wp-json\/wp\/v2\/pages\/4\/revisions"}],"predecessor-version":[{"id":417,"href":"https:\/\/portfolio.uqac.ca\/jorgefrozzini\/wp-json\/wp\/v2\/pages\/4\/revisions\/417"}],"wp:attachment":[{"href":"https:\/\/portfolio.uqac.ca\/jorgefrozzini\/wp-json\/wp\/v2\/media?parent=4"}],"wp:term":[{"taxonomy":"post_tag","embeddable":true,"href":"https:\/\/portfolio.uqac.ca\/jorgefrozzini\/wp-json\/wp\/v2\/tags?post=4"}],"curies":[{"name":"wp","href":"https:\/\/api.w.org\/{rel}","templated":true}]}}