{"id":46,"date":"2018-04-11T16:06:11","date_gmt":"2018-04-11T20:06:11","guid":{"rendered":"http:\/\/portfolio-pre.uqac.ca\/gabarit\/?page_id=46"},"modified":"2025-04-28T20:36:51","modified_gmt":"2025-04-29T00:36:51","slug":"recherche","status":"publish","type":"page","link":"https:\/\/portfolio.uqac.ca\/jorgefrozzini\/recherche\/","title":{"rendered":"Recherche"},"content":{"rendered":"<h2>Projets de recherche en cours<\/h2>\n<ul>\n<li><strong>Co-chercheur (2024 &#8211; )<\/strong><br \/>\nR\u00e9seau de recherche sur l\u2019immigration, l\u2019int\u00e9gration et les relations interculturelles au Qu\u00e9bec (RQ3i, 2024-2029)<\/li>\n<li><strong>Collaborateur (2022 &#8211; )<\/strong><br \/>\n<em>Migrant Integration in the Mid-21st Century: Bridging Divides<\/em> (Canada First Research Excellence Fund, 2022-2029)<\/li>\n<li><strong>Co-chercheur (2023 &#8211; 2024)<\/strong><br \/>\n<em>Explorando la interculturalidad en la Educaci\u00f3n Superior\u00a0: perspectivas<\/em> (Universidad Aut\u00f3noma del Estado de M\u00e9xico, 2023-2024)<\/li>\n<li><strong>Co-chercheur (2019 &#8211; 2023)<\/strong><\/li>\n<li><em>Dynamiques de cohabitation \u00e0 l&#8217;\u00e8re de la &#8220;super-diversit\u00e9&#8221;<\/em>\u00a0(CRSH, d\u00e9veloppement savoir, 2019-2022)<\/li>\n<li><strong>Chercheur principal (2021 &#8211; 2022)<br \/>\n<\/strong><em>COVID-19 et \u00e9tudiants internationaux\u00a0: usages sociaux des TIC et qualit\u00e9 de vie en contexte de pand\u00e9mie<\/em> (CRSH, engagement partenarial, 2021-2022)<\/li>\n<li><strong>Chercheur principal (2021 &#8211; )<\/strong><br \/>\nPolitiques municipales et services en r\u00e9gions \u00e9loign\u00e9es et p\u00e9riph\u00e9riques\u00a0: (im)migration (2e phase) (Fonds du programme des Chaires de recherche du Canada, 2020-2025)<\/li>\n<li><strong>Chercheur principal (2020 &#8211; )<br \/>\n<\/strong>Communication interculturelle: d\u00e9finitions et contextes (Fonds du programme des Chaires de recherche du Canada, 2020-2025)<\/li>\n<li><strong>Co-chercheur (2021 &#8211; 2024)<\/strong><br \/>\nCr\u00e9ation d\u2019une formation \u00e0 distance facilitant l\u2019accueil et l\u2019inclusion des \u00e9tudiants internationaux (FODED, subvention de d\u00e9veloppement de l&#8217;enseignement \u00e0 distance, 2021-2022)<\/li>\n<li><strong>Responsable (2020 &#8211; 2021)<\/strong><br \/>\n<i>Cuisines collectives interculturelles\u00a0: rapprochement et action collective<\/i> (MIFI, Programme Mobilisation-Diversit\u00e9, 2020-2021)<\/li>\n<li><strong>Chercheur principal (2019 &#8211; 2022)<\/strong><br \/>\n<i>Accompagner les (im)migrants et les intervenants\u00a0: \u00e9l\u00e9ments de compr\u00e9hension et d\u2019intervention pour les groupes communautaires qu\u00e9b\u00e9cois<\/i> (MES,\u00a0<i>Fonds des services aux collectivit\u00e9s<\/i>, 2019 &#8211; 2021)<\/li>\n<\/ul>\n<hr \/>\n<h2>Subventions obtenues<\/h2>\n<ul>\n<li><strong>Co-chercheur (2024 &#8211; 2029)<\/strong><br \/>\nR\u00e9seau de recherche sur l\u2019immigration, l\u2019int\u00e9gration et les relations interculturelles au Qu\u00e9bec (FRQ-MIFI, 1\u2009249\u2009215\u00a0$)<\/li>\n<li><strong>Collaborateur (2022 &#8211; 2029)<\/strong><br \/>\n<em>Migrant Integration in the Mid-21st Century: Bridging Divides<\/em> (Canada First Research Excellence Fund, 98 643 938 $)<\/li>\n<li><strong>Co-chercheur (2023 &#8211; 2024)<\/strong><br \/>\n<em>Explorando la interculturalidad en la Educaci\u00f3n Superior\u00a0: perspectivas<\/em> (Universidad Aut\u00f3noma del Estado de M\u00e9xico, 30 000$)<\/li>\n<li><strong>Chercheur principal (2021 &#8211; 2022)<br \/>\n<\/strong><em>COVID-19 et \u00e9tudiants internationaux\u00a0: usages sociaux des TIC et qualit\u00e9 de vie en contexte de pand\u00e9mie<\/em> (CRSH, engagement partenarial, 24 795$)<\/li>\n<li><strong>Co-chercheur (2021 &#8211; 2022)<br \/>\n<\/strong><em>Cr\u00e9ation d\u2019une formation \u00e0 distance facilitant l\u2019accueil et l\u2019inclusion des \u00e9tudiants internationaux<\/em> (FODED, subvention de d\u00e9veloppement de l&#8217;enseignement \u00e0 distance, 50 000$)<\/li>\n<li><strong>Responsable\u00a0(2020 &#8211; 2021)<\/strong><br \/>\n<i>Cuisines collectives interculturelles\u00a0: rapprochement et action collective<\/i> (MIFI, Programme Mobilisation-Diversit\u00e9, 62 752$)<\/li>\n<li><strong>Chercheur principal (2019 &#8211; 2021)<\/strong><br \/>\n<i>Accompagner les (im)migrants et les intervenants\u00a0: \u00e9l\u00e9ments de compr\u00e9hension et d\u2019intervention pour les groupes communautaires qu\u00e9b\u00e9cois<\/i> (MES,\u00a0<i>Fonds des services aux collectivit\u00e9s<\/i>, 99 985\u00a0$)<\/li>\n<li><strong>Co-chercheur (2019 &#8211; 2023)<\/strong><br \/>\n<em>Dynamiques de cohabitation \u00e0 l&#8217;\u00e8re de la &#8220;super-diversit\u00e9&#8221;<\/em>\u00a0(CRSH, d\u00e9veloppement savoir, 255 000$)<\/li>\n<li><strong>Co-chercheur (2018 &#8211; 2019)<\/strong><br \/>\n<em>Accompagner les \u00e9tudiants internationaux dans les universit\u00e9s qu\u00e9b\u00e9coises<\/em> (FODAR, subvention de d\u00e9veloppement institutionnel, 15 000$)<\/li>\n<li><strong>Co-chercheur (2017 &#8211; 2020)<\/strong><br \/>\n<em>Cohabitation citoyenne et nouvelles formes d&#8217;appartenance<\/em> (Fonds de d\u00e9veloppement du CRSH &#8211; subvention d&#8217;\u00e9quipe de recherche, 198 250 $)<\/li>\n<li><strong>Responsable du projet (2017)<\/strong><br \/>\nProjet de consultation pour le MIDI et la CDPDJ aupr\u00e8s des personnes victimes de la discrimination syst\u00e9mique et le racisme au Saguenay-Lac-Saint-Jean en collaboration avec quatre organismes communautaires de la r\u00e9gion (MIDI, 10\u2009000\u00a0$)<\/li>\n<li><strong>R\u00e9pondant principal (2013 &#8211; 2014)<\/strong><br \/>\n<em>\u00ab\u2009Ateliers pour une meilleure d\u00e9fense des travailleurs d\u2019agences de placement temporaire\u2009\u00bb <\/em>(Secr\u00e9tariat \u00e0 l\u2019action communautaire autonome et aux initiatives sociales &#8211; Emploi et solidarit\u00e9 sociale &#8211; Programme de soutien aux initiatives sociales et communautaires, volet<em> Action communautaire et action b\u00e9n\u00e9vole<\/em>, Qu\u00e9bec, 35\u2009000\u00a0$)<\/li>\n<li><strong>Collaborateur (2012 &#8211; 2015)<\/strong><br \/>\n<em>Vers une ville interculturelle\u00a0: Probl\u00e9matiques, pratiques, et expertises<\/em> (CRSH, subvention d\u2019\u00e9quipe de recherche, 200\u2009000\u00a0$)<\/li>\n<li><strong>Co-chercheur (2012 &#8211; 2015)<\/strong><br \/>\n<em>Commission citoyenne sur les droits et l\u2019harmonisation des relations interculturelles<\/em> (CRSH, subvention d\u2019\u00e9quipe de recherche, 174 650\u00a0$)<\/li>\n<\/ul>\n","protected":false},"excerpt":{"rendered":"<p>Projets de recherche en cours Co-chercheur (2024 &#8211; ) R\u00e9seau de recherche sur l\u2019immigration, l\u2019int\u00e9gration et les relations interculturelles au Qu\u00e9bec (RQ3i, 2024-2029) Collaborateur (2022 &#8211; ) Migrant Integration in the Mid-21st Century: Bridging Divides (Canada First Research Excellence Fund, 2022-2029) Co-chercheur (2023 &#8211; 2024) Explorando la interculturalidad en la Educaci\u00f3n Superior\u00a0: perspectivas (Universidad Aut\u00f3noma &hellip; <a href=\"https:\/\/portfolio.uqac.ca\/jorgefrozzini\/recherche\/\" class=\"more-link\">Continuer la lecture de <span class=\"screen-reader-text\">Recherche<\/span>  <span class=\"meta-nav\">&rarr;<\/span><\/a><\/p>\n","protected":false},"author":89,"featured_media":0,"parent":0,"menu_order":0,"comment_status":"closed","ping_status":"closed","template":"","meta":{"footnotes":""},"tags":[],"_links":{"self":[{"href":"https:\/\/portfolio.uqac.ca\/jorgefrozzini\/wp-json\/wp\/v2\/pages\/46"}],"collection":[{"href":"https:\/\/portfolio.uqac.ca\/jorgefrozzini\/wp-json\/wp\/v2\/pages"}],"about":[{"href":"https:\/\/portfolio.uqac.ca\/jorgefrozzini\/wp-json\/wp\/v2\/types\/page"}],"author":[{"embeddable":true,"href":"https:\/\/portfolio.uqac.ca\/jorgefrozzini\/wp-json\/wp\/v2\/users\/89"}],"replies":[{"embeddable":true,"href":"https:\/\/portfolio.uqac.ca\/jorgefrozzini\/wp-json\/wp\/v2\/comments?post=46"}],"version-history":[{"count":17,"href":"https:\/\/portfolio.uqac.ca\/jorgefrozzini\/wp-json\/wp\/v2\/pages\/46\/revisions"}],"predecessor-version":[{"id":408,"href":"https:\/\/portfolio.uqac.ca\/jorgefrozzini\/wp-json\/wp\/v2\/pages\/46\/revisions\/408"}],"wp:attachment":[{"href":"https:\/\/portfolio.uqac.ca\/jorgefrozzini\/wp-json\/wp\/v2\/media?parent=46"}],"wp:term":[{"taxonomy":"post_tag","embeddable":true,"href":"https:\/\/portfolio.uqac.ca\/jorgefrozzini\/wp-json\/wp\/v2\/tags?post=46"}],"curies":[{"name":"wp","href":"https:\/\/api.w.org\/{rel}","templated":true}]}}