{"id":18,"date":"2019-01-29T09:33:05","date_gmt":"2019-01-29T14:33:05","guid":{"rendered":"http:\/\/portfolio-pre.uqac.ca\/gabarit\/?page_id=18"},"modified":"2019-09-23T09:49:09","modified_gmt":"2019-09-23T13:49:09","slug":"enseignement","status":"publish","type":"page","link":"https:\/\/portfolio.uqac.ca\/juliebouchard\/enseignement\/","title":{"rendered":"Enseignement"},"content":{"rendered":"<p>Au <a href=\"https:\/\/www.uqac.ca\/programme\/7092-baccalaureat-en-psychologie\/\">baccalaur\u00e9at psychologie<\/a><\/p>\n<ul>\n<li><span style=\"line-height: 1.5;\"><a href=\"https:\/\/cours.uqac.ca\/SPSY330\">SPSY330 : <\/a>Projet individuel en psychologie I<\/span><\/li>\n<li><a href=\"https:\/\/cours.uqac.ca\/SPSY259\">SPSY259 : <\/a>R\u00e9daction et diffusion scientifique<\/li>\n<li><a href=\"https:\/\/cours.uqac.ca\/SPSY253\">SPSY253 : <\/a>M\u00e9thodes de recherche en psychologie II<\/li>\n<li><a href=\"https:\/\/cours.uqac.ca\/SPSY257\">SPSY257 : <\/a>Activit\u00e9s de recherche en psychologie<\/li>\n<\/ul>\n<p>Au\u00a0 <a href=\"https:\/\/www.uqac.ca\/programme\/1747\/\">doctorat en psychologie<\/a><\/p>\n<ul>\n<li><a href=\"https:\/\/cours.uqac.ca\/sdps711\">SDPS711 :<\/a> \u00c9thique professionnelle et probl\u00e8mes l\u00e9gaux<\/li>\n<li><span style=\"line-height: 1.5;\"><a href=\"https:\/\/cours.uqac.ca\/SDPS916\">SDPS916 : <\/a>Communication professionnelle et scientifique<\/span><\/li>\n<li><a href=\"https:\/\/cours.uqac.ca\/SPSY259\">SDPN800 : <\/a>Stage d&#8217;observation en neuropsychologie<\/li>\n<li><a href=\"https:\/\/cours.uqac.ca\/SDPN803\">SDPN803 : <\/a>Stage 2A: Neuropsychologie<\/li>\n<li><a href=\"https:\/\/cours.uqac.ca\/SDPN804\">SDPN804 : <\/a>Stage 2B: Neuropsychologie<\/li>\n<\/ul>\n","protected":false},"excerpt":{"rendered":"<p>Au baccalaur\u00e9at psychologie SPSY330 : Projet individuel en psychologie I SPSY259 : R\u00e9daction et diffusion scientifique SPSY253 : M\u00e9thodes de recherche en psychologie II SPSY257 : Activit\u00e9s de recherche en psychologie Au\u00a0 doctorat en psychologie SDPS711 : \u00c9thique professionnelle et probl\u00e8mes l\u00e9gaux SDPS916 : Communication professionnelle et scientifique SDPN800 : Stage d&#8217;observation en neuropsychologie SDPN803 &hellip; <a href=\"https:\/\/portfolio.uqac.ca\/juliebouchard\/enseignement\/\" class=\"more-link\">Continuer la lecture de <span class=\"screen-reader-text\">Enseignement<\/span>  <span class=\"meta-nav\">&rarr;<\/span><\/a><\/p>\n","protected":false},"author":89,"featured_media":0,"parent":0,"menu_order":0,"comment_status":"closed","ping_status":"closed","template":"","meta":{"footnotes":""},"tags":[],"_links":{"self":[{"href":"https:\/\/portfolio.uqac.ca\/juliebouchard\/wp-json\/wp\/v2\/pages\/18"}],"collection":[{"href":"https:\/\/portfolio.uqac.ca\/juliebouchard\/wp-json\/wp\/v2\/pages"}],"about":[{"href":"https:\/\/portfolio.uqac.ca\/juliebouchard\/wp-json\/wp\/v2\/types\/page"}],"author":[{"embeddable":true,"href":"https:\/\/portfolio.uqac.ca\/juliebouchard\/wp-json\/wp\/v2\/users\/89"}],"replies":[{"embeddable":true,"href":"https:\/\/portfolio.uqac.ca\/juliebouchard\/wp-json\/wp\/v2\/comments?post=18"}],"version-history":[{"count":8,"href":"https:\/\/portfolio.uqac.ca\/juliebouchard\/wp-json\/wp\/v2\/pages\/18\/revisions"}],"predecessor-version":[{"id":225,"href":"https:\/\/portfolio.uqac.ca\/juliebouchard\/wp-json\/wp\/v2\/pages\/18\/revisions\/225"}],"wp:attachment":[{"href":"https:\/\/portfolio.uqac.ca\/juliebouchard\/wp-json\/wp\/v2\/media?parent=18"}],"wp:term":[{"taxonomy":"post_tag","embeddable":true,"href":"https:\/\/portfolio.uqac.ca\/juliebouchard\/wp-json\/wp\/v2\/tags?post=18"}],"curies":[{"name":"wp","href":"https:\/\/api.w.org\/{rel}","templated":true}]}}