{"id":27,"date":"2019-01-29T09:33:05","date_gmt":"2019-01-29T14:33:05","guid":{"rendered":"http:\/\/portfolio-pre.uqac.ca\/gabarit\/?page_id=27"},"modified":"2019-09-23T10:01:01","modified_gmt":"2019-09-23T14:01:01","slug":"curriculum-vitae","status":"publish","type":"page","link":"https:\/\/portfolio.uqac.ca\/juliebouchard\/curriculum-vitae\/","title":{"rendered":"Exp\u00e9rience"},"content":{"rendered":"<h2><strong>Dipl\u00f4mes<\/strong><\/h2>\n<p>Doctorat en psychologie (PhD.) &#8211; Universit\u00e9 du Qu\u00e9bec \u00e0 Montr\u00e9al (2006)<\/p>\n<p><span class=\"person_name\">Bouchard, Julie<\/span> (2006). <a href=\"https:\/\/archipel.uqam.ca\/9997\/\">\u00ab Tentative de falsification de l&#8217;id\u00e9e de double dissociation des sp\u00e9cialisations h\u00e9misph\u00e9riques magnocellulaire et parvocellulaire chez l&#8217;humain normal : une investigation avec potentiels \u00e9voqu\u00e9s \u00bb<\/a> Th\u00e8se. Montr\u00e9al (Qu\u00e9bec, Canada), Universit\u00e9 du Qu\u00e9bec \u00e0 Montr\u00e9al, Doctorat en psychologie.<\/p>\n<p>Ma\u00eetrise en psychologie (M.A Psychologie -sans m\u00e9moire) &#8211; Universit\u00e9 du Qu\u00e9bec \u00e0 Montr\u00e9al (2003)<\/p>\n<p>Baccalaur\u00e9at en psychologie (B. Sciences.) &#8211; Universit\u00e9 McGill (1993)<\/p>\n<h2><strong>Titres de comp\u00e9tences<br \/>\n<\/strong><\/h2>\n<p>Attestation de neuropsychologue, Ordre des psychologues du Qu\u00e9bec (2003)<br \/>\nAttestation pour r\u00e9aliser des actes r\u00e9serv\u00e9s en neuropsychologie<\/p>\n<p>Psychologue clinicienne, Ordre des psychologues du Qu\u00e9bec (2003)<\/p>\n<h2><strong>Activit\u00e9s professionnelles \/ implications<\/strong><\/h2>\n<p>Pr\u00e9sidente du Comit\u00e9 d&#8217;auto\u00e9valuation p\u00e9riodique du programme de doctorat en psychologie, Universit\u00e9 du Qu\u00e9bec \u00e0 Chicoutimi (2015 &#8211; )<\/p>\n<p>Pr\u00e9sidente du Comit\u00e9 de programme du doctorat en psychologie, Universit\u00e9 du Qu\u00e9bec \u00e0 Chicoutimi (2015 &#8211; )<\/p>\n<p>Membre du Conseil d&#8217;administration de la Soci\u00e9t\u00e9 Alzheimer de la Sagamie, Soci\u00e9t\u00e9 Alzheimer de la Sagamie (2013 &#8211; )<\/p>\n<p>Membre du Comit\u00e9 d&#8217;\u00e9valuation scientifique du CSSS de Chicoutimi, CSSS Chicoutimi (2009 &#8211; )<\/p>\n<p>Comit\u00e9 organisateur de la Journ\u00e9e p\u00e9dopsychiatrique r\u00e9gionale (2009 &#8211; )<\/p>\n<p>Pr\u00e9sidente du Comit\u00e9 des entrevues de doctorat en psychologie UQAC, Universit\u00e9 du Qu\u00e9bec \u00e0 Chicoutimi (2008 &#8211; )<\/p>\n","protected":false},"excerpt":{"rendered":"<p>Dipl\u00f4mes Doctorat en psychologie (PhD.) &#8211; Universit\u00e9 du Qu\u00e9bec \u00e0 Montr\u00e9al (2006) Bouchard, Julie (2006). \u00ab Tentative de falsification de l&#8217;id\u00e9e de double dissociation des sp\u00e9cialisations h\u00e9misph\u00e9riques magnocellulaire et parvocellulaire chez l&#8217;humain normal : une investigation avec potentiels \u00e9voqu\u00e9s \u00bb Th\u00e8se. Montr\u00e9al (Qu\u00e9bec, Canada), Universit\u00e9 du Qu\u00e9bec \u00e0 Montr\u00e9al, Doctorat en psychologie. Ma\u00eetrise en psychologie &hellip; <a href=\"https:\/\/portfolio.uqac.ca\/juliebouchard\/curriculum-vitae\/\" class=\"more-link\">Continuer la lecture de <span class=\"screen-reader-text\">Exp\u00e9rience<\/span>  <span class=\"meta-nav\">&rarr;<\/span><\/a><\/p>\n","protected":false},"author":89,"featured_media":0,"parent":0,"menu_order":0,"comment_status":"closed","ping_status":"closed","template":"","meta":{"footnotes":""},"tags":[],"_links":{"self":[{"href":"https:\/\/portfolio.uqac.ca\/juliebouchard\/wp-json\/wp\/v2\/pages\/27"}],"collection":[{"href":"https:\/\/portfolio.uqac.ca\/juliebouchard\/wp-json\/wp\/v2\/pages"}],"about":[{"href":"https:\/\/portfolio.uqac.ca\/juliebouchard\/wp-json\/wp\/v2\/types\/page"}],"author":[{"embeddable":true,"href":"https:\/\/portfolio.uqac.ca\/juliebouchard\/wp-json\/wp\/v2\/users\/89"}],"replies":[{"embeddable":true,"href":"https:\/\/portfolio.uqac.ca\/juliebouchard\/wp-json\/wp\/v2\/comments?post=27"}],"version-history":[{"count":13,"href":"https:\/\/portfolio.uqac.ca\/juliebouchard\/wp-json\/wp\/v2\/pages\/27\/revisions"}],"predecessor-version":[{"id":234,"href":"https:\/\/portfolio.uqac.ca\/juliebouchard\/wp-json\/wp\/v2\/pages\/27\/revisions\/234"}],"wp:attachment":[{"href":"https:\/\/portfolio.uqac.ca\/juliebouchard\/wp-json\/wp\/v2\/media?parent=27"}],"wp:term":[{"taxonomy":"post_tag","embeddable":true,"href":"https:\/\/portfolio.uqac.ca\/juliebouchard\/wp-json\/wp\/v2\/tags?post=27"}],"curies":[{"name":"wp","href":"https:\/\/api.w.org\/{rel}","templated":true}]}}