{"id":4,"date":"2019-01-29T09:33:05","date_gmt":"2019-01-29T14:33:05","guid":{"rendered":"http:\/\/portfolio-pre.uqac.ca\/gabarit\/?page_id=4"},"modified":"2022-10-14T18:36:43","modified_gmt":"2022-10-14T22:36:43","slug":"presentatio","status":"publish","type":"page","link":"https:\/\/portfolio.uqac.ca\/juliebouchard\/","title":{"rendered":"Pr\u00e9sentation"},"content":{"rendered":"<p>Je suis professeure r\u00e9guli\u00e8re \u00e0 l&#8217;UQAC depuis 2011 et directrice du D\u00e9partement des sciences de la sant\u00e9\u00a0<a href=\"https:\/\/www.uqac.ca\/programme\/1747-doctorat-en-psychologie-neuropsychologie\/\">\u00a0<\/a>depuis 2022. J&#8217;enseigne principalement les cours de recherche et de neuropsychologie clinique au baccalaur\u00e9at et au doctorat.<\/p>\n<p>C\u2019est en 2006 que j\u2019ai obtenu mon Ph.D. en psychologie de l\u2019Universit\u00e9 du Qu\u00e9bec \u00e0 Montr\u00e9al. Je suis membre de l\u2019Ordre des psychologues et j\u2019ai obtenu mon attestation de neuropsychologue afin de r\u00e9aliser les actes r\u00e9serv\u00e9s en neuropsychologie en 2003. Par la suite, j\u2019ai pratiqu\u00e9 en tant que neuropsychologue en enfance et dans un centre de r\u00e9adaptation en d\u00e9ficience physique en traumatologie.\u00a0 Depuis 2007, je pratique la neuropsychologie en clinique priv\u00e9e. Mes exp\u00e9riences cliniques m&#8217;am\u00e8nent aujourd&#8217;hui \u00e0 effectuer de nombreuses supervisions aupr\u00e8s des \u00e9tudiants au doctorat en neuropsychologie \u00e0 la clinique universitaire de l&#8217;UQAC.<\/p>\n<p>En ce qui concerne mon programme de recherche, il est vari\u00e9. Actuellement, mes projets\u00a0 s\u2019int\u00e9ressent principalement aux effets de la musique sur les fonctions cognitives chez les personnes atteintes de dyslexie et d\u2019un trouble d\u00e9ficitaire de l\u2019attention, aux robots d\u2019assistance sociale chez la personne \u00e2g\u00e9e en d\u00e9clin cognitif et aux diff\u00e9rentes pathologies c\u00e9r\u00e9brales telles les troubles neurocognitifs (Alzheimer) et l\u2019Ataxie r\u00e9cessive spastique de Charlevoix-Saguenay. Je travaille avec des client\u00e8les infantiles, adolescentes, \u00e9tudiantes, adultes ainsi que les personnes \u00e2g\u00e9es, avec ou sans trouble neuropsychologique. Mes projets de recherche se retrouvent souvent en contexte d\u2019interdisciplinarit\u00e9. En effet, je collabore beaucoup avec des professeurs des autres d\u00e9partements, par exemple en kin\u00e9siologie, en physioth\u00e9rapie ou en informatique. Cette approche am\u00e8ne une compl\u00e9mentarit\u00e9 des expertises de chacun, ce qui est b\u00e9n\u00e9fique pour l\u2019\u00e9laboration de projets de recherche rigoureux et efficaces.<\/p>\n<h2>Champs d&#8217;int\u00e9r\u00eat<\/h2>\n<ul>\n<li>Atteintes cognitives<\/li>\n<li>Maladie d&#8217;Alzheimer<\/li>\n<li>Maladies neuromusculaires<\/li>\n<li>Maladies neurologiques<\/li>\n<li>D\u00e9mences<\/li>\n<li>Aspects sociaux du vieillissement<\/li>\n<li>R\u00e9int\u00e9gration socio-occupationnelle<\/li>\n<li>Conditions d&#8217;adaptation et d&#8217;insertion<\/li>\n<li>Capteurs et dispositifs<\/li>\n<\/ul>\n","protected":false},"excerpt":{"rendered":"<p>Je suis professeure r\u00e9guli\u00e8re \u00e0 l&#8217;UQAC depuis 2011 et directrice du D\u00e9partement des sciences de la sant\u00e9\u00a0\u00a0depuis 2022. J&#8217;enseigne principalement les cours de recherche et de neuropsychologie clinique au baccalaur\u00e9at et au doctorat. C\u2019est en 2006 que j\u2019ai obtenu mon Ph.D. en psychologie de l\u2019Universit\u00e9 du Qu\u00e9bec \u00e0 Montr\u00e9al. Je suis membre de l\u2019Ordre des &hellip; <a href=\"https:\/\/portfolio.uqac.ca\/juliebouchard\/\" class=\"more-link\">Continuer la lecture de <span class=\"screen-reader-text\">Pr\u00e9sentation<\/span>  <span class=\"meta-nav\">&rarr;<\/span><\/a><\/p>\n","protected":false},"author":89,"featured_media":0,"parent":0,"menu_order":0,"comment_status":"closed","ping_status":"closed","template":"","meta":{"footnotes":""},"tags":[],"_links":{"self":[{"href":"https:\/\/portfolio.uqac.ca\/juliebouchard\/wp-json\/wp\/v2\/pages\/4"}],"collection":[{"href":"https:\/\/portfolio.uqac.ca\/juliebouchard\/wp-json\/wp\/v2\/pages"}],"about":[{"href":"https:\/\/portfolio.uqac.ca\/juliebouchard\/wp-json\/wp\/v2\/types\/page"}],"author":[{"embeddable":true,"href":"https:\/\/portfolio.uqac.ca\/juliebouchard\/wp-json\/wp\/v2\/users\/89"}],"replies":[{"embeddable":true,"href":"https:\/\/portfolio.uqac.ca\/juliebouchard\/wp-json\/wp\/v2\/comments?post=4"}],"version-history":[{"count":26,"href":"https:\/\/portfolio.uqac.ca\/juliebouchard\/wp-json\/wp\/v2\/pages\/4\/revisions"}],"predecessor-version":[{"id":241,"href":"https:\/\/portfolio.uqac.ca\/juliebouchard\/wp-json\/wp\/v2\/pages\/4\/revisions\/241"}],"wp:attachment":[{"href":"https:\/\/portfolio.uqac.ca\/juliebouchard\/wp-json\/wp\/v2\/media?parent=4"}],"wp:term":[{"taxonomy":"post_tag","embeddable":true,"href":"https:\/\/portfolio.uqac.ca\/juliebouchard\/wp-json\/wp\/v2\/tags?post=4"}],"curies":[{"name":"wp","href":"https:\/\/api.w.org\/{rel}","templated":true}]}}