{"id":167,"date":"2024-06-26T13:18:48","date_gmt":"2024-06-26T17:18:48","guid":{"rendered":"http:\/\/portfolio-pre.uqac.ca\/gabarit\/?page_id=167"},"modified":"2025-12-03T08:18:20","modified_gmt":"2025-12-03T13:18:20","slug":"autres-publications","status":"publish","type":"page","link":"https:\/\/portfolio.uqac.ca\/juliefortin\/autres-publications\/","title":{"rendered":"Publications et communications"},"content":{"rendered":"<p>Pelletier L, Fortin J, Guay C, Dubuc M, Riffon O, Breton \u00c9. (2025, septembre). <em>Un jardin communautaire pour favoriser le r\u00e9tablissement en sant\u00e9 mentale<\/em>. Congr\u00e8s conjoint r\u00e9seaux AIRS-CARES-PR\u00c9CRISA. Saguenay, Canada.<\/p>\n<p>Rancourt-Tremblay, Z., Parent, V., Lagueux, F., Langelier, M.-\u00c8., Therriault, D., Fortin, J., Di Gusto, A., G\u00e9mu, S.\u00a0 &amp; Gauthier, M.\u00a0 (2025, Juillet). <em>Harnessing nature to support youth\u00a0mental health and school adaptation<\/em>. 46e congr\u00e8s de l&#8217;International School Psychology Association, Coimbra, Portugal.<\/p>\n<p>Bourdages, L., Therriault, D. &amp; Fortin, J.\u00a0 (2025, Juin). <em>Les effets de l&#8217;intervention par la nature et l&#8217;aventure (INA) sur la sant\u00e9 mentale: Perspectives des personnes adolescentes du programme Horizon. <\/em>Colloque Le R\u00c9SEAU\u00a0pour un d\u00e9veloppement psychosocial\u00a0par le sport et le plein-air, Trois-Rivi\u00e8res.<em>\u00a0<\/em><\/p>\n<p>Th\u00e9berge, R., Boivin, S. &amp; Fortin, J.\u00a0 (2025, Juin). <em>Impact des valeurs sur les comportements en contexte d\u2019exp\u00e9dition<\/em>. Colloque Le R\u00c9SEAU\u00a0pour un d\u00e9veloppement psychosocial\u00a0par le sport et le plein-air, Trois-Rivi\u00e8res.<\/p>\n<p>Langelier, M.-\u00c8., Fortin, J., Gauthier-Boudreau, J., Larouche, A., Mercure, C., Bergeron-Leclerc, C., Simard, S., Cherblanc, J., Brault, M.-C., Laprise, C., &amp; Pulido, L. (2025). <em data-start=\"236\" data-end=\"309\">The impact of nature-based learning on student health: A scoping review<\/em>. <em data-start=\"311\" data-end=\"359\">Journal of Outdoor and Environmental Education<\/em>, 1\u201352.<\/p>\n<p>Fortin, J. (2019).\u00a0<a href=\"https:\/\/constellation.uqac.ca\/5104\/\"><em>\u00c9tude de l\u2019impact d\u2019une exp\u00e9dition th\u00e9rapeutique sur la qualit\u00e9 de vie li\u00e9e \u00e0 la sant\u00e9 d\u2019adolescents et adolescentes atteints(es) d\u2019un cancer<\/em>.<\/a>\u00a0Essai doctoral, Universit\u00e9 du Qu\u00e9bec \u00e0 Chicoutimi.<\/p>\n<p>Fortin, J., Paquette, L., &amp; Bilodeau, M. (2018). \u00c9tude de l<em>\u2019impact d\u2019une expe\u0301dition the\u0301rapeutique sur la qualite\u0301 de vie lie\u0301e a\u0300 la sante\u0301 d\u2019adolescents et d\u2019adolescentes atteints(es) d\u2019un cancer<\/em>. 1er symposium international francophone de recherche du le plein air, Saguenay.<\/p>\n<p>Fortin, J., Paquette, L., &amp; Bilodeau, M. (2018).\u00a0<em>\u00c9tude de l\u2019impact d\u2019une expe\u0301dition the\u0301rapeutique sur la qualite\u0301 de vie lie\u0301e a\u0300 la sante\u0301 d\u2019adolescents et d\u2019adolescentes atteints(es) d\u2019un cancer<\/em>. 86\u00e8me Congre\u0300s annuel de l&#8217;ACFAS, Saguenay.<\/p>\n<p>Paquette, L., Fortin, J., Cre\u0302te, A., Maltais, D., &amp; Brassard, A. (2017).\u00a0<em>Effect of an outdoor developmental adventure program on the psychosocial adjustment of adolescents journeying with cancer<\/em>. 45nd Annual International AEE Conference, Montre\u0301al.<\/p>\n<p>Paquette, L., Fortin, J., &amp; Cr\u00eate, A. (2016).\u00a0<a href=\"https:\/\/constellation.uqac.ca\/id\/eprint\/3952\/1\/rapport_recherche_Paquette_Fortin_Crete_FSPDP_2016.pdf\"><em>Impact de la participation \u00e0 une exp\u00e9dition th\u00e9rapeutique sur l\u2019ajustement psychosocial et la qualit\u00e9 de vie li\u00e9e \u00e0 la sant\u00e9 d\u2019adolescents atteints de cancer<\/em><\/a>. Rapport de recherche d\u00e9pos\u00e9 \u00e0 la Fondation sur la pointe des pieds. 186 pages.<\/p>\n<p>Fortin, J. &amp; Paquette L. (2015).\u00a0<em>L\u2019impact de l\u2019exp\u00e9dition th\u00e9rapeutique sur la qualit\u00e9 de la relation avec les parents et les pairs chez les adolescents atteints de cancer<\/em>. 37i\u00e8me Congr\u00e8s annuel de la Soci\u00e9t\u00e9 qu\u00e9b\u00e9coise de recherche en psychologie, Gatineau.<\/p>\n<p>Fortin, J. (2013). Recherche et sauvetage, une nouvelle \u00e9tape r\u00e9alis\u00e9e pour le projet FORS.\u00a0<em>Interaction<\/em>,\u00a0<em>4<\/em>(2).<\/p>\n<p>Fortin, J. (2013).\u00a0<a href=\"https:\/\/uqactualite.uqac.ca\/succes-pour-le-premier-exercice-en-recherche-et-sauvetage-du-projet-fors\/\">Succ\u00e8s pour le premier exercice en recherche et sauvetage du projet FORS<\/a>.\u00a0<em>Uqactualit\u00e9<\/em>, 30 juillet 2013.<\/p>\n","protected":false},"excerpt":{"rendered":"<p>Pelletier L, Fortin J, Guay C, Dubuc M, Riffon O, Breton \u00c9. (2025, septembre). Un jardin communautaire pour favoriser le r\u00e9tablissement en sant\u00e9 mentale. Congr\u00e8s conjoint r\u00e9seaux AIRS-CARES-PR\u00c9CRISA. Saguenay, Canada. Rancourt-Tremblay, Z., Parent, V., Lagueux, F., Langelier, M.-\u00c8., Therriault, D., Fortin, J., Di Gusto, A., G\u00e9mu, S.\u00a0 &amp; Gauthier, M.\u00a0 (2025, Juillet). Harnessing nature to &hellip; <a href=\"https:\/\/portfolio.uqac.ca\/juliefortin\/autres-publications\/\" class=\"more-link\">Continuer la lecture de <span class=\"screen-reader-text\">Publications et communications<\/span>  <span class=\"meta-nav\">&rarr;<\/span><\/a><\/p>\n","protected":false},"author":89,"featured_media":0,"parent":0,"menu_order":0,"comment_status":"closed","ping_status":"closed","template":"","meta":{"footnotes":""},"tags":[],"_links":{"self":[{"href":"https:\/\/portfolio.uqac.ca\/juliefortin\/wp-json\/wp\/v2\/pages\/167"}],"collection":[{"href":"https:\/\/portfolio.uqac.ca\/juliefortin\/wp-json\/wp\/v2\/pages"}],"about":[{"href":"https:\/\/portfolio.uqac.ca\/juliefortin\/wp-json\/wp\/v2\/types\/page"}],"author":[{"embeddable":true,"href":"https:\/\/portfolio.uqac.ca\/juliefortin\/wp-json\/wp\/v2\/users\/89"}],"replies":[{"embeddable":true,"href":"https:\/\/portfolio.uqac.ca\/juliefortin\/wp-json\/wp\/v2\/comments?post=167"}],"version-history":[{"count":7,"href":"https:\/\/portfolio.uqac.ca\/juliefortin\/wp-json\/wp\/v2\/pages\/167\/revisions"}],"predecessor-version":[{"id":214,"href":"https:\/\/portfolio.uqac.ca\/juliefortin\/wp-json\/wp\/v2\/pages\/167\/revisions\/214"}],"wp:attachment":[{"href":"https:\/\/portfolio.uqac.ca\/juliefortin\/wp-json\/wp\/v2\/media?parent=167"}],"wp:term":[{"taxonomy":"post_tag","embeddable":true,"href":"https:\/\/portfolio.uqac.ca\/juliefortin\/wp-json\/wp\/v2\/tags?post=167"}],"curies":[{"name":"wp","href":"https:\/\/api.w.org\/{rel}","templated":true}]}}