{"id":18,"date":"2024-06-26T13:18:48","date_gmt":"2024-06-26T17:18:48","guid":{"rendered":"http:\/\/portfolio-pre.uqac.ca\/gabarit\/?page_id=18"},"modified":"2025-10-31T11:51:09","modified_gmt":"2025-10-31T15:51:09","slug":"enseignement","status":"publish","type":"page","link":"https:\/\/portfolio.uqac.ca\/juliefortin\/enseignement\/","title":{"rendered":"Enseignement"},"content":{"rendered":"<h5>Dipl\u00f4me d\u2019\u00e9tudes sup\u00e9rieures sp\u00e9cialis\u00e9es en intervention par la nature et l\u2019aventure<\/h5>\n<ul>\n<li><a href=\"https:\/\/programmes.uqac.ca\/4ina613\">4INA613<\/a> &#8211; D\u00e9veloppement des habilet\u00e9s de facilitation et de consolidation d&#8217;\u00e9quipe en contexte de nature et d&#8217;aventure<\/li>\n<li><a href=\"https:\/\/cours.uqac.ca\/4INA605\">4INA605<\/a>\u00a0\u2013 Milieux d\u2019INA<\/li>\n<li><a href=\"https:\/\/cours.uqac.ca\/4INA615\">4INA615<\/a>\u00a0\u2013 Lectures dirig\u00e9es<\/li>\n<\/ul>\n<h5>Baccalaur\u00e9at en intervention plein air<\/h5>\n<ul>\n<li><a href=\"https:\/\/programmes.uqac.ca\/4ipa460\">4IPA460<\/a> &#8211; Intervention nature et aventure &#8211; Fondements, th\u00e9ories et approches<\/li>\n<li><a href=\"https:\/\/programmes.uqac.ca\/4IPA461\">4IPA461<\/a> \u2013 Intervention\u00a0nature et aventure &#8211; pratique supervis\u00e9e<\/li>\n<li><a href=\"https:\/\/programmes.uqac.ca\/spsy128\">SPSY128<\/a> &#8211; Psychologie des groupes restreints<\/li>\n<\/ul>\n","protected":false},"excerpt":{"rendered":"<p>Dipl\u00f4me d\u2019\u00e9tudes sup\u00e9rieures sp\u00e9cialis\u00e9es en intervention par la nature et l\u2019aventure 4INA613 &#8211; D\u00e9veloppement des habilet\u00e9s de facilitation et de consolidation d&#8217;\u00e9quipe en contexte de nature et d&#8217;aventure 4INA605\u00a0\u2013 Milieux d\u2019INA 4INA615\u00a0\u2013 Lectures dirig\u00e9es Baccalaur\u00e9at en intervention plein air 4IPA460 &#8211; Intervention nature et aventure &#8211; Fondements, th\u00e9ories et approches 4IPA461 \u2013 Intervention\u00a0nature et aventure &hellip; <a href=\"https:\/\/portfolio.uqac.ca\/juliefortin\/enseignement\/\" class=\"more-link\">Continuer la lecture de <span class=\"screen-reader-text\">Enseignement<\/span>  <span class=\"meta-nav\">&rarr;<\/span><\/a><\/p>\n","protected":false},"author":89,"featured_media":0,"parent":0,"menu_order":0,"comment_status":"closed","ping_status":"closed","template":"","meta":{"footnotes":""},"tags":[],"_links":{"self":[{"href":"https:\/\/portfolio.uqac.ca\/juliefortin\/wp-json\/wp\/v2\/pages\/18"}],"collection":[{"href":"https:\/\/portfolio.uqac.ca\/juliefortin\/wp-json\/wp\/v2\/pages"}],"about":[{"href":"https:\/\/portfolio.uqac.ca\/juliefortin\/wp-json\/wp\/v2\/types\/page"}],"author":[{"embeddable":true,"href":"https:\/\/portfolio.uqac.ca\/juliefortin\/wp-json\/wp\/v2\/users\/89"}],"replies":[{"embeddable":true,"href":"https:\/\/portfolio.uqac.ca\/juliefortin\/wp-json\/wp\/v2\/comments?post=18"}],"version-history":[{"count":7,"href":"https:\/\/portfolio.uqac.ca\/juliefortin\/wp-json\/wp\/v2\/pages\/18\/revisions"}],"predecessor-version":[{"id":205,"href":"https:\/\/portfolio.uqac.ca\/juliefortin\/wp-json\/wp\/v2\/pages\/18\/revisions\/205"}],"wp:attachment":[{"href":"https:\/\/portfolio.uqac.ca\/juliefortin\/wp-json\/wp\/v2\/media?parent=18"}],"wp:term":[{"taxonomy":"post_tag","embeddable":true,"href":"https:\/\/portfolio.uqac.ca\/juliefortin\/wp-json\/wp\/v2\/tags?post=18"}],"curies":[{"name":"wp","href":"https:\/\/api.w.org\/{rel}","templated":true}]}}