{"id":27,"date":"2024-06-26T13:18:48","date_gmt":"2024-06-26T17:18:48","guid":{"rendered":"http:\/\/portfolio-pre.uqac.ca\/gabarit\/?page_id=27"},"modified":"2025-12-03T08:02:54","modified_gmt":"2025-12-03T13:02:54","slug":"curriculum-vitae","status":"publish","type":"page","link":"https:\/\/portfolio.uqac.ca\/juliefortin\/curriculum-vitae\/","title":{"rendered":"Curriculum vitae"},"content":{"rendered":"<h2><strong>Dipl\u00f4mes<\/strong><\/h2>\n<p>2021 &#8211; Doctorat en psychologie clinique (UQAC)<\/p>\n<p>2016 &#8211; Baccalaur\u00e9at en psychologie (UQAC)<\/p>\n<h2><strong><br \/>\nAffiliations professionnelles<\/strong><\/h2>\n<p>Membre de l&#8217;Ordre des psychologues du Qu\u00e9bec<\/p>\n<p>Chercheuse r\u00e9guli\u00e8re au Centre Intersectoriel en Sant\u00e9 Durable (CISD)<\/p>\n<p>Chercheuse r\u00e9guli\u00e8re au R\u00e9seau Communaut\u00e9s rurales et \u00e9loign\u00e9es en sant\u00e9 (CARES)<\/p>\n<p>Chercheuse r\u00e9guli\u00e8re au R\u00e9seau Inondations InterSectoriel du Qu\u00e9bec (RIISQ)<\/p>\n<p>Chercheuse associ\u00e9e au CIUSSS-Saguenay-Lac-St-Jean<\/p>\n<p>Membre du Laboratoire d&#8217;expertise et de recherche en plein air<\/p>\n<p>Membre du R\u00c9SEAU pour le d\u00e9veloppement psychosocial par le sport et le plein air<\/p>\n<p>&nbsp;<\/p>\n<h2><\/h2>\n","protected":false},"excerpt":{"rendered":"<p>Dipl\u00f4mes 2021 &#8211; Doctorat en psychologie clinique (UQAC) 2016 &#8211; Baccalaur\u00e9at en psychologie (UQAC) Affiliations professionnelles Membre de l&#8217;Ordre des psychologues du Qu\u00e9bec Chercheuse r\u00e9guli\u00e8re au Centre Intersectoriel en Sant\u00e9 Durable (CISD) Chercheuse r\u00e9guli\u00e8re au R\u00e9seau Communaut\u00e9s rurales et \u00e9loign\u00e9es en sant\u00e9 (CARES) Chercheuse r\u00e9guli\u00e8re au R\u00e9seau Inondations InterSectoriel du Qu\u00e9bec (RIISQ) Chercheuse associ\u00e9e au &hellip; <a href=\"https:\/\/portfolio.uqac.ca\/juliefortin\/curriculum-vitae\/\" class=\"more-link\">Continuer la lecture de <span class=\"screen-reader-text\">Curriculum vitae<\/span>  <span class=\"meta-nav\">&rarr;<\/span><\/a><\/p>\n","protected":false},"author":89,"featured_media":0,"parent":0,"menu_order":0,"comment_status":"closed","ping_status":"closed","template":"","meta":{"footnotes":""},"tags":[],"_links":{"self":[{"href":"https:\/\/portfolio.uqac.ca\/juliefortin\/wp-json\/wp\/v2\/pages\/27"}],"collection":[{"href":"https:\/\/portfolio.uqac.ca\/juliefortin\/wp-json\/wp\/v2\/pages"}],"about":[{"href":"https:\/\/portfolio.uqac.ca\/juliefortin\/wp-json\/wp\/v2\/types\/page"}],"author":[{"embeddable":true,"href":"https:\/\/portfolio.uqac.ca\/juliefortin\/wp-json\/wp\/v2\/users\/89"}],"replies":[{"embeddable":true,"href":"https:\/\/portfolio.uqac.ca\/juliefortin\/wp-json\/wp\/v2\/comments?post=27"}],"version-history":[{"count":9,"href":"https:\/\/portfolio.uqac.ca\/juliefortin\/wp-json\/wp\/v2\/pages\/27\/revisions"}],"predecessor-version":[{"id":212,"href":"https:\/\/portfolio.uqac.ca\/juliefortin\/wp-json\/wp\/v2\/pages\/27\/revisions\/212"}],"wp:attachment":[{"href":"https:\/\/portfolio.uqac.ca\/juliefortin\/wp-json\/wp\/v2\/media?parent=27"}],"wp:term":[{"taxonomy":"post_tag","embeddable":true,"href":"https:\/\/portfolio.uqac.ca\/juliefortin\/wp-json\/wp\/v2\/tags?post=27"}],"curies":[{"name":"wp","href":"https:\/\/api.w.org\/{rel}","templated":true}]}}