{"id":46,"date":"2024-06-26T13:18:48","date_gmt":"2024-06-26T17:18:48","guid":{"rendered":"http:\/\/portfolio-pre.uqac.ca\/gabarit\/?page_id=46"},"modified":"2025-12-03T08:10:47","modified_gmt":"2025-12-03T13:10:47","slug":"recherche","status":"publish","type":"page","link":"https:\/\/portfolio.uqac.ca\/juliefortin\/recherche\/","title":{"rendered":"Recherche"},"content":{"rendered":"<h2>Projet de recherche en cours<\/h2>\n<h4>Chercheure principale<\/h4>\n<p><em>APEX &#8211; Adaptation Post-EXp\u00e9dition : <\/em><em>\u00e9tude exploratoire du v\u00e9cu psychologique post-exp\u00e9dition chez des \u00e9tudiant.e.s universitaires<\/em> (chercheure principale). Fonds de d\u00e9marrage de l&#8217;UQAC, 2024-2026 (10 000$).<\/p>\n<p><em>Projet JARdIN : Intervention par la nature ax\u00e9e sur le jardinage et sant\u00e9 mentale <\/em>(Chercheure principale, Cochercheure principale : \u00c9dith Breton, Cochercheurs : Olivier Riffon et Mika\u00ebl Dubuc). Programme de soutien au d\u00e9veloppement de la recherche et cr\u00e9ation de l&#8217;UQAC, 2025-2026 (7 500$), subvention du CISD (2000$).<\/p>\n<h4>Cochercheure<\/h4>\n<p><em>L\u2019intervention familiale par la nature et l\u2019aventure avec des jeunes et des parents expos\u00e9s \u00e0 des catastrophes naturelles : un projet pilote. <\/em>Subvention du CRUJeF, 2025-2026 (10 000$), subvention du RIISQ-FRQ 2026-2029 (199 710$).<\/p>\n<p><em>Aventure Vert Soi : Un programme d&#8217;autogestion centr\u00e9 sur la nature et l&#8217;aventure pour le communaut\u00e9 \u00e9tudiante de l&#8217;UQAC.<\/em> Subvention de la FUQAC (10 000$), subvention de la Chaire de recherche en sant\u00e9 durable (40 000$), subvention du CISD (25 000$), subvention du PSDRC, Volet D, (9 000$), subvention du PSDRC, Volet Soutien aux unit\u00e9s de recherche accr\u00e9dit\u00e9es, (7 500$).<\/p>\n","protected":false},"excerpt":{"rendered":"<p>Projet de recherche en cours Chercheure principale APEX &#8211; Adaptation Post-EXp\u00e9dition : \u00e9tude exploratoire du v\u00e9cu psychologique post-exp\u00e9dition chez des \u00e9tudiant.e.s universitaires (chercheure principale). Fonds de d\u00e9marrage de l&#8217;UQAC, 2024-2026 (10 000$). Projet JARdIN : Intervention par la nature ax\u00e9e sur le jardinage et sant\u00e9 mentale (Chercheure principale, Cochercheure principale : \u00c9dith Breton, Cochercheurs : &hellip; <a href=\"https:\/\/portfolio.uqac.ca\/juliefortin\/recherche\/\" class=\"more-link\">Continuer la lecture de <span class=\"screen-reader-text\">Recherche<\/span>  <span class=\"meta-nav\">&rarr;<\/span><\/a><\/p>\n","protected":false},"author":89,"featured_media":0,"parent":0,"menu_order":0,"comment_status":"closed","ping_status":"closed","template":"","meta":{"footnotes":""},"tags":[],"_links":{"self":[{"href":"https:\/\/portfolio.uqac.ca\/juliefortin\/wp-json\/wp\/v2\/pages\/46"}],"collection":[{"href":"https:\/\/portfolio.uqac.ca\/juliefortin\/wp-json\/wp\/v2\/pages"}],"about":[{"href":"https:\/\/portfolio.uqac.ca\/juliefortin\/wp-json\/wp\/v2\/types\/page"}],"author":[{"embeddable":true,"href":"https:\/\/portfolio.uqac.ca\/juliefortin\/wp-json\/wp\/v2\/users\/89"}],"replies":[{"embeddable":true,"href":"https:\/\/portfolio.uqac.ca\/juliefortin\/wp-json\/wp\/v2\/comments?post=46"}],"version-history":[{"count":7,"href":"https:\/\/portfolio.uqac.ca\/juliefortin\/wp-json\/wp\/v2\/pages\/46\/revisions"}],"predecessor-version":[{"id":213,"href":"https:\/\/portfolio.uqac.ca\/juliefortin\/wp-json\/wp\/v2\/pages\/46\/revisions\/213"}],"wp:attachment":[{"href":"https:\/\/portfolio.uqac.ca\/juliefortin\/wp-json\/wp\/v2\/media?parent=46"}],"wp:term":[{"taxonomy":"post_tag","embeddable":true,"href":"https:\/\/portfolio.uqac.ca\/juliefortin\/wp-json\/wp\/v2\/tags?post=46"}],"curies":[{"name":"wp","href":"https:\/\/api.w.org\/{rel}","templated":true}]}}