{"id":46,"date":"2019-08-08T16:17:22","date_gmt":"2019-08-08T20:17:22","guid":{"rendered":"http:\/\/portfolio-pre.uqac.ca\/gabarit\/?page_id=46"},"modified":"2021-09-24T12:23:32","modified_gmt":"2021-09-24T16:23:32","slug":"recherche","status":"publish","type":"page","link":"https:\/\/portfolio.uqac.ca\/julienwalter\/recherche\/","title":{"rendered":"Recherche"},"content":{"rendered":"<p><strong>SUBVENTIONS R\u00c9CENTES:<\/strong><\/p>\n<p><strong>CRSNG D\u00e9couverte (2020-2025):<\/strong> Development of a quantitative framework to better understand the natural salinization processes of continental groundwater.<\/p>\n<p><strong>FRQNT Rel\u00e8ve professorale (2021-2023):<\/strong> Marqueurs spatio-temporels du couplage chimie\/\u00e9coulement de l&#8217;eau souterraine des milieux aquif\u00e8res fractur\u00e9s du Bouclier canadien: \u00e9tude exp\u00e9rimentale au Saguenay-Lac-Saint-Jean, Qu\u00e9bec.<\/p>\n<p><strong>FUQAC (2020-2022):\u00a0<\/strong>Caract\u00e9risation quantitative et qualitative des ressources en eau souterraine de la bleueti\u00e8re de recherche exp\u00e9rimentale de l\u2019UQAC, secteur Normandin au Lac-Saint-Jean.<\/p>\n<p><strong>Minist\u00e8re de l&#8217;\u00c9nergie et des Ressources naturelles (2020-2021):<\/strong> Cartographie des d\u00e9p\u00f4ts de surface du territoire municipalis\u00e9 de l&#8217;est de la Mauricie.<\/p>\n<p><strong>MRC du Saguenay-Lac-Saint-Jean et la Premi\u00e8re Nation des Pekuakamiulnuatsh (2021-2023):<\/strong> Projet ARIM&#8217;eau (Accompagnement, Recherche, Implantation et\u00a0Mise \u00e0 jour des donn\u00e9es sur l&#8217;eau souterraine du Saguenay-Lac-Saint-Jean; <a href=\"https:\/\/cerm.uqac.ca\/arimeau\/\">https:\/\/cerm.uqac.ca\/arimeau\/<\/a>)<\/p>\n<p><strong>Minist\u00e8re de l&#8217;environnement et de la lutte contre les changements climatiques du Qu\u00e9bec (MELCC):<\/strong> Programme d&#8217;acquisition des connaissances sur les eaux souterraines de Lanaudi\u00e8re, de la Mauricie-Est et de la Moyenne-C\u00f4te-Nord (2018-2022; <a href=\"https:\/\/www.environnement.gouv.qc.ca\/eau\/souterraines\/programmes\/acquisition-connaissance.htm\">https:\/\/www.environnement.gouv.qc.ca\/eau\/souterraines\/programmes\/acquisition-connaissance.htm<\/a>)<\/p>\n<p><strong>PROJETS EN COURS<\/strong><\/p>\n<p>Ma\u00eetrises:<\/p>\n<ol>\n<li><strong>Roxane Tremblay.<\/strong> <strong>E2018\u2013 H2021.<\/strong> \u00c9tude comparative des signatures g\u00e9ochimiques des eaux souterraines pr\u00e9lev\u00e9es dans le Grenville et dans la Plate-forme du Saint-Laurent\u00a0: implications en termes de processus hydrog\u00e9ochimiques des territoires de Lanaudi\u00e8re et de l\u2019est de la Mauricie.<\/li>\n<li><strong>Pierre Saint-Hilaire.<\/strong> <strong>A2019 \u2013 [\u2026].<\/strong> Les tourbi\u00e8res comme sources possibles de mangan\u00e8se dissous dans l\u2019eau souterraine de la Moyenne-C\u00f4te-Nord.<\/li>\n<li><strong>Laura-Pier Perron.<\/strong> <strong>E2020\u2013 [\u2026].<\/strong> Investigations des causes chimiques, en termes d\u2019\u00e9l\u00e9ments inorganiques majeurs, mineurs, traces, ultratraces et isotopiques, des variations des param\u00e8tres in situ au moment de la purge d\u2019un puits d\u2019eau potable.<\/li>\n<li><strong>Chaima Miled.<\/strong> <strong>H2021\u2013 [\u2026].<\/strong> D\u00e9veloppement d\u2019un mod\u00e8le num\u00e9rique 3D en appui \u00e0 la caract\u00e9risation hydrog\u00e9ologique quantitative et qualitative du site de la bleueti\u00e8re d\u2019enseignement et de recherche de l\u2019UQAC.<\/li>\n<li><strong>Josu Otaegi Alcaide*.<\/strong> <strong>A2020 \u2013 [\u2026].<\/strong> Time evolution of leakage detection rates according to well\u2019s history.<\/li>\n<\/ol>\n<p><strong><em><u>Doctorat:<\/u><\/em><\/strong><\/p>\n<ol>\n<li><strong>Abi Attoumane.<\/strong> <strong>H2019 \u2013 [\u2026].<\/strong> Compr\u00e9hension du contr\u00f4le de la recharge et des \u00e9coulements au sein des massifs cristallins du Bouclier canadien hautement productif.<\/li>\n<li><strong>Yan Levesque. A2019\u2013 [\u2026]. <\/strong>D\u00e9veloppement d\u2019une approche m\u00e9thodologique et d\u2019un outil cartographique afin de mieux \u00e9valuer le potentiel aquif\u00e8re des milieux de d\u00e9p\u00f4ts glaciaires h\u00e9t\u00e9rog\u00e8nes d\u2019\u00e9chelle r\u00e9gionale.<\/li>\n<\/ol>\n<p><strong><em><u>Post-doctorat:<\/u><\/em><\/strong><\/p>\n<ol>\n<li><strong>Lamine Boumaiza.<\/strong> <strong>A2020\u2013 H2022.<\/strong> D\u00e9veloppement des connaissances sur le fonctionnement des eaux souterraines.<\/li>\n<li><strong>\u00c9tienne Brouard.<\/strong> <strong>H2021\u2013 A2021. <\/strong>Cartographie des d\u00e9p\u00f4ts de surfaces en appui \u00e0 la r\u00e9alisation des livrables du PACES.<\/li>\n<\/ol>\n","protected":false},"excerpt":{"rendered":"<p>SUBVENTIONS R\u00c9CENTES: CRSNG D\u00e9couverte (2020-2025): Development of a quantitative framework to better understand the natural salinization processes of continental groundwater. FRQNT Rel\u00e8ve professorale (2021-2023): Marqueurs spatio-temporels du couplage chimie\/\u00e9coulement de l&#8217;eau souterraine des milieux aquif\u00e8res fractur\u00e9s du Bouclier canadien: \u00e9tude exp\u00e9rimentale au Saguenay-Lac-Saint-Jean, Qu\u00e9bec. FUQAC (2020-2022):\u00a0Caract\u00e9risation quantitative et qualitative des ressources en eau souterraine de &hellip; <a href=\"https:\/\/portfolio.uqac.ca\/julienwalter\/recherche\/\" class=\"more-link\">Continuer la lecture de <span class=\"screen-reader-text\">Recherche<\/span>  <span class=\"meta-nav\">&rarr;<\/span><\/a><\/p>\n","protected":false},"author":89,"featured_media":0,"parent":0,"menu_order":0,"comment_status":"closed","ping_status":"closed","template":"","meta":{"footnotes":""},"tags":[],"_links":{"self":[{"href":"https:\/\/portfolio.uqac.ca\/julienwalter\/wp-json\/wp\/v2\/pages\/46"}],"collection":[{"href":"https:\/\/portfolio.uqac.ca\/julienwalter\/wp-json\/wp\/v2\/pages"}],"about":[{"href":"https:\/\/portfolio.uqac.ca\/julienwalter\/wp-json\/wp\/v2\/types\/page"}],"author":[{"embeddable":true,"href":"https:\/\/portfolio.uqac.ca\/julienwalter\/wp-json\/wp\/v2\/users\/89"}],"replies":[{"embeddable":true,"href":"https:\/\/portfolio.uqac.ca\/julienwalter\/wp-json\/wp\/v2\/comments?post=46"}],"version-history":[{"count":7,"href":"https:\/\/portfolio.uqac.ca\/julienwalter\/wp-json\/wp\/v2\/pages\/46\/revisions"}],"predecessor-version":[{"id":239,"href":"https:\/\/portfolio.uqac.ca\/julienwalter\/wp-json\/wp\/v2\/pages\/46\/revisions\/239"}],"wp:attachment":[{"href":"https:\/\/portfolio.uqac.ca\/julienwalter\/wp-json\/wp\/v2\/media?parent=46"}],"wp:term":[{"taxonomy":"post_tag","embeddable":true,"href":"https:\/\/portfolio.uqac.ca\/julienwalter\/wp-json\/wp\/v2\/tags?post=46"}],"curies":[{"name":"wp","href":"https:\/\/api.w.org\/{rel}","templated":true}]}}