{"id":4,"date":"2019-03-27T14:41:20","date_gmt":"2019-03-27T18:41:20","guid":{"rendered":"http:\/\/portfolio-pre.uqac.ca\/gabarit\/?page_id=4"},"modified":"2019-04-02T13:46:03","modified_gmt":"2019-04-02T17:46:03","slug":"presentatio","status":"publish","type":"page","link":"https:\/\/portfolio.uqac.ca\/kadiataba\/","title":{"rendered":"Pr\u00e9sentation"},"content":{"rendered":"<h2>Kadiata Ba, ing., Ph. D.<\/h2>\n<p>Professeur au d\u00e9partement des\u00a0sciences appliqu\u00e9es<br \/>\nMembre de l&#8217;Ordre des ing\u00e9nieurs du Qu\u00e9bec OIQ<\/p>\n<h2>Domaine<\/h2>\n<ul>\n<li>G\u00e9nie m\u00e9canique<\/li>\n<\/ul>\n<h2>Champs d&#8217;int\u00e9r\u00eat<\/h2>\n<ul>\n<li>Conception assist\u00e9e par ordinateur (CAO)<\/li>\n<li>Mod\u00e9lisation des mat\u00e9riaux<\/li>\n<\/ul>\n","protected":false},"excerpt":{"rendered":"<p>Kadiata Ba, ing., Ph. D. Professeur au d\u00e9partement des\u00a0sciences appliqu\u00e9es Membre de l&#8217;Ordre des ing\u00e9nieurs du Qu\u00e9bec OIQ Domaine G\u00e9nie m\u00e9canique Champs d&#8217;int\u00e9r\u00eat Conception assist\u00e9e par ordinateur (CAO) Mod\u00e9lisation des mat\u00e9riaux<\/p>\n","protected":false},"author":89,"featured_media":0,"parent":0,"menu_order":0,"comment_status":"closed","ping_status":"closed","template":"","meta":{"footnotes":""},"tags":[],"_links":{"self":[{"href":"https:\/\/portfolio.uqac.ca\/kadiataba\/wp-json\/wp\/v2\/pages\/4"}],"collection":[{"href":"https:\/\/portfolio.uqac.ca\/kadiataba\/wp-json\/wp\/v2\/pages"}],"about":[{"href":"https:\/\/portfolio.uqac.ca\/kadiataba\/wp-json\/wp\/v2\/types\/page"}],"author":[{"embeddable":true,"href":"https:\/\/portfolio.uqac.ca\/kadiataba\/wp-json\/wp\/v2\/users\/89"}],"replies":[{"embeddable":true,"href":"https:\/\/portfolio.uqac.ca\/kadiataba\/wp-json\/wp\/v2\/comments?post=4"}],"version-history":[{"count":13,"href":"https:\/\/portfolio.uqac.ca\/kadiataba\/wp-json\/wp\/v2\/pages\/4\/revisions"}],"predecessor-version":[{"id":180,"href":"https:\/\/portfolio.uqac.ca\/kadiataba\/wp-json\/wp\/v2\/pages\/4\/revisions\/180"}],"wp:attachment":[{"href":"https:\/\/portfolio.uqac.ca\/kadiataba\/wp-json\/wp\/v2\/media?parent=4"}],"wp:term":[{"taxonomy":"post_tag","embeddable":true,"href":"https:\/\/portfolio.uqac.ca\/kadiataba\/wp-json\/wp\/v2\/tags?post=4"}],"curies":[{"name":"wp","href":"https:\/\/api.w.org\/{rel}","templated":true}]}}