{"id":4,"date":"2012-07-23T17:46:31","date_gmt":"2012-07-23T17:46:31","guid":{"rendered":"http:\/\/portfolio-pre.uqac.ca\/gabarit\/?page_id=4"},"modified":"2026-04-22T22:41:53","modified_gmt":"2026-04-23T02:41:53","slug":"presentatio","status":"publish","type":"page","link":"https:\/\/portfolio.uqac.ca\/karinecote\/","title":{"rendered":"Pr\u00e9sentation"},"content":{"rendered":"<h2>Karine C\u00f4t\u00e9, Ph.D.<\/h2>\n<p>Professeur de psychologie au d\u00e9partement des Sciences de la sant\u00e9<\/p>\n<p><a href=\"https:\/\/portfolio.uqac.ca\/karinecote\/files\/2012\/07\/ROC_3662.jpg\"><img loading=\"lazy\" decoding=\"async\" class=\"alignleft size-medium wp-image-260\" src=\"https:\/\/portfolio.uqac.ca\/karinecote\/files\/2012\/07\/ROC_3662-300x200.jpg\" alt=\"\" width=\"300\" height=\"200\" srcset=\"https:\/\/portfolio.uqac.ca\/karinecote\/files\/2012\/07\/ROC_3662-300x200.jpg 300w, https:\/\/portfolio.uqac.ca\/karinecote\/files\/2012\/07\/ROC_3662-768x512.jpg 768w, https:\/\/portfolio.uqac.ca\/karinecote\/files\/2012\/07\/ROC_3662-1024x683.jpg 1024w\" sizes=\"(max-width: 300px) 100vw, 300px\" \/><\/a><\/p>\n<p>&nbsp;<\/p>\n<p>&nbsp;<\/p>\n<p>&nbsp;<\/p>\n<p>&nbsp;<\/p>\n<p>&nbsp;<\/p>\n<p data-start=\"251\" data-end=\"521\">Dr Karine C\u00f4t\u00e9, Ph. D., est psychologue et professeure titulaire en psychologie au D\u00e9partement des sciences de la sant\u00e9 de l\u2019Universit\u00e9 du Qu\u00e9bec \u00e0 Chicoutimi (UQAC). Elle dirige la Chaire de recherche sur l\u2019exploitation sexuelle et la traite des personnes \u2013 IMPACT.<\/p>\n<p data-start=\"523\" data-end=\"1160\">Elle est \u00e9galement chercheure r\u00e9guli\u00e8re au Centre intersectoriel en sant\u00e9 durable (CISD) ainsi qu\u2019au P\u00f4le de recherche sur les transformations des pratiques cliniques et organisationnelles de la Direction de l\u2019enseignement universitaire et de la recherche du CISSS de Laval. Elle est aussi chercheure associ\u00e9e au CIUSSS du Saguenay\u2013Lac-Saint-Jean. Elle a \u00e9t\u00e9 nomm\u00e9e cheffe de file au sein du r\u00e9seau pancanadien Leader for Gender Equality Network Canada de la Canadian Women&#8217;s Foundation. Elle a \u00e9galement \u00e9t\u00e9 directrice du programme de ma\u00eetrise et du programme de doctorat en psychologie pendant plusieurs ann\u00e9es.<\/p>\n<p data-start=\"1162\" data-end=\"1780\">Elle a obtenu son Ph. D. en psychologie de l\u2019Universit\u00e9 de Montr\u00e9al en mai 1999. Au cours de ses \u00e9tudes sup\u00e9rieures, elle a \u00e9t\u00e9 r\u00e9cipiendaire des bourses de ma\u00eetrise et de doctorat du Fonds pour la formation de chercheurs et l\u2019aide \u00e0 la recherche (FCAR). Par la suite, elle a \u00e9t\u00e9 chercheure boursi\u00e8re postdoctorale (FCAR et Forensic\/Law and Mental Health Program) au Centre for Addiction and Mental Health (anciennement le Clarke Institute of Psychiatry) et \u00e0 la University of Toronto, de 1999 \u00e0 2002. Depuis juin 2002, elle est professeure en psychologie \u00e0 l\u2019Universit\u00e9 du Qu\u00e9bec \u00e0 Chicoutimi.<\/p>\n<p data-start=\"1782\" data-end=\"2106\">Elle a enseign\u00e9 aux trois cycles universitaires : baccalaur\u00e9at, ma\u00eetrise et doctorat. Sa t\u00e2che r\u00e9guli\u00e8re d\u2019enseignement comprend des cours en psychologie clinique et en m\u00e9thodologie de la recherche. Elle est membre de l\u2019Ordre des psychologues du Qu\u00e9bec depuis 1999. Son approche clinique est b\u00e9haviorale.<\/p>\n<p data-start=\"2108\" data-end=\"2358\">Ses principaux travaux de recherche se regroupent autour de deux grands th\u00e8mes :<br data-start=\"2202\" data-end=\"2205\" \/><strong data-start=\"2205\" data-end=\"2211\">1)<\/strong> la prostitution, l\u2019exploitation sexuelle et la traite des personnes \u00e0 des fins sexuelles;<br data-start=\"2301\" data-end=\"2304\" \/><strong data-start=\"2304\" data-end=\"2310\">2)<\/strong> l\u2019influence de la famille sur le d\u00e9veloppement.<\/p>\n<p data-start=\"1147\" data-end=\"1297\">\u00c0 ce jour, elle a travaill\u00e9 aupr\u00e8s de diverses populations cliniques et non cliniques, institutionnalis\u00e9es et non institutionnalis\u00e9es, notamment :<\/p>\n<ul data-start=\"1299\" data-end=\"1900\">\n<li data-section-id=\"1hvq435\" data-start=\"1299\" data-end=\"1547\">des personnes impliqu\u00e9es dans les dynamiques de prostitution, d\u2019exploitation sexuelle et de traite des personnes, notamment des personnes offrant des services sexuels, des clients, des prox\u00e9n\u00e8tes, des trafiquants et des recruteurs ;<\/li>\n<li data-section-id=\"757quf\" data-start=\"1548\" data-end=\"1700\">des agresseurs sexuels et non sexuels incarc\u00e9r\u00e9s (p. ex., dans des \u00e9tablissements du Service correctionnel du Canada et des centres de r\u00e9adaptation) ;<\/li>\n<li data-section-id=\"1x6j3gu\" data-start=\"1701\" data-end=\"1778\">des victimes et des auteurs d\u2019agression sexuelle ou de violence conjugale ;<\/li>\n<li data-section-id=\"47yux7\" data-start=\"1779\" data-end=\"1832\">des personnes adopt\u00e9es ;<\/li>\n<li data-section-id=\"14536jn\" data-start=\"1860\" data-end=\"1900\">des membres de la population g\u00e9n\u00e9rale.<\/li>\n<\/ul>\n<p>Elle a travaill\u00e9 aupr\u00e8s de personnes de diff\u00e9rents \u00e2ges, notamment des adolescents et des adultes, parlant diff\u00e9rentes langues et issues de diverses origines immigrantes ou ethnoculturelles. Plusieurs de ces personnes ont v\u00e9cu des traumas complexes.<\/p>\n<p>&nbsp;<\/p>\n<p>Cr\u00e9dit photo : Rocket Lavoie<\/p>\n","protected":false},"excerpt":{"rendered":"<p>Karine C\u00f4t\u00e9, Ph.D. Professeur de psychologie au d\u00e9partement des Sciences de la sant\u00e9 &nbsp; &nbsp; &nbsp; &nbsp; &nbsp; Dr Karine C\u00f4t\u00e9, Ph. D., est psychologue et professeure titulaire en psychologie au D\u00e9partement des sciences de la sant\u00e9 de l\u2019Universit\u00e9 du Qu\u00e9bec \u00e0 Chicoutimi (UQAC). Elle dirige la Chaire de recherche sur l\u2019exploitation sexuelle et la &hellip; <a href=\"https:\/\/portfolio.uqac.ca\/karinecote\/\" class=\"more-link\">Continuer la lecture de <span class=\"screen-reader-text\">Pr\u00e9sentation<\/span>  <span class=\"meta-nav\">&rarr;<\/span><\/a><\/p>\n","protected":false},"author":157,"featured_media":0,"parent":0,"menu_order":0,"comment_status":"closed","ping_status":"closed","template":"","meta":{"footnotes":""},"tags":[],"_links":{"self":[{"href":"https:\/\/portfolio.uqac.ca\/karinecote\/wp-json\/wp\/v2\/pages\/4"}],"collection":[{"href":"https:\/\/portfolio.uqac.ca\/karinecote\/wp-json\/wp\/v2\/pages"}],"about":[{"href":"https:\/\/portfolio.uqac.ca\/karinecote\/wp-json\/wp\/v2\/types\/page"}],"author":[{"embeddable":true,"href":"https:\/\/portfolio.uqac.ca\/karinecote\/wp-json\/wp\/v2\/users\/157"}],"replies":[{"embeddable":true,"href":"https:\/\/portfolio.uqac.ca\/karinecote\/wp-json\/wp\/v2\/comments?post=4"}],"version-history":[{"count":30,"href":"https:\/\/portfolio.uqac.ca\/karinecote\/wp-json\/wp\/v2\/pages\/4\/revisions"}],"predecessor-version":[{"id":367,"href":"https:\/\/portfolio.uqac.ca\/karinecote\/wp-json\/wp\/v2\/pages\/4\/revisions\/367"}],"wp:attachment":[{"href":"https:\/\/portfolio.uqac.ca\/karinecote\/wp-json\/wp\/v2\/media?parent=4"}],"wp:term":[{"taxonomy":"post_tag","embeddable":true,"href":"https:\/\/portfolio.uqac.ca\/karinecote\/wp-json\/wp\/v2\/tags?post=4"}],"curies":[{"name":"wp","href":"https:\/\/api.w.org\/{rel}","templated":true}]}}