{"id":46,"date":"2012-07-24T14:17:13","date_gmt":"2012-07-24T14:17:13","guid":{"rendered":"http:\/\/portfolio-pre.uqac.ca\/gabarit\/?page_id=46"},"modified":"2026-04-23T00:24:12","modified_gmt":"2026-04-23T04:24:12","slug":"recherche","status":"publish","type":"page","link":"https:\/\/portfolio.uqac.ca\/karinecote\/recherche\/","title":{"rendered":"Recherche"},"content":{"rendered":"<h2>Projets de recherche<\/h2>\n<p>Mon <strong>expertise<\/strong> et mes int\u00e9r\u00eats de recherche peuvent se r\u00e9sumer avec les mots-cl\u00e9s suivants\u00a0:<\/p>\n<p><strong>Mots-cl\u00e9s<\/strong> : psychologie, prostitution, exploitation sexuelle, traite de personnes, facteurs de risque, facteurs de protection, influence de la famille, adoption, marginalit\u00e9, d\u00e9linquance, violence, \u00e9valuation, programme d\u2019intervention et de sensibilisation, efficacit\u00e9<\/p>\n<p>Mes principaux projets de recherche actuels peuvent se regrouper en deux th\u00e8mes.<\/p>\n<p><strong>1)\u00a0\u00a0 La prostitution, l&#8217;exploitation sexuelle et la traite des personnes<\/strong><\/p>\n<p><a href=\"https:\/\/portfolio.uqac.ca\/karinecote\/files\/2012\/07\/Image1.png\"><img loading=\"lazy\" decoding=\"async\" class=\"size-medium wp-image-247 alignright\" src=\"https:\/\/portfolio.uqac.ca\/karinecote\/files\/2012\/07\/Image1-300x62.png\" alt=\"\" width=\"300\" height=\"62\" srcset=\"https:\/\/portfolio.uqac.ca\/karinecote\/files\/2012\/07\/Image1-300x62.png 300w, https:\/\/portfolio.uqac.ca\/karinecote\/files\/2012\/07\/Image1.png 660w\" sizes=\"(max-width: 300px) 100vw, 300px\" \/><\/a>Plusieurs de mes travaux de recherche actuels portent sur les personnes qui offrent des services sexuels dans un contexte de prostitution (marchandisation de services sexuels) ou de traite de personnes. Ces travaux visent \u00e0 d\u00e9terminer les facteurs de risque et de protection li\u00e9s \u00e0 l&#8217;entr\u00e9e et au maintien dans la prostitution. Ils visent aussi \u00e0 identifier les besoins (v.g., psychologiques, sociaux, criminog\u00e9niques) et le contexte de travail (v.g., services sexuels offerts et demand\u00e9s, violences v\u00e9cues, protection) des personnes qui offrent des services sexuels.\u00a0 Certains de mes travaux visent par ailleurs \u00e0 d\u00e9terminer les interventions et les traitements \u00e0 privil\u00e9gier aupr\u00e8s des personnes qui offrent des services sexuels, qu&#8217;elles souhaitent ou non arr\u00eater de faire ces services. Mes projets concernent les hommes et les femmes provenant de diff\u00e9rents milieux de prostitution : les personnes qui font de la prostitution de rue, des services d&#8217;escortes, des services de danses \u00e9rotiques, des services de massages \u00e9rotiques, des services sexuels sp\u00e9cialis\u00e9s ou ponctuels autres, etc.<\/p>\n<p>En outre, et comme l&#8217;entr\u00e9e dans la prostitution se fait souvent vers l&#8217;\u00e2ge de 14-15 ans, plusieurs de mes projets concernent\u00a0les adolescents et les adolescentes qui sont particuli\u00e8rement \u00e0 risque pour la prostitution et l&#8217;exploitation sexuelle, comme c&#8217;est le cas des jeunes qui ont v\u00e9cu des traumas complexes, qui ont d\u00e9croch\u00e9 de l&#8217;\u00e9cole, qui sont \u00e0 la rue, ou qui sont suivis ou sous protection\u00a0de la DPJ (sous les lois LPJ ou LSJPA).\u00a0 Mes travaux concernent diff\u00e9rents types d&#8217;exploitation sexuelle (v.g., prostitution, pornographie juv\u00e9nile, production de mat\u00e9riel pornographique juv\u00e9nile, etc.).<\/p>\n<p>Dans le m\u00eame th\u00e8me, certains de mes projets portent sur les clients des prostitu\u00e9(e)s, les prox\u00e9n\u00e8tes et les &#8220;recruteurs&#8221;.<\/p>\n<p>Mes travaux de recherche se font en \u00e9troite collaboration et en partenariat avec les milieux communautaires, scolaires, institutionnels et (para-) gouvernementaux, etc. Je travaille donc avec des Tables de concertation, des DPJ, des CALACS, des intervenants-milieux, des praticiens-terrains, des organismes de travail de rue, des maisons d\u2019h\u00e9bergement, des \u00e9coles secondaires, des \u00e9coles de rue et alternatives pour d\u00e9crocheurs, etc.<\/p>\n<p><strong>2) L\u2019influence de la famille sur le d\u00e9veloppement\u00a0<\/strong><\/p>\n<p><a href=\"https:\/\/portfolio.uqac.ca\/karinecote\/files\/2012\/07\/Image2.jpg\"><img loading=\"lazy\" decoding=\"async\" class=\"alignright size-medium wp-image-249\" src=\"https:\/\/portfolio.uqac.ca\/karinecote\/files\/2012\/07\/Image2-228x300.jpg\" alt=\"\" width=\"228\" height=\"300\" srcset=\"https:\/\/portfolio.uqac.ca\/karinecote\/files\/2012\/07\/Image2-228x300.jpg 228w, https:\/\/portfolio.uqac.ca\/karinecote\/files\/2012\/07\/Image2.jpg 638w\" sizes=\"(max-width: 228px) 100vw, 228px\" \/><\/a>Plusieurs de mes travaux de recherche portent sur l&#8217;influence de la famille sur le d\u00e9veloppement.\u00a0 Entre autres, je m&#8217;int\u00e9resse au d\u00e9veloppement des personnes qui ont \u00e9t\u00e9 adopt\u00e9es \u00e0 la naissance. Je m&#8217;int\u00e9resse aussi \u00e0\u00a0l&#8217;influence relative et combin\u00e9e de l&#8217;ordre de naissance biologique et fraternel sur le d\u00e9veloppement des gens. Par exemple, est-ce que les premiers de famille et les enfants uniques sont diff\u00e9rents des autres membre de leur fratrie au niveau de leur personnalit\u00e9, de leurs habilet\u00e9s intellectuelles, de leurs int\u00e9r\u00eats sexuels, de leur propension \u00e0 la d\u00e9linquance, \u00e0 la marginalit\u00e9, etc.?<\/p>\n<p>&nbsp;<\/p>\n<h2><strong>Affiliations professionnelles de recherche<\/strong><strong style=\"font-size: 16px\">\u00a0<\/strong><\/h2>\n<p>&nbsp;<\/p>\n<table>\n<tbody>\n<tr>\n<td>2021\/05-<\/td>\n<td>Chercheur r\u00e9gulier au P\u00f4le de recherche 1 sur les Transformations des pratiques cliniques et organisationnelles, Direction de l\u2019enseignement universitaire et de la recherche (DEUR) CISSS de Laval<\/td>\n<\/tr>\n<tr>\n<td>2019\/05-<\/td>\n<td>Chercheur avec privil\u00e8ges de recherche, Direction administrative de l\u2019enseignement, de la recherche et de l\u2019innovation (DERI), CIUSSS du Saguenay\u2013Lac\u2010Saint\u2010Jean<\/td>\n<\/tr>\n<tr>\n<td>2015\/06-<\/td>\n<td>Chercheur r\u00e9gulier, Centre intersectoriel en sant\u00e9 durable (CISD)<\/td>\n<\/tr>\n<tr>\n<td>2002\/07-<\/td>\n<td>Chercheur affili\u00e9, \u00c9tude longitudinale des Enfants du Qu\u00e9bec (\u00c9LDEQ), Health Qu\u00e9bec Division, Institutes of Statistics, Institut de la statistique du Qu\u00e9bec\u00a0; ET Chercheur responsable de la banque ELDEC pour la r\u00e9gion<\/td>\n<\/tr>\n<tr>\n<td>2002-2010<\/td>\n<td>Membre chercheur du groupe scientifique des Centres Jeunesse du Qu\u00e9bec\/Institut universitaire.<\/td>\n<\/tr>\n<tr>\n<td>1999-2005<\/td>\n<td>Membre chercheur du Sex Research Lab, Law and Mental Health Program, Centre for Addiction and Mental Health, Universit\u00e9 de Toronto.<\/td>\n<\/tr>\n<tr>\n<td>2000-2002<\/td>\n<td>Membre chercheur de l\u2019Agression and Antisocial Behaviour Across the Lifespan Clinical Research Section, Centre for Addiction and Mental Health.<\/td>\n<\/tr>\n<\/tbody>\n<\/table>\n<h2><a href=\"https:\/\/portfolio.uqac.ca\/karinecote\/files\/2026\/04\/Image1.jpg\"><img loading=\"lazy\" decoding=\"async\" class=\"alignleft size-medium wp-image-374\" src=\"https:\/\/portfolio.uqac.ca\/karinecote\/files\/2026\/04\/Image1-300x174.jpg\" alt=\"\" width=\"300\" height=\"174\" srcset=\"https:\/\/portfolio.uqac.ca\/karinecote\/files\/2026\/04\/Image1-300x174.jpg 300w, https:\/\/portfolio.uqac.ca\/karinecote\/files\/2026\/04\/Image1.jpg 629w\" sizes=\"(max-width: 300px) 100vw, 300px\" \/><\/a><\/h2>\n<h2><\/h2>\n<p>&nbsp;<\/p>\n<h2>Subventions (s\u00e9lectionn\u00e9es)<\/h2>\n<p>&nbsp;<\/p>\n<p><strong data-start=\"289\" data-end=\"302\">2025\u20132028<\/strong> \u2014 <strong data-start=\"305\" data-end=\"421\">Acheteurs de services sexuels au Qu\u00e9bec : Profils, motivations et facteurs d\u00e9terminants \u2013 une \u00e9tude multisources<\/strong><br data-start=\"421\" data-end=\"424\" \/>Chercheure principale.<br data-start=\"448\" data-end=\"451\" data-is-only-node=\"\" \/><strong data-start=\"453\" data-end=\"483\">FRQSC \u2013 Actions concert\u00e9es<\/strong>, 330 200 $<\/p>\n<p><strong data-start=\"498\" data-end=\"511\">2025\u20132026<\/strong> \u2014 <strong data-start=\"514\" data-end=\"598\">Soutenir la pr\u00e9vention de l\u2019exploitation sexuelle des mineurs en milieu scolaire<\/strong><br data-start=\"598\" data-end=\"601\" \/>Chercheure principale.<br data-start=\"625\" data-end=\"628\" data-is-only-node=\"\" \/><strong data-start=\"630\" data-end=\"668\">Minist\u00e8re de l\u2019\u00c9ducation du Qu\u00e9bec<\/strong>, 1 205 000 $<\/p>\n<p><strong data-start=\"685\" data-end=\"698\">2024\u20132029<\/strong> \u2014 <strong data-start=\"701\" data-end=\"807\">Programme de recherche alternative \u00e0 la d\u00e9linquance au Centre de r\u00e9adaptation et DPJ du CISSS de Laval<\/strong><br data-start=\"807\" data-end=\"810\" \/>Cocandidate.<br data-start=\"824\" data-end=\"827\" data-is-only-node=\"\" \/><strong data-start=\"829\" data-end=\"857\">S\u00e9curit\u00e9 publique Canada<\/strong>, 1 400 000 $<br data-start=\"870\" data-end=\"873\" \/>Candidat principal : CISSS de Laval<\/p>\n<p><strong data-start=\"914\" data-end=\"927\">2024\u20132026<\/strong> \u2014 <strong data-start=\"930\" data-end=\"1114\">\u00c9valuation des services int\u00e9gr\u00e9s du Service de police de l\u2019agglom\u00e9ration de Longueuil pour r\u00e9pondre aux besoins des personnes victimes d\u2019exploitation sexuelle ou \u00e0 risque de l\u2019\u00eatre<\/strong><br data-start=\"1114\" data-end=\"1117\" \/>Chercheure principale.<br data-start=\"1141\" data-end=\"1144\" data-is-only-node=\"\" \/><strong data-start=\"1146\" data-end=\"1183\">Minist\u00e8re de la Justice du Qu\u00e9bec<\/strong>, 170 000 $<\/p>\n<p><strong data-start=\"1198\" data-end=\"1211\">2023\u20132026<\/strong> \u2014 <strong data-start=\"1214\" data-end=\"1364\">Services pour r\u00e9pondre aux besoins multiples et post-traumatiques des victimes d\u2019exploitation sexuelle et favoriser leur sortie de la prostitution<\/strong><br data-start=\"1364\" data-end=\"1367\" \/>Chercheure principale.<br data-start=\"1391\" data-end=\"1394\" data-is-only-node=\"\" \/><strong data-start=\"1396\" data-end=\"1450\">FRQSC \u2013 Actions concert\u00e9es \u2013 Exploitation sexuelle<\/strong>, 204 000 $<\/p>\n<p><strong data-start=\"1465\" data-end=\"1478\">2023\u20132025<\/strong> \u2014 <strong data-start=\"1481\" data-end=\"1609\">Leviers d\u2019intervention aupr\u00e8s des personnes achetant ou susceptibles d\u2019acheter des services sexuels : un examen de la port\u00e9e<\/strong><br data-start=\"1609\" data-end=\"1612\" \/>Cochercheure.<br data-start=\"1627\" data-end=\"1630\" data-is-only-node=\"\" \/><strong data-start=\"1632\" data-end=\"1686\">FRQSC \u2013 Actions concert\u00e9es \u2013 Exploitation sexuelle<\/strong>, 60 000 $<\/p>\n<p><strong data-start=\"1700\" data-end=\"1713\">2023\u20132025<\/strong> \u2014 <strong data-start=\"1716\" data-end=\"1846\">Exploitation sexuelle des mineurs : leviers et barri\u00e8res aux pratiques psychosociales destin\u00e9es aux victimes et aux prox\u00e9n\u00e8tes<\/strong><br data-start=\"1846\" data-end=\"1849\" \/>Cochercheure.<br data-start=\"1864\" data-end=\"1867\" data-is-only-node=\"\" \/><strong data-start=\"1869\" data-end=\"1923\">FRQSC \u2013 Actions concert\u00e9es \u2013 Exploitation sexuelle<\/strong>, 60 000 $<\/p>\n<p><strong data-start=\"1937\" data-end=\"1950\">2022\u20132027<\/strong> \u2014 <strong data-start=\"1953\" data-end=\"2057\">D\u00e9veloppement, implantation et \u00e9valuation d\u2019une pratique d\u2019intervention web en exploitation sexuelle<\/strong><br data-start=\"2057\" data-end=\"2060\" \/>Cochercheure.<br data-start=\"2075\" data-end=\"2078\" data-is-only-node=\"\" \/><strong data-start=\"2080\" data-end=\"2127\">Minist\u00e8re de la S\u00e9curit\u00e9 publique du Qu\u00e9bec<\/strong>, 500 000 $<br data-start=\"2138\" data-end=\"2141\" \/>Chercheur principal : PIPQ \u2013 Projet Intervention Prostitution Qu\u00e9bec<\/p>\n<p><strong data-start=\"2215\" data-end=\"2223\">2022<\/strong> \u2014 <strong data-start=\"2226\" data-end=\"2383\">Recension des \u00e9crits sur les facteurs de risque et de protection de l\u2019exploitation sexuelle pour bonifier les contenus en \u00e9ducation \u00e0 la sexualit\u00e9 du MEQ<\/strong><br data-start=\"2383\" data-end=\"2386\" \/>Chercheure principale.<br data-start=\"2410\" data-end=\"2413\" data-is-only-node=\"\" \/><strong data-start=\"2415\" data-end=\"2453\">Minist\u00e8re de l\u2019\u00c9ducation du Qu\u00e9bec<\/strong>, 50 000 $<\/p>\n<p><strong data-start=\"2467\" data-end=\"2480\">2022\u20132023<\/strong> \u2014 <strong data-start=\"2483\" data-end=\"2527\">Pr\u00e9venir l\u2019exploitation sexuelle \u2013 suite<\/strong><br data-start=\"2527\" data-end=\"2530\" \/>Cochercheure.<br data-start=\"2545\" data-end=\"2548\" data-is-only-node=\"\" \/><strong data-start=\"2550\" data-end=\"2597\">Minist\u00e8re de la S\u00e9curit\u00e9 publique du Qu\u00e9bec<\/strong>, 43 540 $<\/p>\n<p><strong data-start=\"2611\" data-end=\"2624\">2021\u20132024<\/strong> \u2014 <strong data-start=\"2627\" data-end=\"2742\">Pratiques prometteuses et autonomisation des femmes et des filles survivantes de la traite \u00e0 des fins sexuelles<\/strong><br data-start=\"2742\" data-end=\"2745\" \/>Cochercheure.<br data-start=\"2760\" data-end=\"2763\" data-is-only-node=\"\" \/><strong data-start=\"2765\" data-end=\"2804\">Femmes et \u00c9galit\u00e9 des genres Canada<\/strong>, 371 880 $<br data-start=\"2815\" data-end=\"2818\" \/>Chercheur principal : CALACS-Maison Isa<\/p>\n<p><strong data-start=\"2863\" data-end=\"2876\">2021\u20132022<\/strong> \u2014 <strong data-start=\"2879\" data-end=\"3086\">Cr\u00e9ation et diffusion d\u2019un protocole d\u2019\u00e9valuation standardis\u00e9 destin\u00e9 aux intervenants pour \u00e9valuer les besoins multiples des jeunes et des adultes dans la prostitution : un partenariat recherche-milieux<\/strong><br data-start=\"3086\" data-end=\"3089\" \/>Chercheure principale.<br data-start=\"3113\" data-end=\"3116\" data-is-only-node=\"\" \/><strong data-start=\"3118\" data-end=\"3155\">Minist\u00e8re de la Justice du Qu\u00e9bec<\/strong>, 159 846 $<br data-start=\"3166\" data-end=\"3169\" \/>Cochercheur : Christopher M. Earls<\/p>\n<p><strong data-start=\"3209\" data-end=\"3222\">2020\u20132022<\/strong> \u2014 <strong data-start=\"3225\" data-end=\"3297\">Aire ouverte : projet de r\u00e9seau de services int\u00e9gr\u00e9s pour les jeunes<\/strong><br data-start=\"3297\" data-end=\"3300\" \/>Cochercheure.<br data-start=\"3315\" data-end=\"3318\" data-is-only-node=\"\" \/><strong data-start=\"3320\" data-end=\"3379\">Minist\u00e8re de la Sant\u00e9 et des Services sociaux du Qu\u00e9bec<\/strong>, 1 400 000 $<\/p>\n<p><strong data-start=\"3396\" data-end=\"3409\">2020\u20132022<\/strong> \u2014 <strong data-start=\"3412\" data-end=\"3484\">Aire ouverte : projet de r\u00e9seau de services int\u00e9gr\u00e9s pour les jeunes<\/strong><br data-start=\"3484\" data-end=\"3487\" \/>Cochercheure.<br data-start=\"3502\" data-end=\"3505\" data-is-only-node=\"\" \/><strong data-start=\"3507\" data-end=\"3521\">FRQ-CIUSSS<\/strong>, 1 $<\/p>\n<p><strong data-start=\"3530\" data-end=\"3543\">2020\u20132021<\/strong> \u2014 <strong data-start=\"3546\" data-end=\"3632\">Pr\u00e9vention et intervention pr\u00e9coce pour contrer l\u2019exploitation sexuelle des jeunes<\/strong><br data-start=\"3632\" data-end=\"3635\" \/>Chercheure principale.<br data-start=\"3659\" data-end=\"3662\" data-is-only-node=\"\" \/><strong data-start=\"3664\" data-end=\"3711\">Minist\u00e8re de la S\u00e9curit\u00e9 publique du Qu\u00e9bec<\/strong>, 35 000 $<\/p>\n<p><strong data-start=\"3725\" data-end=\"3738\">2018\u20132021<\/strong> \u2014 <strong data-start=\"3741\" data-end=\"3919\">La prostitution juv\u00e9nile chez les adolescent(e)s en Centres jeunesse du Qu\u00e9bec : \u00e9tat de la situation et r\u00e9alit\u00e9s pour mieux pr\u00e9venir et intervenir aupr\u00e8s des jeunes \u00e0 risque<\/strong><br data-start=\"3919\" data-end=\"3922\" \/>Chercheure principale.<br data-start=\"3946\" data-end=\"3949\" data-is-only-node=\"\" \/><strong data-start=\"3951\" data-end=\"3985\">Minist\u00e8re de la Justice Canada<\/strong>, 261 219 $<br data-start=\"3996\" data-end=\"3999\" \/>Cochercheurs : S. Boivin, J. Dion, C. M. Earls<\/p>\n<p><strong data-start=\"4051\" data-end=\"4064\">2017\u20132021<\/strong> \u2014 <strong data-start=\"4067\" data-end=\"4181\">Mieux conna\u00eetre les jeunes et leurs perceptions pour mieux pr\u00e9venir la prostitution et l\u2019exploitation sexuelle<\/strong><br data-start=\"4181\" data-end=\"4184\" \/>Chercheure principale.<br data-start=\"4208\" data-end=\"4211\" data-is-only-node=\"\" \/><strong data-start=\"4213\" data-end=\"4260\">Minist\u00e8re de la S\u00e9curit\u00e9 publique du Qu\u00e9bec<\/strong>, 275 000 $ (Chercheur principal pour 50% An 1, 2 et 3; 90000$),<\/p>\n<p><strong data-start=\"4275\" data-end=\"4288\">2017\u20132021<\/strong> \u2014 <strong data-start=\"4291\" data-end=\"4397\">Documenter, pr\u00e9venir et contrer l\u2019exploitation sexuelle des jeunes de 14 \u00e0 25 ans au Bas-Saint-Laurent<\/strong><br data-start=\"4397\" data-end=\"4400\" \/>Cochercheure.<br data-start=\"4415\" data-end=\"4418\" data-is-only-node=\"\" \/><strong data-start=\"4420\" data-end=\"4457\">Minist\u00e8re de la S\u00e9curit\u00e9 publique<\/strong>, 275 000 $\u00a0<br data-start=\"4468\" data-end=\"4471\" \/>Candidat principal : Table de concertation des groupes de femmes du Bas-Saint-Laurent<\/p>\n<p><strong data-start=\"4562\" data-end=\"4575\">2017\u20132020<\/strong> \u2014 <strong data-start=\"4578\" data-end=\"4738\">Vers l\u2019\u00e9limination des obstacles \u00e0 l\u2019\u00e9galit\u00e9 des sexes : travailler localement pour mieux r\u00e9pondre aux besoins des femmes ayant un v\u00e9cu dans la prostitution<\/strong><br data-start=\"4738\" data-end=\"4741\" \/>Cochercheure.<br data-start=\"4756\" data-end=\"4759\" data-is-only-node=\"\" \/><strong data-start=\"4761\" data-end=\"4790\">Condition f\u00e9minine Canada<\/strong>, 289 119 $<br data-start=\"4801\" data-end=\"4804\" \/>Chercheur principal : Maison Isa (CALACS)<\/p>\n<p><strong data-start=\"4851\" data-end=\"4864\">2017\u20132019<\/strong> \u2014 <strong data-start=\"4867\" data-end=\"4933\">Se mobiliser pour pr\u00e9venir la violence envers les adolescentes<\/strong><br data-start=\"4933\" data-end=\"4936\" \/>Cochercheure.<br data-start=\"4951\" data-end=\"4954\" data-is-only-node=\"\" \/><strong data-start=\"4956\" data-end=\"5004\">Secr\u00e9tariat \u00e0 la condition f\u00e9minine (Qu\u00e9bec)<\/strong>, 49 000 $<br data-start=\"5014\" data-end=\"5017\" \/>Chercheure principale : J. Dion<\/p>\n<p><strong data-start=\"5054\" data-end=\"5067\">2017\u20132018<\/strong> \u2014 <strong data-start=\"5070\" data-end=\"5173\">Travailler localement pour mieux r\u00e9pondre aux besoins des femmes ayant un v\u00e9cu dans la prostitution<\/strong><br data-start=\"5173\" data-end=\"5176\" \/>Candidate principale.<br data-start=\"5199\" data-end=\"5202\" data-is-only-node=\"\" \/><strong data-start=\"5204\" data-end=\"5225\">CALACS-Maison Isa<\/strong>, 9 000 $<\/p>\n<p><strong data-start=\"5238\" data-end=\"5251\">2017\u20132019<\/strong> \u2014 <strong data-start=\"5254\" data-end=\"5430\">Les couloirs de la violence amoureuse : analyse des effets proximaux d\u2019un programme r\u00e9gional de pr\u00e9vention de la violence dans les relations amoureuses chez les adolescents<\/strong><br data-start=\"5430\" data-end=\"5433\" \/>Cochercheure.<br data-start=\"5448\" data-end=\"5451\" data-is-only-node=\"\" \/><strong data-start=\"5453\" data-end=\"5476\">Fondation de l\u2019UQAC<\/strong>, 10 000 $<br data-start=\"5486\" data-end=\"5489\" \/>Chercheure principale : J. Dion<\/p>\n<p><strong data-start=\"5526\" data-end=\"5539\">2013\u20132015<\/strong> \u2014 <strong data-start=\"5542\" data-end=\"5584\">Les prostitu\u00e9(e)s au Bas-Saint-Laurent<\/strong><br data-start=\"5584\" data-end=\"5587\" \/>Chercheure principale.<br data-start=\"5611\" data-end=\"5614\" data-is-only-node=\"\" \/><strong data-start=\"5616\" data-end=\"5679\">Secr\u00e9tariat \u00e0 la condition f\u00e9minine \/ partenaires r\u00e9gionaux<\/strong>, 38 243 $<br data-start=\"5689\" data-end=\"5692\" \/>Cochercheur : C. M. Earls<\/p>\n<p><strong data-start=\"5723\" data-end=\"5736\">2011\u20132012<\/strong> \u2014 <strong data-start=\"5739\" data-end=\"5843\">Profil et besoins des femmes qui offrent des services sexuels dans des centres de massages \u00e9rotiques<\/strong><br data-start=\"5843\" data-end=\"5846\" \/>Chercheure principale.<br data-start=\"5870\" data-end=\"5873\" data-is-only-node=\"\" \/><strong data-start=\"5875\" data-end=\"5890\">UQAC (PAIR)<\/strong>, 2 000 $<\/p>\n<p><strong data-start=\"5903\" data-end=\"5916\">2006\u20132009<\/strong> \u2014 <strong data-start=\"5919\" data-end=\"5986\">Why Do Some Men Rape? Understanding Sexual Arousal to Rape Cues<\/strong><br data-start=\"5986\" data-end=\"5989\" \/>Cochercheure.<br data-start=\"6004\" data-end=\"6007\" data-is-only-node=\"\" \/><strong data-start=\"6009\" data-end=\"6017\">CRSH<\/strong>, 156 359 $<br data-start=\"6028\" data-end=\"6031\" \/>Chercheur principal : M. L. Lalumi\u00e8re<\/p>\n<p><strong data-start=\"6074\" data-end=\"6087\">2001\u20132004<\/strong> \u2014 <strong data-start=\"6090\" data-end=\"6206\">L\u2019influence de l\u2019ordre de naissance sur le d\u00e9veloppement : une \u00e9tude aupr\u00e8s de personnes adopt\u00e9es \u00e0 la naissance<\/strong><br data-start=\"6206\" data-end=\"6209\" \/>Cochercheure principal.<br data-start=\"6224\" data-end=\"6227\" data-is-only-node=\"\" \/><strong data-start=\"6229\" data-end=\"6237\">CRSH<\/strong>, 165 000 $<br data-start=\"6248\" data-end=\"6251\" \/>Chercheur principal : M. L. Lalumi\u00e8re<\/p>\n<p>&nbsp;<\/p>\n<p>&nbsp;<\/p>\n<p>&nbsp;<\/p>\n","protected":false},"excerpt":{"rendered":"<p>Projets de recherche Mon expertise et mes int\u00e9r\u00eats de recherche peuvent se r\u00e9sumer avec les mots-cl\u00e9s suivants\u00a0: Mots-cl\u00e9s : psychologie, prostitution, exploitation sexuelle, traite de personnes, facteurs de risque, facteurs de protection, influence de la famille, adoption, marginalit\u00e9, d\u00e9linquance, violence, \u00e9valuation, programme d\u2019intervention et de sensibilisation, efficacit\u00e9 Mes principaux projets de recherche actuels peuvent se &hellip; <a href=\"https:\/\/portfolio.uqac.ca\/karinecote\/recherche\/\" class=\"more-link\">Continuer la lecture de <span class=\"screen-reader-text\">Recherche<\/span>  <span class=\"meta-nav\">&rarr;<\/span><\/a><\/p>\n","protected":false},"author":157,"featured_media":0,"parent":0,"menu_order":0,"comment_status":"closed","ping_status":"closed","template":"","meta":{"footnotes":""},"tags":[],"_links":{"self":[{"href":"https:\/\/portfolio.uqac.ca\/karinecote\/wp-json\/wp\/v2\/pages\/46"}],"collection":[{"href":"https:\/\/portfolio.uqac.ca\/karinecote\/wp-json\/wp\/v2\/pages"}],"about":[{"href":"https:\/\/portfolio.uqac.ca\/karinecote\/wp-json\/wp\/v2\/types\/page"}],"author":[{"embeddable":true,"href":"https:\/\/portfolio.uqac.ca\/karinecote\/wp-json\/wp\/v2\/users\/157"}],"replies":[{"embeddable":true,"href":"https:\/\/portfolio.uqac.ca\/karinecote\/wp-json\/wp\/v2\/comments?post=46"}],"version-history":[{"count":28,"href":"https:\/\/portfolio.uqac.ca\/karinecote\/wp-json\/wp\/v2\/pages\/46\/revisions"}],"predecessor-version":[{"id":376,"href":"https:\/\/portfolio.uqac.ca\/karinecote\/wp-json\/wp\/v2\/pages\/46\/revisions\/376"}],"wp:attachment":[{"href":"https:\/\/portfolio.uqac.ca\/karinecote\/wp-json\/wp\/v2\/media?parent=46"}],"wp:term":[{"taxonomy":"post_tag","embeddable":true,"href":"https:\/\/portfolio.uqac.ca\/karinecote\/wp-json\/wp\/v2\/tags?post=46"}],"curies":[{"name":"wp","href":"https:\/\/api.w.org\/{rel}","templated":true}]}}