{"id":162,"date":"2019-09-06T10:59:30","date_gmt":"2019-09-06T14:59:30","guid":{"rendered":"http:\/\/portfolio-pre.uqac.ca\/gabarit\/?page_id=162"},"modified":"2022-04-08T10:44:51","modified_gmt":"2022-04-08T14:44:51","slug":"articles","status":"publish","type":"page","link":"https:\/\/portfolio.uqac.ca\/laurelinechiapello\/articles\/","title":{"rendered":"Articles et Chapitres de livres"},"content":{"rendered":"<h5>Article de journaux<\/h5>\n<p>Chiapello, L. (\u00e0 venir). Cr\u00e9ativit\u00e9 et r\u00e9flexivit\u00e9 dans Animal Crossing New Horizons. Quand la situation \u00ab\u00a0en jeu\u00bb constitue un rem\u00e8de \u00e0 la situation \u00ab\u00a0en vrai\u00a0\u00bb. <i>Kinephanos, num\u00e9ro sp\u00e9cial\u00a0<\/i><em>Le jeu en temps de pand\u00e9mie : rem\u00e8de ou \u00e9chappatoire<\/em>, 1-28.<span class=\"Apple-converted-space\">\u00a0<\/span><\/p>\n<p>Chiapello, L. (2021). Creativity paradigms and game design research: a transdisciplinary approach. <i>The Journal of Creative Behavior, Published Online<\/i>(Early access : https:\/\/doi.org\/10.1002\/jocb.520), 1-13.<span class=\"Apple-converted-space\">\u00a0<\/span><\/p>\n<p>Chiapello, L. (2021). La cr\u00e9ativit\u00e9 dans l\u2019industrie du jeu vid\u00e9o au Qu\u00e9bec: un colosse aux pieds d\u2019argile ? <i>Loading&#8230;<span class=\"Apple-converted-space\">\u00a0 <\/span>The Journal of the Canadian Game Studies Association, 14<\/i>(23), 77-99.<span class=\"Apple-converted-space\">\u00a0<\/span><\/p>\n<p>Chiapello, L. (2021). Game Designers and the Ludo Mix: Constructing an Aesthetic Experience. <i>Transactions of the Digital Games Research Association (ToDIGRA), 5<\/i>(2), 33-70.<span class=\"Apple-converted-space\">\u00a0<\/span><\/p>\n<p>Beck, J., &amp; Chiapello, L. (2018). Sch\u00f6n&#8217;s intellectual legacy: A citation analysis of DRS publications (2010\u20132016). Design Studies, 56, 205-224. Disponible en ligne : <a href=\"https:\/\/www.sciencedirect.com\/science\/article\/pii\/S0142694X17300741\">https:\/\/www.sciencedirect.com\/science\/article\/pii\/S0142694X17300741<\/a> <span class=\"Apple-converted-space\">\u00a0<\/span><\/p>\n<p>Chiapello, L. (2015). L\u2019Apport des th\u00e9ories du design aux game studies : nouvelles perspectives en design de jeux vid\u00e9o. RACAR Revue d\u2019Art Canadienne, Num\u00e9ro sp\u00e9cial : Les \u00e9tudes du design au Canada et au-del\u00e0 : un \u00e9tat des lieux, p.100-113. Disponible en ligne : <a href=\"https:\/\/www.uaac-aauc.com\/sites\/default\/files\/40_2_Chiapello.pdf\">https:\/\/www.uaac-aauc.com\/sites\/default\/files\/40_2_Chiapello.pdf<\/a><\/p>\n<p>Chiapello, L. (2015). Le designer de jeux vid\u00e9o comme agent d\u2019\u00e9volution \u00e0 l\u2019\u00e8re du jeu casual. Sciences du jeu (4), revue en ligne : <a href=\"https:\/\/sdj.revues.org\/474\">https:\/\/sdj.revues.org\/474<\/a><\/p>\n<p>&nbsp;<\/p>\n<h5><strong>Chapitres de livres<\/strong><\/h5>\n<p>Chiapello, L. (2020). A pragmatic inquiry on creativity. Dans V. D\u00f6rfler &amp; M. Stierand (dir.), <em>Handbook of Research Methods on Creativity<\/em> (p. 152-164). Cheltenham, UK: Edward Elgar.<\/p>\n<p><a href=\"https:\/\/www.e-elgar.com\/shop\/usd\/handbook-of-research-methods-on-creativity-9781786439642.html\">https:\/\/www.e-elgar.com\/shop\/usd\/handbook-of-research-methods-on-creativity-9781786439642.html<\/a><\/p>\n<p>Chiapello, L. (2017). <em>Epistemological Underpinnings in <strong>Game Design Research<\/strong><\/em>. Dans P. Lankoski &amp; J. Holopainen (\u00e9diteurs), Game Design Research: An Introduction to Theory &amp; Practice, Carnegie Mellon University ETC Press.<\/p>\n<p><a href=\"https:\/\/press.etc.cmu.edu\/index.php\/product\/game-design-research\/\">https:\/\/press.etc.cmu.edu\/index.php\/product\/game-design-research\/<\/a><\/p>\n<p>Chiapello, L. (2016). <em>Casual gaming: The changing <strong>role of the designer<\/strong><\/em>. Dans M.\u00a0Willson &amp; T. Leaver (\u00e9diteurs), Social, Casual and Mobile Games: The Changing Gaming Landscape, Bloomsbury Press.<\/p>\n<p><a href=\"https:\/\/www.bloomsbury.com\/us\/social-casual-and-mobile-games-9781501310584\/\">https:\/\/www.bloomsbury.com\/us\/social-casual-and-mobile-games-9781501310584\/<\/a><\/p>\n","protected":false},"excerpt":{"rendered":"<p>Article de journaux Chiapello, L. (\u00e0 venir). Cr\u00e9ativit\u00e9 et r\u00e9flexivit\u00e9 dans Animal Crossing New Horizons. Quand la situation \u00ab\u00a0en jeu\u00bb constitue un rem\u00e8de \u00e0 la situation \u00ab\u00a0en vrai\u00a0\u00bb. Kinephanos, num\u00e9ro sp\u00e9cial\u00a0Le jeu en temps de pand\u00e9mie : rem\u00e8de ou \u00e9chappatoire, 1-28.\u00a0 Chiapello, L. (2021). Creativity paradigms and game design research: a transdisciplinary approach. The Journal &hellip; <a href=\"https:\/\/portfolio.uqac.ca\/laurelinechiapello\/articles\/\" class=\"more-link\">Continuer la lecture de <span class=\"screen-reader-text\">Articles et Chapitres de livres<\/span>  <span class=\"meta-nav\">&rarr;<\/span><\/a><\/p>\n","protected":false},"author":282,"featured_media":0,"parent":0,"menu_order":0,"comment_status":"closed","ping_status":"closed","template":"","meta":{"footnotes":""},"tags":[],"_links":{"self":[{"href":"https:\/\/portfolio.uqac.ca\/laurelinechiapello\/wp-json\/wp\/v2\/pages\/162"}],"collection":[{"href":"https:\/\/portfolio.uqac.ca\/laurelinechiapello\/wp-json\/wp\/v2\/pages"}],"about":[{"href":"https:\/\/portfolio.uqac.ca\/laurelinechiapello\/wp-json\/wp\/v2\/types\/page"}],"author":[{"embeddable":true,"href":"https:\/\/portfolio.uqac.ca\/laurelinechiapello\/wp-json\/wp\/v2\/users\/282"}],"replies":[{"embeddable":true,"href":"https:\/\/portfolio.uqac.ca\/laurelinechiapello\/wp-json\/wp\/v2\/comments?post=162"}],"version-history":[{"count":12,"href":"https:\/\/portfolio.uqac.ca\/laurelinechiapello\/wp-json\/wp\/v2\/pages\/162\/revisions"}],"predecessor-version":[{"id":252,"href":"https:\/\/portfolio.uqac.ca\/laurelinechiapello\/wp-json\/wp\/v2\/pages\/162\/revisions\/252"}],"wp:attachment":[{"href":"https:\/\/portfolio.uqac.ca\/laurelinechiapello\/wp-json\/wp\/v2\/media?parent=162"}],"wp:term":[{"taxonomy":"post_tag","embeddable":true,"href":"https:\/\/portfolio.uqac.ca\/laurelinechiapello\/wp-json\/wp\/v2\/tags?post=162"}],"curies":[{"name":"wp","href":"https:\/\/api.w.org\/{rel}","templated":true}]}}