{"id":165,"date":"2019-09-06T10:59:30","date_gmt":"2019-09-06T14:59:30","guid":{"rendered":"http:\/\/portfolio-pre.uqac.ca\/gabarit\/?page_id=165"},"modified":"2022-04-08T10:34:39","modified_gmt":"2022-04-08T14:34:39","slug":"actescolloques","status":"publish","type":"page","link":"https:\/\/portfolio.uqac.ca\/laurelinechiapello\/actescolloques\/","title":{"rendered":"Actes de colloques"},"content":{"rendered":"<p>Chiapello, L. (2022). It\u2019s complicated: Dewey, Sch\u00f6n and reflection-in-action. Dans Design Research Society Conference 2022, Bilbao.<span class=\"Apple-converted-space\">\u00a0<\/span><\/p>\n<p>Chiapello, L. et Dumitrache, I. (2022). <i>From Analysis to Systemic Modelisation of Games: The Equilibrium Gameplay Loop<\/i>. Game Analysis Perspectives Conference, Copenhague.<\/p>\n<p>Chiapello, L. (2019). <em>Ludo Mix as an Aesthetic Experience: Designing Games for Franchises.<\/em> <em>Extended abstract<\/em> pr\u00e9sent\u00e9 \u00e0 la Digital Games Research Association (DiGra) 2019 conference : Game, Play and the Emerging Ludomix, Kyoto, Japon<\/p>\n<p>Chiapello, L. (2019). <em>How to study Japanese game design? Avoiding a game design Nihonjinron.<\/em> <em>Extended abstract<\/em>pr\u00e9sent\u00e9 \u00e0 la Replaying Japan 2019: The 7th International Japan Game Studies Conference, Kyoto, Japon.<\/p>\n<p>Beck, J., &amp; Chiapello, L. (2018). Scholarly critique as a catalyst for community building. Article pr\u00e9sent\u00e9 \u00e0 la conf\u00e9rence de la Design Research Society 2018: Catalyst, Limerick, Irlande. Best Paper Award.<\/p>\n<p>Chiapello, L. (2017). A case of values conflict in the video game design field. A critique of Sch\u00f6n&#8217;s appreciative system. Article pr\u00e9sent\u00e9 \u00e0 la conf\u00e9rence de la European Academy of Design 12: Design for Next, Rome, Italie.<\/p>\n<p>Chiapello, L. (2016). From &#8221; spectator knowledge &#8221; to &#8221; pragmatic knowledge \u201c: how a philosophical understanding of knowledge can help create better video game tutorials. Article pr\u00e9sent\u00e9 \u00e0 la conf\u00e9rence The Philosophy of Computer Games Conference: Knowledge, La Valette, Malte.<\/p>\n<p>Beck, J., &amp; Chiapello, L. (2016). Sch\u00f6n\u2019s Legacy: Examining Contemporary Citation Practices in Design Research Society Publications. Article pr\u00e9sent\u00e9 \u00e0 la conference de la Design Research Society 2016: Design + Research + Society &#8211; Future-Focused Thinking, Brighton, Angleterre.<\/p>\n<p>Chiapello, L. (2015). Creativity in the video game industry: using Sch\u00f6n\u2019s constants to understand frame creation. Article pr\u00e9sent\u00e9 \u00e0 la European Academy of Design 11: The value of design research, Paris, France.<\/p>\n<p>Chiapello, L. (2014). A Model of Game Design Activity: New Perspectives on Creativity and Innovation. Article pr\u00e9sent\u00e9 au Computer-Human Interaction in Play (CHI PLAY) 2014, Toronto, ON.<\/p>\n<p>Chiapello, L. (2013). Formalizing casual games: A study based on game designers\u2019 professional knowledge. Article pr\u00e9sent\u00e9 \u00e0 la Digital Research Association (DiGRA) 2013 Conference: DeFragging Game Studies, Atlanta, GA.<\/p>\n<p>Chiapello, L. (2012). Utiliser les travaux de Donald Sch\u00f6n pour \u00e9tudier les jeux vid\u00e9o : exemple de la d\u00e9finition du casual game. Article pr\u00e9sent\u00e9 au Deuxi\u00e8me colloque de la recherche en am\u00e9nagement \u00ab Diversit\u00e9s et Convergences \u00bb, Montr\u00e9al, QC.<\/p>\n","protected":false},"excerpt":{"rendered":"<p>Chiapello, L. (2022). It\u2019s complicated: Dewey, Sch\u00f6n and reflection-in-action. Dans Design Research Society Conference 2022, Bilbao.\u00a0 Chiapello, L. et Dumitrache, I. (2022). From Analysis to Systemic Modelisation of Games: The Equilibrium Gameplay Loop. Game Analysis Perspectives Conference, Copenhague. Chiapello, L. (2019). Ludo Mix as an Aesthetic Experience: Designing Games for Franchises. Extended abstract pr\u00e9sent\u00e9 \u00e0 &hellip; <a href=\"https:\/\/portfolio.uqac.ca\/laurelinechiapello\/actescolloques\/\" class=\"more-link\">Continuer la lecture de <span class=\"screen-reader-text\">Actes de colloques<\/span>  <span class=\"meta-nav\">&rarr;<\/span><\/a><\/p>\n","protected":false},"author":282,"featured_media":0,"parent":0,"menu_order":0,"comment_status":"closed","ping_status":"closed","template":"","meta":{"footnotes":""},"tags":[],"_links":{"self":[{"href":"https:\/\/portfolio.uqac.ca\/laurelinechiapello\/wp-json\/wp\/v2\/pages\/165"}],"collection":[{"href":"https:\/\/portfolio.uqac.ca\/laurelinechiapello\/wp-json\/wp\/v2\/pages"}],"about":[{"href":"https:\/\/portfolio.uqac.ca\/laurelinechiapello\/wp-json\/wp\/v2\/types\/page"}],"author":[{"embeddable":true,"href":"https:\/\/portfolio.uqac.ca\/laurelinechiapello\/wp-json\/wp\/v2\/users\/282"}],"replies":[{"embeddable":true,"href":"https:\/\/portfolio.uqac.ca\/laurelinechiapello\/wp-json\/wp\/v2\/comments?post=165"}],"version-history":[{"count":7,"href":"https:\/\/portfolio.uqac.ca\/laurelinechiapello\/wp-json\/wp\/v2\/pages\/165\/revisions"}],"predecessor-version":[{"id":246,"href":"https:\/\/portfolio.uqac.ca\/laurelinechiapello\/wp-json\/wp\/v2\/pages\/165\/revisions\/246"}],"wp:attachment":[{"href":"https:\/\/portfolio.uqac.ca\/laurelinechiapello\/wp-json\/wp\/v2\/media?parent=165"}],"wp:term":[{"taxonomy":"post_tag","embeddable":true,"href":"https:\/\/portfolio.uqac.ca\/laurelinechiapello\/wp-json\/wp\/v2\/tags?post=165"}],"curies":[{"name":"wp","href":"https:\/\/api.w.org\/{rel}","templated":true}]}}