{"id":167,"date":"2019-09-06T10:59:30","date_gmt":"2019-09-06T14:59:30","guid":{"rendered":"http:\/\/portfolio-pre.uqac.ca\/gabarit\/?page_id=167"},"modified":"2022-04-08T10:40:36","modified_gmt":"2022-04-08T14:40:36","slug":"autres-publications","status":"publish","type":"page","link":"https:\/\/portfolio.uqac.ca\/laurelinechiapello\/autres-publications\/","title":{"rendered":"Relations avec les m\u00e9dias"},"content":{"rendered":"<p>&nbsp;<\/p>\n<p><strong>\u00a0Celles et ceux qui font vos jeux.<\/strong><i><strong>\u00a0<\/strong>\u00a0<\/i><i>Le Quotidien de Chicoutimi, (2021, 10 avril 2021)<\/i><span class=\"Apple-converted-space\">\u00a0<\/span><br \/>\n<a href=\"https:\/\/www.lequotidien.com\/2021\/04\/10\/celles-et-ceux-qui-font-vos-jeux-9ffcdf917f9706e236cbc5ce5d853ce5\">https:\/\/www.lequotidien.com\/2021\/04\/10\/celles-et-ceux-qui-font-vos-jeux-9ffcdf917f9706e236cbc5ce5d853ce5<\/a><\/p>\n<p><strong>J\u2019utilise la philosophie pour stopper le clonage de jeux vid\u00e9o<\/strong><br \/>\nForum, UdeM Nouvelles le 8 juin 2017.<br \/>\n<a href=\"https:\/\/nouvelles.umontreal.ca\/article\/2017\/06\/08\/j-utilise-la-philosophie-pour-stopper-le-clonage-de-jeux-videos\/\">https:\/\/nouvelles.umontreal.ca\/article\/2017\/06\/08\/j-utilise-la-philosophie-pour-stopper-le-clonage-de-jeux-videos\/<\/a><\/p>\n<p><strong>\u00cates-vous pr\u00eat pour le changement ? L\u2019intelligence artificielle \u00e0 Montr\u00e9al<\/strong><br \/>\nBlog de la Chambre de commerce du Montr\u00e9al m\u00e9tropolitain, mai 2017<br \/>\n<a href=\"https:\/\/www.ccmm.ca\/fr\/nouvelles\/blog_etes_vous_prets_pour_le_changement\">https:\/\/www.ccmm.ca\/fr\/nouvelles\/blog_etes_vous_prets_pour_le_changement<\/a><\/p>\n<p><strong>Une doctorante \u00e9labore une philosophie du jeu vid\u00e9o<\/strong><br \/>\nForum, UdeM Nouvelles le 27 avril 2017.<br \/>\n<a href=\"https:\/\/nouvelles.umontreal.ca\/article\/2017\/04\/27\/une-doctorante-elabore-une-philosophie-du-jeu-video\/\">https:\/\/nouvelles.umontreal.ca\/article\/2017\/04\/27\/une-doctorante-elabore-une-philosophie-du-jeu-video\/<\/a><\/p>\n","protected":false},"excerpt":{"rendered":"<p>&nbsp; \u00a0Celles et ceux qui font vos jeux.\u00a0\u00a0Le Quotidien de Chicoutimi, (2021, 10 avril 2021)\u00a0 https:\/\/www.lequotidien.com\/2021\/04\/10\/celles-et-ceux-qui-font-vos-jeux-9ffcdf917f9706e236cbc5ce5d853ce5 J\u2019utilise la philosophie pour stopper le clonage de jeux vid\u00e9o Forum, UdeM Nouvelles le 8 juin 2017. https:\/\/nouvelles.umontreal.ca\/article\/2017\/06\/08\/j-utilise-la-philosophie-pour-stopper-le-clonage-de-jeux-videos\/ \u00cates-vous pr\u00eat pour le changement ? L\u2019intelligence artificielle \u00e0 Montr\u00e9al Blog de la Chambre de commerce du Montr\u00e9al m\u00e9tropolitain, mai 2017 &hellip; <a href=\"https:\/\/portfolio.uqac.ca\/laurelinechiapello\/autres-publications\/\" class=\"more-link\">Continuer la lecture de <span class=\"screen-reader-text\">Relations avec les m\u00e9dias<\/span>  <span class=\"meta-nav\">&rarr;<\/span><\/a><\/p>\n","protected":false},"author":282,"featured_media":0,"parent":0,"menu_order":0,"comment_status":"closed","ping_status":"closed","template":"","meta":{"footnotes":""},"tags":[],"_links":{"self":[{"href":"https:\/\/portfolio.uqac.ca\/laurelinechiapello\/wp-json\/wp\/v2\/pages\/167"}],"collection":[{"href":"https:\/\/portfolio.uqac.ca\/laurelinechiapello\/wp-json\/wp\/v2\/pages"}],"about":[{"href":"https:\/\/portfolio.uqac.ca\/laurelinechiapello\/wp-json\/wp\/v2\/types\/page"}],"author":[{"embeddable":true,"href":"https:\/\/portfolio.uqac.ca\/laurelinechiapello\/wp-json\/wp\/v2\/users\/282"}],"replies":[{"embeddable":true,"href":"https:\/\/portfolio.uqac.ca\/laurelinechiapello\/wp-json\/wp\/v2\/comments?post=167"}],"version-history":[{"count":8,"href":"https:\/\/portfolio.uqac.ca\/laurelinechiapello\/wp-json\/wp\/v2\/pages\/167\/revisions"}],"predecessor-version":[{"id":250,"href":"https:\/\/portfolio.uqac.ca\/laurelinechiapello\/wp-json\/wp\/v2\/pages\/167\/revisions\/250"}],"wp:attachment":[{"href":"https:\/\/portfolio.uqac.ca\/laurelinechiapello\/wp-json\/wp\/v2\/media?parent=167"}],"wp:term":[{"taxonomy":"post_tag","embeddable":true,"href":"https:\/\/portfolio.uqac.ca\/laurelinechiapello\/wp-json\/wp\/v2\/tags?post=167"}],"curies":[{"name":"wp","href":"https:\/\/api.w.org\/{rel}","templated":true}]}}