{"id":27,"date":"2019-09-06T10:59:30","date_gmt":"2019-09-06T14:59:30","guid":{"rendered":"http:\/\/portfolio-pre.uqac.ca\/gabarit\/?page_id=27"},"modified":"2022-06-12T21:21:10","modified_gmt":"2022-06-13T01:21:10","slug":"curriculum-vitae","status":"publish","type":"page","link":"https:\/\/portfolio.uqac.ca\/laurelinechiapello\/curriculum-vitae\/","title":{"rendered":"Curriculum vitae"},"content":{"rendered":"<h2><strong>Dipl\u00f4mes<\/strong><\/h2>\n<p>Doctorat en Design de jeux 2012-2019<br \/>\nFacult\u00e9 de l\u2019am\u00e9nagement, Universit\u00e9 de Montr\u00e9al, Canada<br \/>\nTh\u00e8se : \u00ab Le pragmatisme comme \u00e9pist\u00e9mologie pour le design de<br \/>\nJeux. Enqu\u00eate sur la cr\u00e9ativit\u00e9 et le processus de design \u00bb<br \/>\nDirecteur : Prof. Rabah Bousbaci<br \/>\nMention Excellent, Liste d\u2019honneur du\u00a0Recteur<\/p>\n<p>Ma\u00eetrise en Design et complexit\u00e9 2010-2012<br \/>\nFacult\u00e9 de l\u2019am\u00e9nagement, Universit\u00e9 de Montr\u00e9al, Canada<br \/>\nM\u00e9moire : \u00ab Les casual games : d\u00e9finition \u00e0 l\u2019aide du savoir professionnel des designers de jeux \u00bb<br \/>\nDirecteur : Prof. Louis-Martin Guay<br \/>\nListe d\u2019honneur du Doyen<\/p>\n<p>D.E.S.S. en Design de jeux \u2013 Campus Ubisoft 2009-2010<br \/>\n\u00c9cole de Design Industriel de l\u2019Universit\u00e9 de Montr\u00e9al, Canada<br \/>\nListe d\u2019honneur du Doyen<\/p>\n<p>Licence 1 en Informatique 2007-2008<br \/>\nSupinfo, Grenoble, France<\/p>\n<p>Licence (Baccalaur\u00e9at) en Cin\u00e9ma 2005-2009<br \/>\nFacult\u00e9 de Lettres et Sciences humaines &#8211; Arts du spectacle<br \/>\nInstitut Europ\u00e9en de Cin\u00e9ma et d\u2019Audiovisuel de l\u2019Universit\u00e9 de Nancy II, France<br \/>\nUniversit\u00e9 Paris I Panth\u00e9on Sorbonne, France<br \/>\nClasse Pr\u00e9paratoire aux Grandes \u00c9coles de Cin\u00e9ma Cin\u00e9 sup&#8217;, Nantes, France<\/p>\n<h2><strong><br \/>\nPrix<br \/>\n<\/strong><\/h2>\n<p>Best Paper Award, conf\u00e9rence de la Design Research Society 2018: Catalyst, Limerick<br \/>\nL\u2019article Scholarly critique as a catalyst for community building a \u00e9t\u00e9 parmi les 15 meilleurs de la conf\u00e9rence.<\/p>\n<p>Prix G\u00e9nie du mois de la F\u00e9d\u00e9ration des Associations \u00c9tudiantes du Campus de l\u2019Universit\u00e9 de Montr\u00e9al<br \/>\nPrix de la cat\u00e9gorie cr\u00e9ation, arts et lettres en ao\u00fbt 2017 pour l\u2019article &#8220;Le designer de jeux vid\u00e9o comme agent d\u2019\u00e9volution \u00e0 l\u2019\u00e8re du jeu casual&#8221; publi\u00e9 dans la revue Sciences du Jeu.<\/p>\n<p>Ma th\u00e8se en 180 secondes : design \u2013 Premier Prix<br \/>\nComprendre la cr\u00e9ativit\u00e9 des designers de jeux vid\u00e9o par la philosophie pragmatiste<br \/>\nLes Ateliers de la recherche en Design 2015, Montr\u00e9al, Canada.<\/p>\n<p>Prix de l\u2019Observatoire Ivanho\u00e9 Cambridge pour la meilleure pr\u00e9sentation<br \/>\nLa d\u00e9finition du probl\u00e8me de design : un processus cl\u00e9 pour innover en design de jeux vid\u00e9o ?<br \/>\nConf\u00e9rence Perspectives 360\u00b0 2015, Facult\u00e9 de l\u2019am\u00e9nagement,<br \/>\nUniversit\u00e9 de Montr\u00e9al, Canada.<\/p>\n<h2><strong><br \/>\nBourses<br \/>\n<\/strong><\/h2>\n<p>Bourse de doctorat en recherche du Fonds de Recherche du Qu\u00e9bec : 2014<br \/>\nFonds soci\u00e9t\u00e9 et culture (FRQSC)<\/p>\n<p>Bourse de perfectionnement long terme du syndicat des charg\u00e9(e)s de cours de l\u2019UQAT 2017-2018<br \/>\nUniversit\u00e9 du Qu\u00e9bec en Abitibi-T\u00e9miscamingue, Canada<\/p>\n<p>Bourse de Rayonnement de la Facult\u00e9 de l\u2019Am\u00e9nagement 2018<br \/>\nPour participer au 86\u00b0 congr\u00e8s de l\u2019Association francophone pour le savoir &#8211; Acfas, Chicoutimi, QC.<br \/>\nFacult\u00e9 de l\u2019am\u00e9nagement, Universit\u00e9 de Montr\u00e9al, Canada<\/p>\n<p>Bourse de Rayonnement de la Facult\u00e9 de l\u2019Am\u00e9nagement 2017<br \/>\nPour participer \u00e0 la conf\u00e9rence de la European Academy of Design \u00e0 Rome, Italie.<br \/>\nFacult\u00e9 de l\u2019am\u00e9nagement, Universit\u00e9 de Montr\u00e9al, Canada<\/p>\n<p>Bourse de Rayonnement de la Facult\u00e9 de l\u2019Am\u00e9nagement 2016<br \/>\nPour participer \u00e0 la conf\u00e9rence de la Design Research Society \u00e0 Brighton, UK.<br \/>\nFacult\u00e9 de l\u2019am\u00e9nagement, Universit\u00e9 de Montr\u00e9al, Canada<\/p>\n<p>Bourse PARSEC de la FAECUM 2016\/2017<br \/>\nProgramme d&#8217;aide au rayonnement du savoir \u00e9tudiant des cycles sup\u00e9rieurs pour participer \u00e0 la Philosophy of Computer Game Conference 2016<br \/>\nF\u00e9d\u00e9ration des associations \u00e9tudiantes du campus de l\u2019Universit\u00e9 de Montr\u00e9al<\/p>\n<p>Bourse FESP\/Facult\u00e9 de l\u2019Am\u00e9nagement : Examen de synth\u00e8se 2016<br \/>\nFacult\u00e9 des \u00e9tudes sup\u00e9rieures et postdoctorales &amp; Facult\u00e9 de l\u2019am\u00e9nagement, Universit\u00e9 de Montr\u00e9al, Canada<\/p>\n<p>Bourse de Rayonnement de la Facult\u00e9 de l\u2019Am\u00e9nagement 2014<br \/>\nPour participer au consortium doctoral du CHI PLAY 2014 \u00e0 Toronto, Canada.<br \/>\nFacult\u00e9 de l\u2019am\u00e9nagement, Universit\u00e9 de Montr\u00e9al, Canada<br \/>\nBourse de Rayonnement de la Facult\u00e9 de l\u2019Am\u00e9nagement 2013<br \/>\nPour participer \u00e0 l\u2019\u00e9cole doctorale du Centre d\u2019Excellence pour les Industries Cr\u00e9atives de Brisbane, Australie.<\/p>\n","protected":false},"excerpt":{"rendered":"<p>Dipl\u00f4mes Doctorat en Design de jeux 2012-2019 Facult\u00e9 de l\u2019am\u00e9nagement, Universit\u00e9 de Montr\u00e9al, Canada Th\u00e8se : \u00ab Le pragmatisme comme \u00e9pist\u00e9mologie pour le design de Jeux. Enqu\u00eate sur la cr\u00e9ativit\u00e9 et le processus de design \u00bb Directeur : Prof. Rabah Bousbaci Mention Excellent, Liste d\u2019honneur du\u00a0Recteur Ma\u00eetrise en Design et complexit\u00e9 2010-2012 Facult\u00e9 de l\u2019am\u00e9nagement, &hellip; <a href=\"https:\/\/portfolio.uqac.ca\/laurelinechiapello\/curriculum-vitae\/\" class=\"more-link\">Continuer la lecture de <span class=\"screen-reader-text\">Curriculum vitae<\/span>  <span class=\"meta-nav\">&rarr;<\/span><\/a><\/p>\n","protected":false},"author":282,"featured_media":0,"parent":0,"menu_order":0,"comment_status":"closed","ping_status":"closed","template":"","meta":{"footnotes":""},"tags":[],"_links":{"self":[{"href":"https:\/\/portfolio.uqac.ca\/laurelinechiapello\/wp-json\/wp\/v2\/pages\/27"}],"collection":[{"href":"https:\/\/portfolio.uqac.ca\/laurelinechiapello\/wp-json\/wp\/v2\/pages"}],"about":[{"href":"https:\/\/portfolio.uqac.ca\/laurelinechiapello\/wp-json\/wp\/v2\/types\/page"}],"author":[{"embeddable":true,"href":"https:\/\/portfolio.uqac.ca\/laurelinechiapello\/wp-json\/wp\/v2\/users\/282"}],"replies":[{"embeddable":true,"href":"https:\/\/portfolio.uqac.ca\/laurelinechiapello\/wp-json\/wp\/v2\/comments?post=27"}],"version-history":[{"count":11,"href":"https:\/\/portfolio.uqac.ca\/laurelinechiapello\/wp-json\/wp\/v2\/pages\/27\/revisions"}],"predecessor-version":[{"id":264,"href":"https:\/\/portfolio.uqac.ca\/laurelinechiapello\/wp-json\/wp\/v2\/pages\/27\/revisions\/264"}],"wp:attachment":[{"href":"https:\/\/portfolio.uqac.ca\/laurelinechiapello\/wp-json\/wp\/v2\/media?parent=27"}],"wp:term":[{"taxonomy":"post_tag","embeddable":true,"href":"https:\/\/portfolio.uqac.ca\/laurelinechiapello\/wp-json\/wp\/v2\/tags?post=27"}],"curies":[{"name":"wp","href":"https:\/\/api.w.org\/{rel}","templated":true}]}}