{"id":4,"date":"2019-09-06T10:59:30","date_gmt":"2019-09-06T14:59:30","guid":{"rendered":"http:\/\/portfolio-pre.uqac.ca\/gabarit\/?page_id=4"},"modified":"2024-07-18T06:14:04","modified_gmt":"2024-07-18T10:14:04","slug":"presentatio","status":"publish","type":"page","link":"https:\/\/portfolio.uqac.ca\/laurelinechiapello\/","title":{"rendered":"Pr\u00e9sentation"},"content":{"rendered":"<p>Laureline Chiapello est une chercheure en <strong>design de jeux vid\u00e9o<\/strong> sp\u00e9cialis\u00e9e dans la compr\u00e9hension des processus <strong>cr\u00e9atifs<\/strong>. Elle a d\u00e9but\u00e9 dans le domaine du design de jeux vid\u00e9o au sein d\u2019une entreprise fran\u00e7aise, puis a \u00e9migr\u00e9 \u00e0 Montr\u00e9al o\u00f9 elle a obtenu un <strong>D.E.S.S. en design de jeux<\/strong>, une<strong> ma\u00eetrise en design et complexit\u00e9<\/strong>\u00a0et et <strong>Ph.D.\u00a0en design de jeux<\/strong>.<\/p>\n<p>En utilisant une approche issue de la philosophie <strong>pragmatiste<\/strong>, ses recherches\u00a0visent \u00e0 mieux comprendre les processus cr\u00e9atifs au sein des projets vid\u00e9oludiques, ainsi qu\u2019\u00e0 am\u00e9liorer l\u2019enseignement du design de jeux.<\/p>\n<p>Elle collabore r\u00e9guli\u00e8rement avec des <strong>compagnies de jeux vid\u00e9o montr\u00e9alaises<\/strong> dans ses recherches, ainsi qu\u2019avec les <strong>\u00e9tudiants<\/strong> de l\u2019\u00c9cole NAD-UQAC.<\/p>\n<p>\u00c0 travers ses cours, elle esp\u00e8re enseigner aux \u00e9tudiants une attitude <strong>r\u00e9flexive et cr\u00e9ative<\/strong> qui leur permettra d\u2019int\u00e9grer une industrie qui ne cesse d\u2019\u00e9voluer.<\/p>\n<p>Laureline a publi\u00e9 des articles dans les journaux scientifiques tels que Sciences du Jeu, Design Studies et La Revue d\u2019Art Canadienne, et pr\u00e9sent\u00e9 ses travaux \u00e0 de nombreuses conf\u00e9rences telles que la Digital Games Research Association Conference (DiGRA) et la Design Research Society Conference (DRS).<\/p>\n<p>Ses jeux sont disponibles ici :\u00a0<a href=\"https:\/\/laulgame.itch.io\/\">https:\/\/laulgame.itch.io\/<\/a><\/p>\n<p><b>CLTRS<\/b> : \u00a0<a href=\"https:\/\/laulgame.itch.io\/cltrs\">https:\/\/laulgame.itch.io\/cltrs<\/a><\/p>\n<h2>Champs d&#8217;int\u00e9r\u00eat<\/h2>\n<ul>\n<li>Jeux vid\u00e9o<\/li>\n<li>Design<\/li>\n<li>Philosophie pragmatiste<\/li>\n<li>Cr\u00e9ativit\u00e9<\/li>\n<li>Epist\u00e9mologie<\/li>\n<li>F\u00e9minisme<\/li>\n<\/ul>\n","protected":false},"excerpt":{"rendered":"<p>Laureline Chiapello est une chercheure en design de jeux vid\u00e9o sp\u00e9cialis\u00e9e dans la compr\u00e9hension des processus cr\u00e9atifs. Elle a d\u00e9but\u00e9 dans le domaine du design de jeux vid\u00e9o au sein d\u2019une entreprise fran\u00e7aise, puis a \u00e9migr\u00e9 \u00e0 Montr\u00e9al o\u00f9 elle a obtenu un D.E.S.S. en design de jeux, une ma\u00eetrise en design et complexit\u00e9\u00a0et et &hellip; <a href=\"https:\/\/portfolio.uqac.ca\/laurelinechiapello\/\" class=\"more-link\">Continuer la lecture de <span class=\"screen-reader-text\">Pr\u00e9sentation<\/span>  <span class=\"meta-nav\">&rarr;<\/span><\/a><\/p>\n","protected":false},"author":282,"featured_media":0,"parent":0,"menu_order":0,"comment_status":"closed","ping_status":"closed","template":"","meta":{"footnotes":""},"tags":[],"_links":{"self":[{"href":"https:\/\/portfolio.uqac.ca\/laurelinechiapello\/wp-json\/wp\/v2\/pages\/4"}],"collection":[{"href":"https:\/\/portfolio.uqac.ca\/laurelinechiapello\/wp-json\/wp\/v2\/pages"}],"about":[{"href":"https:\/\/portfolio.uqac.ca\/laurelinechiapello\/wp-json\/wp\/v2\/types\/page"}],"author":[{"embeddable":true,"href":"https:\/\/portfolio.uqac.ca\/laurelinechiapello\/wp-json\/wp\/v2\/users\/282"}],"replies":[{"embeddable":true,"href":"https:\/\/portfolio.uqac.ca\/laurelinechiapello\/wp-json\/wp\/v2\/comments?post=4"}],"version-history":[{"count":23,"href":"https:\/\/portfolio.uqac.ca\/laurelinechiapello\/wp-json\/wp\/v2\/pages\/4\/revisions"}],"predecessor-version":[{"id":272,"href":"https:\/\/portfolio.uqac.ca\/laurelinechiapello\/wp-json\/wp\/v2\/pages\/4\/revisions\/272"}],"wp:attachment":[{"href":"https:\/\/portfolio.uqac.ca\/laurelinechiapello\/wp-json\/wp\/v2\/media?parent=4"}],"wp:term":[{"taxonomy":"post_tag","embeddable":true,"href":"https:\/\/portfolio.uqac.ca\/laurelinechiapello\/wp-json\/wp\/v2\/tags?post=4"}],"curies":[{"name":"wp","href":"https:\/\/api.w.org\/{rel}","templated":true}]}}