{"id":18,"date":"2012-07-23T20:05:15","date_gmt":"2012-07-23T20:05:15","guid":{"rendered":"http:\/\/portfolio-pre.uqac.ca\/gabarit\/?page_id=18"},"modified":"2015-05-27T16:02:30","modified_gmt":"2015-05-27T20:02:30","slug":"enseignement","status":"publish","type":"page","link":"https:\/\/portfolio.uqac.ca\/lionelripoll\/enseignement\/","title":{"rendered":"Enseignement"},"content":{"rendered":"<h6>Universit\u00e9 du Qu\u00e9bec \u00e0 Chicoutimi<\/h6>\n<ul>\n<li>Mati\u00e8res premi\u00e8res et formulations cosm\u00e9tiques (1COS501)<\/li>\n<li>R\u00e9glementation et industrie cosm\u00e9tique (1COS502)<\/li>\n<li>Contr\u00f4le de qualit\u00e9, production et \u00e9valuation des cosm\u00e9tiques (1COS503)<\/li>\n<li>Projet de d\u00e9veloppement de produits cosm\u00e9tiques (1COS505)<\/li>\n<li>Stage en industrie cosm\u00e9tique (1COS600)<\/li>\n<\/ul>\n<h6>Universit\u00e9 de Lyon (France)<\/h6>\n<ul>\n<li>Formulation des produits cosm\u00e9toques &#8211; Master Chimie et Formulation industrielle<\/li>\n<\/ul>\n","protected":false},"excerpt":{"rendered":"<p>Universit\u00e9 du Qu\u00e9bec \u00e0 Chicoutimi Mati\u00e8res premi\u00e8res et formulations cosm\u00e9tiques (1COS501) R\u00e9glementation et industrie cosm\u00e9tique (1COS502) Contr\u00f4le de qualit\u00e9, production et \u00e9valuation des cosm\u00e9tiques (1COS503) Projet de d\u00e9veloppement de produits cosm\u00e9tiques (1COS505) Stage en industrie cosm\u00e9tique (1COS600) Universit\u00e9 de Lyon (France) Formulation des produits cosm\u00e9toques &#8211; Master Chimie et Formulation industrielle<\/p>\n","protected":false},"author":363,"featured_media":0,"parent":0,"menu_order":0,"comment_status":"closed","ping_status":"closed","template":"","meta":{"footnotes":""},"tags":[],"_links":{"self":[{"href":"https:\/\/portfolio.uqac.ca\/lionelripoll\/wp-json\/wp\/v2\/pages\/18"}],"collection":[{"href":"https:\/\/portfolio.uqac.ca\/lionelripoll\/wp-json\/wp\/v2\/pages"}],"about":[{"href":"https:\/\/portfolio.uqac.ca\/lionelripoll\/wp-json\/wp\/v2\/types\/page"}],"author":[{"embeddable":true,"href":"https:\/\/portfolio.uqac.ca\/lionelripoll\/wp-json\/wp\/v2\/users\/363"}],"replies":[{"embeddable":true,"href":"https:\/\/portfolio.uqac.ca\/lionelripoll\/wp-json\/wp\/v2\/comments?post=18"}],"version-history":[{"count":5,"href":"https:\/\/portfolio.uqac.ca\/lionelripoll\/wp-json\/wp\/v2\/pages\/18\/revisions"}],"predecessor-version":[{"id":97,"href":"https:\/\/portfolio.uqac.ca\/lionelripoll\/wp-json\/wp\/v2\/pages\/18\/revisions\/97"}],"wp:attachment":[{"href":"https:\/\/portfolio.uqac.ca\/lionelripoll\/wp-json\/wp\/v2\/media?parent=18"}],"wp:term":[{"taxonomy":"post_tag","embeddable":true,"href":"https:\/\/portfolio.uqac.ca\/lionelripoll\/wp-json\/wp\/v2\/tags?post=18"}],"curies":[{"name":"wp","href":"https:\/\/api.w.org\/{rel}","templated":true}]}}