{"id":4,"date":"2012-07-23T17:46:31","date_gmt":"2012-07-23T17:46:31","guid":{"rendered":"http:\/\/portfolio-pre.uqac.ca\/gabarit\/?page_id=4"},"modified":"2015-05-28T09:24:03","modified_gmt":"2015-05-28T13:24:03","slug":"presentatio","status":"publish","type":"page","link":"https:\/\/portfolio.uqac.ca\/lionelripoll\/","title":{"rendered":"Pr\u00e9sentation"},"content":{"rendered":"<h2>Lionel Ripoll<\/h2>\n<p>Professeur au d\u00e9partement des sciences fondamentales<\/p>\n<h2>Champ d\u2019int\u00e9r\u00eat<\/h2>\n<p>\u00c9tudes sur la vectorisation et la formulation d&#8217;actifs pharmaceutiques et cosm\u00e9tiques<\/p>\n","protected":false},"excerpt":{"rendered":"<p>Lionel Ripoll Professeur au d\u00e9partement des sciences fondamentales Champ d\u2019int\u00e9r\u00eat \u00c9tudes sur la vectorisation et la formulation d&#8217;actifs pharmaceutiques et cosm\u00e9tiques<\/p>\n","protected":false},"author":363,"featured_media":0,"parent":0,"menu_order":0,"comment_status":"closed","ping_status":"closed","template":"","meta":{"footnotes":""},"tags":[],"_links":{"self":[{"href":"https:\/\/portfolio.uqac.ca\/lionelripoll\/wp-json\/wp\/v2\/pages\/4"}],"collection":[{"href":"https:\/\/portfolio.uqac.ca\/lionelripoll\/wp-json\/wp\/v2\/pages"}],"about":[{"href":"https:\/\/portfolio.uqac.ca\/lionelripoll\/wp-json\/wp\/v2\/types\/page"}],"author":[{"embeddable":true,"href":"https:\/\/portfolio.uqac.ca\/lionelripoll\/wp-json\/wp\/v2\/users\/363"}],"replies":[{"embeddable":true,"href":"https:\/\/portfolio.uqac.ca\/lionelripoll\/wp-json\/wp\/v2\/comments?post=4"}],"version-history":[{"count":12,"href":"https:\/\/portfolio.uqac.ca\/lionelripoll\/wp-json\/wp\/v2\/pages\/4\/revisions"}],"predecessor-version":[{"id":113,"href":"https:\/\/portfolio.uqac.ca\/lionelripoll\/wp-json\/wp\/v2\/pages\/4\/revisions\/113"}],"wp:attachment":[{"href":"https:\/\/portfolio.uqac.ca\/lionelripoll\/wp-json\/wp\/v2\/media?parent=4"}],"wp:term":[{"taxonomy":"post_tag","embeddable":true,"href":"https:\/\/portfolio.uqac.ca\/lionelripoll\/wp-json\/wp\/v2\/tags?post=4"}],"curies":[{"name":"wp","href":"https:\/\/api.w.org\/{rel}","templated":true}]}}