{"id":4,"date":"2012-07-23T17:46:31","date_gmt":"2012-07-23T17:46:31","guid":{"rendered":"http:\/\/portfolio-pre.uqac.ca\/gabarit\/?page_id=4"},"modified":"2025-12-09T10:07:23","modified_gmt":"2025-12-09T15:07:23","slug":"presentatio","status":"publish","type":"page","link":"https:\/\/portfolio.uqac.ca\/loicpulido\/","title":{"rendered":"Pr\u00e9sentation"},"content":{"rendered":"<h2>Lo\u00efc Pulido<\/h2>\n<p>Professeur titulaire en d\u00e9veloppement de l&#8217;enfant au d\u00e9partement des sciences de l&#8217;\u00e9ducation<\/p>\n<p>Directeur de la ma\u00eetrise en \u00e9ducation<\/p>\n<p><span style=\"font-size: 24px;font-weight: bold\">Champs d&#8217;int\u00e9r\u00eat<\/span><\/p>\n<p>Enseignement \/ apprentissage \u00e0 l&#8217;ext\u00e9rieur; d\u00e9veloppement global de l&#8217;enfant, \u00e9ducation pr\u00e9scolaire, acquisition du langage, apprentissage de la lecture et de l&#8217;\u00e9criture<\/p>\n","protected":false},"excerpt":{"rendered":"<p>Lo\u00efc Pulido Professeur titulaire en d\u00e9veloppement de l&#8217;enfant au d\u00e9partement des sciences de l&#8217;\u00e9ducation Directeur de la ma\u00eetrise en \u00e9ducation Champs d&#8217;int\u00e9r\u00eat Enseignement \/ apprentissage \u00e0 l&#8217;ext\u00e9rieur; d\u00e9veloppement global de l&#8217;enfant, \u00e9ducation pr\u00e9scolaire, acquisition du langage, apprentissage de la lecture et de l&#8217;\u00e9criture<\/p>\n","protected":false},"author":132,"featured_media":0,"parent":0,"menu_order":0,"comment_status":"closed","ping_status":"closed","template":"","meta":{"footnotes":""},"tags":[11,9,6,10,7,13,12],"_links":{"self":[{"href":"https:\/\/portfolio.uqac.ca\/loicpulido\/wp-json\/wp\/v2\/pages\/4"}],"collection":[{"href":"https:\/\/portfolio.uqac.ca\/loicpulido\/wp-json\/wp\/v2\/pages"}],"about":[{"href":"https:\/\/portfolio.uqac.ca\/loicpulido\/wp-json\/wp\/v2\/types\/page"}],"author":[{"embeddable":true,"href":"https:\/\/portfolio.uqac.ca\/loicpulido\/wp-json\/wp\/v2\/users\/132"}],"replies":[{"embeddable":true,"href":"https:\/\/portfolio.uqac.ca\/loicpulido\/wp-json\/wp\/v2\/comments?post=4"}],"version-history":[{"count":18,"href":"https:\/\/portfolio.uqac.ca\/loicpulido\/wp-json\/wp\/v2\/pages\/4\/revisions"}],"predecessor-version":[{"id":198,"href":"https:\/\/portfolio.uqac.ca\/loicpulido\/wp-json\/wp\/v2\/pages\/4\/revisions\/198"}],"wp:attachment":[{"href":"https:\/\/portfolio.uqac.ca\/loicpulido\/wp-json\/wp\/v2\/media?parent=4"}],"wp:term":[{"taxonomy":"post_tag","embeddable":true,"href":"https:\/\/portfolio.uqac.ca\/loicpulido\/wp-json\/wp\/v2\/tags?post=4"}],"curies":[{"name":"wp","href":"https:\/\/api.w.org\/{rel}","templated":true}]}}