{"id":156,"date":"2019-07-04T15:04:12","date_gmt":"2019-07-04T19:04:12","guid":{"rendered":"http:\/\/portfolio-pre.uqac.ca\/louisdavidbeaulieu\/?page_id=156"},"modified":"2019-07-04T15:11:57","modified_gmt":"2019-07-04T19:11:57","slug":"cv","status":"publish","type":"page","link":"https:\/\/portfolio.uqac.ca\/louisdavidbeaulieu\/cv\/","title":{"rendered":"Exp\u00e9rience"},"content":{"rendered":"<h2><strong>Dipl\u00f4mes<\/strong><\/h2>\n<p>Postdoctorat, Stage postdoctoral &#8211; Centre de Recherche sur le Veillissement, Sciences de la sant\u00e9, Universit\u00e9 de Sherbrooke (2017)<\/p>\n<p>Doctorat en m\u00e9decine exp\u00e9rimentale &#8211; Universit\u00e9 Laval (2016)<\/p>\n<p>Beaulieu, L.-D. (2016). \u00a0<em><a href=\"https:\/\/corpus.ulaval.ca\/jspui\/handle\/20.500.11794\/27412\">Interventions non invasives en phase chronique post-AVC : r\u00f4le des aff\u00e9rences proprioceptives sur la plasticit\u00e9 c\u00e9r\u00e9brale et le contr\u00f4le sensorimoteur<\/a>.<\/em>\u00a0 (Th\u00e8se de doctorat in\u00e9dite). Universit\u00e9 Laval, QC.<\/p>\n<p>Ma\u00eetrise en neurobiologie &#8211; Universit\u00e9 Laval (2012)<\/p>\n<p>Beaulieu, L.-D. (2012). \u00a0<em><a href=\"https:\/\/corpus.ulaval.ca\/jspui\/handle\/20.500.11794\/24109\">AVC chronique et neurostimulation p\u00e9riph\u00e9rique : effets sur les m\u00e9canismes neurophysiologiques du contr\u00f4le moteur et apport en r\u00e9adaptation<\/a>.<\/em>\u00a0 (M\u00e9moire de ma\u00eetrise in\u00e9dit). Universit\u00e9 Laval, QC.<\/p>\n<p>Baccalaur\u00e9at en sciences de la sant\u00e9 (physioth\u00e9rapie) &#8211; Universit\u00e9 Laval (2010)<\/p>\n<h2><strong>Titres de comp\u00e9tences<br \/>\n<\/strong><\/h2>\n<p>Physioth\u00e9rapeute, Ordre professionnel de la physioth\u00e9rapie du Qu\u00e9bec (2010)<\/p>\n<h2><strong> Distinctions et bourses<br \/>\n<\/strong><\/h2>\n<p>Prix du public: pr\u00e9sentation coup de coeur. &#8211; Centre int\u00e9gr\u00e9 universitaire de sant\u00e9 et de services sociaux du Saguenay\u2013Lac-Saint-Jean (2018)<\/p>\n<p>Best Presentation Award &#8211; Ordre Professionnel de la Physioth\u00e9rapie du Qu\u00e9bec (2016)<\/p>\n<p>S\u00e9minaires des \u00e9tudiants \u00e0 la Maitrise en neurobiologie &#8211; meilleure pr\u00e9sentation &#8211; Universit\u00e9 Laval (2012)<\/p>\n<p>Rehabilitation Department\u2019s Professors Award &#8211; Facult\u00e9 de M\u00e9decine, Universit\u00e9 Laval (2010)<\/p>\n<p>CIRRIS Research Award &#8211; CIRRIS-IRDPQ (2010)<\/p>\n<p>Excellence Award of The Faculty of Medicine \u2013 Second Prize &#8211; Facult\u00e9 de M\u00e9decine, Universit\u00e9 Laval (2009)<\/p>\n<p>Bourse pour stage d\u2019\u00e9t\u00e9 en recherche &#8211; facult\u00e9 de m\u00e9decine &#8211; Universit\u00e9 Laval (2009)<\/p>\n<h2><strong><br \/>\nActivit\u00e9s professionnelles \/ implications<br \/>\n<\/strong><\/h2>\n<p>Membre chercheur associ\u00e9, Centre intersectoriel en sant\u00e9 durable de l&#8217;UQAC (2018-\u00a0 )<\/p>\n<p>Directeur et membre chercheur r\u00e9gulier, D\u00e9partement des sciences de la sant\u00e9, UQAC, Laboratoir de recherche biom\u00e9canique &amp;\u00a0 neurophysiologique en r\u00e9adaptation neuromusculo-squelettique (2018-\u00a0\u00a0 )<\/p>\n<p>Chercheur en \u00e9mergence, R\u00e9seau provincial de recherche en adaptation-r\u00e9adaptation (REPAR) (2017-\u00a0\u00a0 )<\/p>\n<p>Professeur r\u00e9gulier, D\u00e9partement des sciences de la sant\u00e9, Universit\u00e9 du Qu\u00e9bec \u00e0 Chicoutimi (2017-\u00a0\u00a0 )<\/p>\n<p>Tr\u00e9sorier, Association Contact-Physio (2013-\u00a0\u00a0 )<\/p>\n<p>Membre, Consortium d&#8217;imagerie en neurosciences et sant\u00e9 mentale de Qu\u00e9bec (2011-\u00a0\u00a0 )<\/p>\n","protected":false},"excerpt":{"rendered":"<p>Dipl\u00f4mes Postdoctorat, Stage postdoctoral &#8211; Centre de Recherche sur le Veillissement, Sciences de la sant\u00e9, Universit\u00e9 de Sherbrooke (2017) Doctorat en m\u00e9decine exp\u00e9rimentale &#8211; Universit\u00e9 Laval (2016) Beaulieu, L.-D. (2016). \u00a0Interventions non invasives en phase chronique post-AVC : r\u00f4le des aff\u00e9rences proprioceptives sur la plasticit\u00e9 c\u00e9r\u00e9brale et le contr\u00f4le sensorimoteur.\u00a0 (Th\u00e8se de doctorat in\u00e9dite). Universit\u00e9 &hellip; <a href=\"https:\/\/portfolio.uqac.ca\/louisdavidbeaulieu\/cv\/\" class=\"more-link\">Continuer la lecture de <span class=\"screen-reader-text\">Exp\u00e9rience<\/span>  <span class=\"meta-nav\">&rarr;<\/span><\/a><\/p>\n","protected":false},"author":147,"featured_media":0,"parent":0,"menu_order":0,"comment_status":"closed","ping_status":"closed","template":"","meta":{"footnotes":""},"tags":[],"_links":{"self":[{"href":"https:\/\/portfolio.uqac.ca\/louisdavidbeaulieu\/wp-json\/wp\/v2\/pages\/156"}],"collection":[{"href":"https:\/\/portfolio.uqac.ca\/louisdavidbeaulieu\/wp-json\/wp\/v2\/pages"}],"about":[{"href":"https:\/\/portfolio.uqac.ca\/louisdavidbeaulieu\/wp-json\/wp\/v2\/types\/page"}],"author":[{"embeddable":true,"href":"https:\/\/portfolio.uqac.ca\/louisdavidbeaulieu\/wp-json\/wp\/v2\/users\/147"}],"replies":[{"embeddable":true,"href":"https:\/\/portfolio.uqac.ca\/louisdavidbeaulieu\/wp-json\/wp\/v2\/comments?post=156"}],"version-history":[{"count":4,"href":"https:\/\/portfolio.uqac.ca\/louisdavidbeaulieu\/wp-json\/wp\/v2\/pages\/156\/revisions"}],"predecessor-version":[{"id":162,"href":"https:\/\/portfolio.uqac.ca\/louisdavidbeaulieu\/wp-json\/wp\/v2\/pages\/156\/revisions\/162"}],"wp:attachment":[{"href":"https:\/\/portfolio.uqac.ca\/louisdavidbeaulieu\/wp-json\/wp\/v2\/media?parent=156"}],"wp:term":[{"taxonomy":"post_tag","embeddable":true,"href":"https:\/\/portfolio.uqac.ca\/louisdavidbeaulieu\/wp-json\/wp\/v2\/tags?post=156"}],"curies":[{"name":"wp","href":"https:\/\/api.w.org\/{rel}","templated":true}]}}