{"id":163,"date":"2019-07-04T15:19:18","date_gmt":"2019-07-04T19:19:18","guid":{"rendered":"http:\/\/portfolio-pre.uqac.ca\/louisdavidbeaulieu\/?page_id=163"},"modified":"2019-07-04T15:19:18","modified_gmt":"2019-07-04T19:19:18","slug":"recherche","status":"publish","type":"page","link":"https:\/\/portfolio.uqac.ca\/louisdavidbeaulieu\/recherche\/","title":{"rendered":"Recherche"},"content":{"rendered":"<h4>Projets en cours<\/h4>\n<p>&nbsp;<\/p>\n<p>2019\/6 \u2013 2021\/1 : Co-chercheur<br \/>\n\u00c9tude sur l\u2019implication de la r\u00e9gion cervicale basse dans les \u00e9tourdissements cervicog\u00e9niques chez la population adulte<br \/>\nSource de financement : Ordre professionnel de la physioth\u00e9rapie du Qu\u00e9bec (OPPQ) &#8211; Projet de recherche en milieu clinique<\/p>\n<p>2019\/5 &#8211; 2020\/4 : Co-chercheur<br \/>\nEffets imm\u00e9diats de deux m\u00e9thodes de stabilisation lombaire sur les mesures de contr\u00f4le postural chez des individus sains et avec maux de dos<br \/>\nSource de financement : Fondation de l&#8217;UQAC &#8211; Subvention r\u00e9guli\u00e8re 2019-2020<\/p>\n<p>2018\/10 &#8211; 2020\/3 : Co-chercheur<br \/>\n\u00c9tude de validation d\u2019un nouveau capteur biom\u00e9trique en vue de mieux comprendre l\u2019impact de la pr\u00e9sence de cam\u00e9ras sur le stress et la prise de risque dans les sports alpins de glisse<br \/>\nSources de financement : Soutien du CRSH-Subvention institutionnelle (UQAC)- \u00c9laboration d\u2019un projet de recherche \u2013 CRSH subvention institutionnelle 2018<\/p>\n<p>2018\/12 &#8211; 2019\/12 : Co-chercheur<br \/>\nEfficacit\u00e9 des interventions personnalis\u00e9es en r\u00e9adaptation sur la sant\u00e9 physique et la qualit\u00e9 de vie des patients atteints d\u2019un cancer avant, pendant et apr\u00e8s la chimioth\u00e9rapie &#8211; Phase I : \u00c9tude de faisabilit\u00e9<br \/>\nSources de financement : Fondation de l&#8217;Universit\u00e9 du Qu\u00e9bec \u00e0 Chicoutimi (FUQAC)- Projets sp\u00e9ciaux<\/p>\n<p>2018\/10 &#8211; 2019\/10 : Chercheur principal<br \/>\nSyst\u00e8me int\u00e9gr\u00e9 de neurostimulation p\u00e9riph\u00e9rique utilisant des capteurs et effecteurs pour \u00e9valuer le contr\u00f4le postural : d\u00e9veloppement technologique, validation exp\u00e9rimentale et perspectives pour la pr\u00e9vention des chutes<br \/>\nSources de financement : Centre intersectoriel en sant\u00e9 durable de l\u2019UQAC &#8211; Subvention du CISD pour un projet de recherche interdisciplinaire<\/p>\n","protected":false},"excerpt":{"rendered":"<p>Projets en cours &nbsp; 2019\/6 \u2013 2021\/1 : Co-chercheur \u00c9tude sur l\u2019implication de la r\u00e9gion cervicale basse dans les \u00e9tourdissements cervicog\u00e9niques chez la population adulte Source de financement : Ordre professionnel de la physioth\u00e9rapie du Qu\u00e9bec (OPPQ) &#8211; Projet de recherche en milieu clinique 2019\/5 &#8211; 2020\/4 : Co-chercheur Effets imm\u00e9diats de deux m\u00e9thodes de &hellip; <a href=\"https:\/\/portfolio.uqac.ca\/louisdavidbeaulieu\/recherche\/\" class=\"more-link\">Continuer la lecture de <span class=\"screen-reader-text\">Recherche<\/span>  <span class=\"meta-nav\">&rarr;<\/span><\/a><\/p>\n","protected":false},"author":147,"featured_media":0,"parent":0,"menu_order":0,"comment_status":"closed","ping_status":"closed","template":"","meta":{"footnotes":""},"tags":[],"_links":{"self":[{"href":"https:\/\/portfolio.uqac.ca\/louisdavidbeaulieu\/wp-json\/wp\/v2\/pages\/163"}],"collection":[{"href":"https:\/\/portfolio.uqac.ca\/louisdavidbeaulieu\/wp-json\/wp\/v2\/pages"}],"about":[{"href":"https:\/\/portfolio.uqac.ca\/louisdavidbeaulieu\/wp-json\/wp\/v2\/types\/page"}],"author":[{"embeddable":true,"href":"https:\/\/portfolio.uqac.ca\/louisdavidbeaulieu\/wp-json\/wp\/v2\/users\/147"}],"replies":[{"embeddable":true,"href":"https:\/\/portfolio.uqac.ca\/louisdavidbeaulieu\/wp-json\/wp\/v2\/comments?post=163"}],"version-history":[{"count":1,"href":"https:\/\/portfolio.uqac.ca\/louisdavidbeaulieu\/wp-json\/wp\/v2\/pages\/163\/revisions"}],"predecessor-version":[{"id":164,"href":"https:\/\/portfolio.uqac.ca\/louisdavidbeaulieu\/wp-json\/wp\/v2\/pages\/163\/revisions\/164"}],"wp:attachment":[{"href":"https:\/\/portfolio.uqac.ca\/louisdavidbeaulieu\/wp-json\/wp\/v2\/media?parent=163"}],"wp:term":[{"taxonomy":"post_tag","embeddable":true,"href":"https:\/\/portfolio.uqac.ca\/louisdavidbeaulieu\/wp-json\/wp\/v2\/tags?post=163"}],"curies":[{"name":"wp","href":"https:\/\/api.w.org\/{rel}","templated":true}]}}