{"id":167,"date":"2019-07-04T15:26:17","date_gmt":"2019-07-04T19:26:17","guid":{"rendered":"http:\/\/portfolio-pre.uqac.ca\/louisdavidbeaulieu\/?page_id=167"},"modified":"2019-07-04T15:26:17","modified_gmt":"2019-07-04T19:26:17","slug":"maitrises-professionnelles","status":"publish","type":"page","link":"https:\/\/portfolio.uqac.ca\/louisdavidbeaulieu\/maitrises-professionnelles\/","title":{"rendered":"Ma\u00eetrises (Professionnelles)"},"content":{"rendered":"<p><strong>En cours<\/strong><\/p>\n<p>Roxane Robert (2018- ) , Universit\u00e9 du Qu\u00e9bec \u00e0 Chicoutimi<\/p>\n<p>Andreanne Larouche (2018- ) , Universit\u00e9 du Qu\u00e9bec \u00e0 Chicoutimi<\/p>\n<p>Lydiane Lauzier (2018- ) , Universit\u00e9 du Qu\u00e9bec \u00e0 Chicoutimi<\/p>\n<p>Marie-Pier Girard (2018- ) , Universit\u00e9 du Qu\u00e9bec \u00e0 Chicoutimi<\/p>\n<p>Jean-Michel Gagnon (2018- ) , Universit\u00e9 du Qu\u00e9bec \u00e0 Chicoutimi<\/p>\n<p>Arianne Morin (2018- ) , Universit\u00e9 du Qu\u00e9bec \u00e0 Chicoutimi<\/p>\n<p>Marie-Anne Dufour (2018- ) , Universit\u00e9 du Qu\u00e9bec \u00e0 Chicoutimi<\/p>\n<p>St\u00e9phanie Tremblay ( (2018- ) , Universit\u00e9 du Qu\u00e9bec \u00e0 Chicoutimi<\/p>\n<p>Vanessa Racine (2017- ) , Universit\u00e9 du Qu\u00e9bec \u00e0 Chicoutimi<\/p>\n<p>Gabrielle Chevalier (2017- ) , Universit\u00e9 du Qu\u00e9bec \u00e0 Chicoutimi<\/p>\n<p>Gaelle Drapeau (2017- ) , Universit\u00e9 du Qu\u00e9bec \u00e0 Chicoutimi<\/p>\n<p>Francis Munger (2017- ) , Universit\u00e9 du Qu\u00e9bec \u00e0 Chicoutimi<\/p>\n<p>Laurianne Vandal (2017- ) , Universit\u00e9 du Qu\u00e9bec \u00e0 Chicoutimi<\/p>\n<p><strong>Compl\u00e9t\u00e9es<\/strong><\/p>\n<p>Dionne, Alexandre. (2015). Fonction motrice et c\u00e9r\u00e9brale d\u2019uneclient\u00e8le avec accident vasculaire c\u00e9r\u00e9bral (AVC) chronique :\u00a0 \u00e9tude quasi-exp\u00e9rimentale sur l\u2019influence de deux protocoles de neurostimulationsp\u00e9riph\u00e9riques r\u00e9p\u00e9titives. Ma\u00eetrise professionnelle, Universit\u00e9 Laval, QC.<\/p>\n<p>Drolet, Caroline. (2015). Fonction motrice et c\u00e9r\u00e9brale d\u2019uneclient\u00e8le avec accident vasculaire c\u00e9r\u00e9bral (AVC) chronique :\u00a0 \u00e9tude quasi-exp\u00e9rimentale sur l\u2019influence de deux protocoles de neurostimulationsp\u00e9riph\u00e9riques r\u00e9p\u00e9titives. Ma\u00eetrise professionnelle, Universit\u00e9 Laval, QC.<\/p>\n<p>Blanchette, Mary-Lee. (2014). Effets imm\u00e9diats de diff\u00e9rentes modalit\u00e9s en neuro-stimulations et d\u2019exercices conventionnels sur la fonction c\u00e9r\u00e9brale et le contr\u00f4le moteur de la cheville par\u00e9tique chez une client\u00e8le post-AVC chronique : une \u00e9tude pr\u00e9- exp\u00e9rimentale. Ma\u00eetrise professionnelle, Universit\u00e9 Laval, QC.<\/p>\n<p>B\u00e9dard, Am\u00e9lie. (2014). Effets imm\u00e9diats de diff\u00e9rentes modalit\u00e9s en neuro-stimulations et d\u2019exercices conventionnels sur la fonction c\u00e9r\u00e9brale et le contr\u00f4le moteur de la cheville par\u00e9tique chez une client\u00e8le post-AVC chronique : une \u00e9tude pr\u00e9- exp\u00e9rimentale. Ma\u00eetrise professionnelle, Universit\u00e9 Laval, QC.<\/p>\n","protected":false},"excerpt":{"rendered":"<p>En cours Roxane Robert (2018- ) , Universit\u00e9 du Qu\u00e9bec \u00e0 Chicoutimi Andreanne Larouche (2018- ) , Universit\u00e9 du Qu\u00e9bec \u00e0 Chicoutimi Lydiane Lauzier (2018- ) , Universit\u00e9 du Qu\u00e9bec \u00e0 Chicoutimi Marie-Pier Girard (2018- ) , Universit\u00e9 du Qu\u00e9bec \u00e0 Chicoutimi Jean-Michel Gagnon (2018- ) , Universit\u00e9 du Qu\u00e9bec \u00e0 Chicoutimi Arianne Morin (2018- &hellip; <a href=\"https:\/\/portfolio.uqac.ca\/louisdavidbeaulieu\/maitrises-professionnelles\/\" class=\"more-link\">Continuer la lecture de <span class=\"screen-reader-text\">Ma\u00eetrises (Professionnelles)<\/span>  <span class=\"meta-nav\">&rarr;<\/span><\/a><\/p>\n","protected":false},"author":147,"featured_media":0,"parent":0,"menu_order":0,"comment_status":"closed","ping_status":"closed","template":"","meta":{"footnotes":""},"tags":[],"_links":{"self":[{"href":"https:\/\/portfolio.uqac.ca\/louisdavidbeaulieu\/wp-json\/wp\/v2\/pages\/167"}],"collection":[{"href":"https:\/\/portfolio.uqac.ca\/louisdavidbeaulieu\/wp-json\/wp\/v2\/pages"}],"about":[{"href":"https:\/\/portfolio.uqac.ca\/louisdavidbeaulieu\/wp-json\/wp\/v2\/types\/page"}],"author":[{"embeddable":true,"href":"https:\/\/portfolio.uqac.ca\/louisdavidbeaulieu\/wp-json\/wp\/v2\/users\/147"}],"replies":[{"embeddable":true,"href":"https:\/\/portfolio.uqac.ca\/louisdavidbeaulieu\/wp-json\/wp\/v2\/comments?post=167"}],"version-history":[{"count":1,"href":"https:\/\/portfolio.uqac.ca\/louisdavidbeaulieu\/wp-json\/wp\/v2\/pages\/167\/revisions"}],"predecessor-version":[{"id":168,"href":"https:\/\/portfolio.uqac.ca\/louisdavidbeaulieu\/wp-json\/wp\/v2\/pages\/167\/revisions\/168"}],"wp:attachment":[{"href":"https:\/\/portfolio.uqac.ca\/louisdavidbeaulieu\/wp-json\/wp\/v2\/media?parent=167"}],"wp:term":[{"taxonomy":"post_tag","embeddable":true,"href":"https:\/\/portfolio.uqac.ca\/louisdavidbeaulieu\/wp-json\/wp\/v2\/tags?post=167"}],"curies":[{"name":"wp","href":"https:\/\/api.w.org\/{rel}","templated":true}]}}