{"id":169,"date":"2019-07-04T15:27:09","date_gmt":"2019-07-04T19:27:09","guid":{"rendered":"http:\/\/portfolio-pre.uqac.ca\/louisdavidbeaulieu\/?page_id=169"},"modified":"2019-07-04T15:27:09","modified_gmt":"2019-07-04T19:27:09","slug":"postdoctorat","status":"publish","type":"page","link":"https:\/\/portfolio.uqac.ca\/louisdavidbeaulieu\/postdoctorat\/","title":{"rendered":"Postdoctorat"},"content":{"rendered":"<p><strong>En cours<\/strong><\/p>\n<p>Mohamed Kadri (2019-\u00a0 ) , Universit\u00e9 du Qu\u00e9bec \u00e0 Chicoutimi<\/p>\n","protected":false},"excerpt":{"rendered":"<p>En cours Mohamed Kadri (2019-\u00a0 ) , Universit\u00e9 du Qu\u00e9bec \u00e0 Chicoutimi<\/p>\n","protected":false},"author":147,"featured_media":0,"parent":0,"menu_order":0,"comment_status":"closed","ping_status":"closed","template":"","meta":{"footnotes":""},"tags":[],"_links":{"self":[{"href":"https:\/\/portfolio.uqac.ca\/louisdavidbeaulieu\/wp-json\/wp\/v2\/pages\/169"}],"collection":[{"href":"https:\/\/portfolio.uqac.ca\/louisdavidbeaulieu\/wp-json\/wp\/v2\/pages"}],"about":[{"href":"https:\/\/portfolio.uqac.ca\/louisdavidbeaulieu\/wp-json\/wp\/v2\/types\/page"}],"author":[{"embeddable":true,"href":"https:\/\/portfolio.uqac.ca\/louisdavidbeaulieu\/wp-json\/wp\/v2\/users\/147"}],"replies":[{"embeddable":true,"href":"https:\/\/portfolio.uqac.ca\/louisdavidbeaulieu\/wp-json\/wp\/v2\/comments?post=169"}],"version-history":[{"count":1,"href":"https:\/\/portfolio.uqac.ca\/louisdavidbeaulieu\/wp-json\/wp\/v2\/pages\/169\/revisions"}],"predecessor-version":[{"id":170,"href":"https:\/\/portfolio.uqac.ca\/louisdavidbeaulieu\/wp-json\/wp\/v2\/pages\/169\/revisions\/170"}],"wp:attachment":[{"href":"https:\/\/portfolio.uqac.ca\/louisdavidbeaulieu\/wp-json\/wp\/v2\/media?parent=169"}],"wp:term":[{"taxonomy":"post_tag","embeddable":true,"href":"https:\/\/portfolio.uqac.ca\/louisdavidbeaulieu\/wp-json\/wp\/v2\/tags?post=169"}],"curies":[{"name":"wp","href":"https:\/\/api.w.org\/{rel}","templated":true}]}}