{"id":177,"date":"2019-07-04T15:32:29","date_gmt":"2019-07-04T19:32:29","guid":{"rendered":"http:\/\/portfolio-pre.uqac.ca\/louisdavidbeaulieu\/?page_id=177"},"modified":"2019-07-04T15:33:01","modified_gmt":"2019-07-04T19:33:01","slug":"communications","status":"publish","type":"page","link":"https:\/\/portfolio.uqac.ca\/louisdavidbeaulieu\/communications\/","title":{"rendered":"Communications"},"content":{"rendered":"<p>(2019). Neurostimulation p\u00e9riph\u00e9rique et centrale en r\u00e9adaptation :\u00a0 perspectives, limites et exemples d\u2019applications en vieillissement et accident vasculaire c\u00e9r\u00e9bral (AVC). 3e Congr\u00e8s qu\u00e9b\u00e9cois de recherche en adaptation-r\u00e9adaptation, Montr\u00e9al, Canada<\/p>\n<p>(2018). Utilisation de la neurostimulation centrale et p\u00e9riph\u00e9rique en r\u00e9adaptation. Journ\u00e9e des professeurs de clinique en physioth\u00e9rapie, Chicoutimi, Canada<\/p>\n<p>(2018). Utilisation de la neurostimulation pour mieux traiter et comprendre l\u2019accident vasculaire c\u00e9r\u00e9bral (AVC). 1er Symposium Qu\u00e9b\u00e9cois sur la Neurostimulation, Drummonville, Canada<\/p>\n<p>(2018). Comparaison des effets aigus de trois interventions de neurostimulation p\u00e9riph\u00e9rique chez des personnes au stade chronique post-AVC. 86e Congr\u00e8s de l\u2019ACFAS, Chicoutimi, Canada<\/p>\n<p>(2018). Laboratoire de recherche biom\u00e9canique &amp; neurophysiologique en r\u00e9adaptation neuro-musculosquelettique (Lab BioNR) : principaux axes de recherche et opportunit\u00e9s de partenariat. Rencontre ponctuelle, Clinique Physio Extension, Chicoutimi, Canada<\/p>\n<p>(2018). Pr\u00e9sentation du Laboratoire de recherche biom\u00e9canique &amp; neurophysiologique en r\u00e9adaptation neuro-musculo-squelettique (Lab BioNR) : principaux axes de recherche et opportunit\u00e9s de partenariat. Journ\u00e9e de la Recherche du CIUSSS du Saguenay-Lac-St-Jean, H\u00f4pital de Chicoutimi, 15 f\u00e9vrier 2018, Chicoutimi, Canada<\/p>\n<p>(2017). Contribution des aff\u00e9rences somatosensorielles sur le contr\u00f4le postural et la r\u00e9cup\u00e9ration sensorimotrice post-AVC. Conf\u00e9rences-midi des professeurs du programme de physioth\u00e9rapie l&#8217;UQAC au CIUSSS du Saguenay-Lac-St-Jean, H\u00f4pital d&#8217;Alma, Alma, Canada<\/p>\n<p>Harvey M*, Houde F, Laroche S, Thivierge V, Martel M, Daigle F, Olivares-Marchant A, Beaulieu L, L\u00e9onard G. (2017). CARACT\u00c9RISTIQUES INFLUEN\u00c7ANT LA STIMULATION MAGN\u00c9TIQUE TRANSCR\u00c2NIENNE CHEZ LES A\u00ceN\u00c9S. 14e \u00e9dition des journ\u00e9es de la recherche du r\u00e9seau qu\u00e9b\u00e9cois de recherche sur le vieillissement, Montr\u00e9al, Canada<\/p>\n<p>(2017). Contribution des aff\u00e9rences somatosensorielles sur le contr\u00f4le postural et la r\u00e9cup\u00e9ration sensorimotrice post-AVC. Conf\u00e9rences-midi des professeurs du programme de physioth\u00e9rapie l&#8217;UQAC au CIUSSS du Saguenay-Lac-St-Jean, Jonqui\u00e8re, Canada<\/p>\n<p>(2016). Peripheral neurostimulation and sensorimotor control in chronic stroke: role of sensory afferents.18th Research Colloquium in Rehabilitation, Montreal, Canada<\/p>\n<p>(2016). Interventions non invasives en phase chronique post-AVC: r\u00f4le des aff\u00e9rences proprioceptives sur la plasticit\u00e9 c\u00e9r\u00e9brale et le contr\u00f4le sensorimoteur.Conf\u00e9rences scientifiques du Centre de recherche sur le vieillissement, Sherbrooke, Canada<\/p>\n<p>Hugo Mass\u00e9-Alarie. (2016). La stimulation magn\u00e9tique appliqu\u00e9e \u00e0 la r\u00e9adaptation. Pint of Science Festival, Quebec, Canada<\/p>\n<p>(2015). Tour d&#8217;horizon sur la proprioception en physioth\u00e9rapie neurologique. Physioth\u00e9rapie 360, Quebec, Canada<\/p>\n<p>(2015). Effets de diff\u00e9rentes interventions non-invasives et d\u2019exercices conventionnels sur la plasticit\u00e9 c\u00e9r\u00e9brale et le contr\u00f4le sensorimoteur chez des individus avec AVC chronique : r\u00e9sultats pr\u00e9liminaires.S\u00e9minaire du laboratoire de Neurosciences Int\u00e9gratives et Adaptatives, Aix-Marseille Universit\u00e9, Marseile, France<\/p>\n<p>(2015). Fid\u00e9lit\u00e9 des mesures obtenues par stimulation magn\u00e9tique transcr\u00e2nienne du cortex moteur primaire (M1) chez des personnes en sant\u00e9 : revue syst\u00e9matique (r\u00e9sultats pr\u00e9liminaires). 83e congr\u00e8s de l\u2019ACFAS, Rimouski, Canada<\/p>\n","protected":false},"excerpt":{"rendered":"<p>(2019). Neurostimulation p\u00e9riph\u00e9rique et centrale en r\u00e9adaptation :\u00a0 perspectives, limites et exemples d\u2019applications en vieillissement et accident vasculaire c\u00e9r\u00e9bral (AVC). 3e Congr\u00e8s qu\u00e9b\u00e9cois de recherche en adaptation-r\u00e9adaptation, Montr\u00e9al, Canada (2018). Utilisation de la neurostimulation centrale et p\u00e9riph\u00e9rique en r\u00e9adaptation. Journ\u00e9e des professeurs de clinique en physioth\u00e9rapie, Chicoutimi, Canada (2018). Utilisation de la neurostimulation pour mieux &hellip; <a href=\"https:\/\/portfolio.uqac.ca\/louisdavidbeaulieu\/communications\/\" class=\"more-link\">Continuer la lecture de <span class=\"screen-reader-text\">Communications<\/span>  <span class=\"meta-nav\">&rarr;<\/span><\/a><\/p>\n","protected":false},"author":147,"featured_media":0,"parent":0,"menu_order":0,"comment_status":"closed","ping_status":"closed","template":"","meta":{"footnotes":""},"tags":[],"_links":{"self":[{"href":"https:\/\/portfolio.uqac.ca\/louisdavidbeaulieu\/wp-json\/wp\/v2\/pages\/177"}],"collection":[{"href":"https:\/\/portfolio.uqac.ca\/louisdavidbeaulieu\/wp-json\/wp\/v2\/pages"}],"about":[{"href":"https:\/\/portfolio.uqac.ca\/louisdavidbeaulieu\/wp-json\/wp\/v2\/types\/page"}],"author":[{"embeddable":true,"href":"https:\/\/portfolio.uqac.ca\/louisdavidbeaulieu\/wp-json\/wp\/v2\/users\/147"}],"replies":[{"embeddable":true,"href":"https:\/\/portfolio.uqac.ca\/louisdavidbeaulieu\/wp-json\/wp\/v2\/comments?post=177"}],"version-history":[{"count":2,"href":"https:\/\/portfolio.uqac.ca\/louisdavidbeaulieu\/wp-json\/wp\/v2\/pages\/177\/revisions"}],"predecessor-version":[{"id":179,"href":"https:\/\/portfolio.uqac.ca\/louisdavidbeaulieu\/wp-json\/wp\/v2\/pages\/177\/revisions\/179"}],"wp:attachment":[{"href":"https:\/\/portfolio.uqac.ca\/louisdavidbeaulieu\/wp-json\/wp\/v2\/media?parent=177"}],"wp:term":[{"taxonomy":"post_tag","embeddable":true,"href":"https:\/\/portfolio.uqac.ca\/louisdavidbeaulieu\/wp-json\/wp\/v2\/tags?post=177"}],"curies":[{"name":"wp","href":"https:\/\/api.w.org\/{rel}","templated":true}]}}