{"id":4,"date":"2019-02-06T15:38:26","date_gmt":"2019-02-06T20:38:26","guid":{"rendered":"http:\/\/portfolio-pre.uqac.ca\/gabarit\/?page_id=4"},"modified":"2019-11-06T09:40:30","modified_gmt":"2019-11-06T14:40:30","slug":"presentatio","status":"publish","type":"page","link":"https:\/\/portfolio.uqac.ca\/louisdavidbeaulieu\/","title":{"rendered":"Pr\u00e9sentation"},"content":{"rendered":"<h2>Louis-David Beaulieu,\u00a0Ph. D., pht,<\/h2>\n<p>Professeur \u00e0 l\u2019Unit\u00e9 d\u2019enseignement en physioth\u00e9rapie, D\u00e9partement des sciences de la sant\u00e9<br \/>\nDirecteur du <a href=\"https:\/\/recherche.uqac.ca\/labbionr\/\">Laboratoire de recherche BioNR<\/a><\/p>\n<p>Louis-David Beaulieu est physioth\u00e9rapeute et professeur en physioth\u00e9rapie depuis ao\u00fbt 2017 \u00e0 l\u2019UQAC. L\u2019enseignement et la recherche du Prof. Beaulieu concernent la pratique de la neuror\u00e9adaptation, la biom\u00e9canique appliqu\u00e9e \u00e0 la physioth\u00e9rapie et l\u2019utilisation de technologies innovantes (TMS, tDCS, rPMS, NMES, VIB) dans des conditions pathologiques affectant le syst\u00e8me nerveux. Il s\u2019int\u00e9resse \u00e0 la client\u00e8le AVC et l\u2019utilisation des appareils de neurostimulation non invasifs comme approche innovante d\u2019\u00e9valuation et de traitement des d\u00e9ficiences sensorimotrices.<\/p>\n<h2>Champs d&#8217;int\u00e9r\u00eat<\/h2>\n<ul>\n<li>Neuror\u00e9adaptation<\/li>\n<li>Accident vasculaire c\u00e9r\u00e9bral (AVC)<\/li>\n<li>Stimulation c\u00e9r\u00e9brale<\/li>\n<li>Vieillissement<\/li>\n<li>Pr\u00e9vention des chutes<\/li>\n<li>Physioth\u00e9rapie<\/li>\n<li>Outils pour la pratique en physioth\u00e9rapie<\/li>\n<li>Douleur chronique<\/li>\n<li>Neurostimulation non-invasive<\/li>\n<\/ul>\n<h2>Publications r\u00e9centes<\/h2>\n<ul>\n<li><a href=\"https:\/\/www.ncbi.nlm.nih.gov\/pubmed?term=Beaulieu%20LD%5BAuthor%5D\">Pubmed<\/a><\/li>\n<li><a href=\"https:\/\/www.researchgate.net\/profile\/Louis-David_Beaulieu\">ResearchGate<\/a><\/li>\n<\/ul>\n","protected":false},"excerpt":{"rendered":"<p>Louis-David Beaulieu,\u00a0Ph. D., pht, Professeur \u00e0 l\u2019Unit\u00e9 d\u2019enseignement en physioth\u00e9rapie, D\u00e9partement des sciences de la sant\u00e9 Directeur du Laboratoire de recherche BioNR Louis-David Beaulieu est physioth\u00e9rapeute et professeur en physioth\u00e9rapie depuis ao\u00fbt 2017 \u00e0 l\u2019UQAC. L\u2019enseignement et la recherche du Prof. Beaulieu concernent la pratique de la neuror\u00e9adaptation, la biom\u00e9canique appliqu\u00e9e \u00e0 la physioth\u00e9rapie et &hellip; <a href=\"https:\/\/portfolio.uqac.ca\/louisdavidbeaulieu\/\" class=\"more-link\">Continuer la lecture de <span class=\"screen-reader-text\">Pr\u00e9sentation<\/span>  <span class=\"meta-nav\">&rarr;<\/span><\/a><\/p>\n","protected":false},"author":89,"featured_media":0,"parent":0,"menu_order":0,"comment_status":"closed","ping_status":"closed","template":"","meta":{"footnotes":""},"tags":[],"_links":{"self":[{"href":"https:\/\/portfolio.uqac.ca\/louisdavidbeaulieu\/wp-json\/wp\/v2\/pages\/4"}],"collection":[{"href":"https:\/\/portfolio.uqac.ca\/louisdavidbeaulieu\/wp-json\/wp\/v2\/pages"}],"about":[{"href":"https:\/\/portfolio.uqac.ca\/louisdavidbeaulieu\/wp-json\/wp\/v2\/types\/page"}],"author":[{"embeddable":true,"href":"https:\/\/portfolio.uqac.ca\/louisdavidbeaulieu\/wp-json\/wp\/v2\/users\/89"}],"replies":[{"embeddable":true,"href":"https:\/\/portfolio.uqac.ca\/louisdavidbeaulieu\/wp-json\/wp\/v2\/comments?post=4"}],"version-history":[{"count":18,"href":"https:\/\/portfolio.uqac.ca\/louisdavidbeaulieu\/wp-json\/wp\/v2\/pages\/4\/revisions"}],"predecessor-version":[{"id":212,"href":"https:\/\/portfolio.uqac.ca\/louisdavidbeaulieu\/wp-json\/wp\/v2\/pages\/4\/revisions\/212"}],"wp:attachment":[{"href":"https:\/\/portfolio.uqac.ca\/louisdavidbeaulieu\/wp-json\/wp\/v2\/media?parent=4"}],"wp:term":[{"taxonomy":"post_tag","embeddable":true,"href":"https:\/\/portfolio.uqac.ca\/louisdavidbeaulieu\/wp-json\/wp\/v2\/tags?post=4"}],"curies":[{"name":"wp","href":"https:\/\/api.w.org\/{rel}","templated":true}]}}