{"id":18,"date":"2022-10-25T14:45:14","date_gmt":"2022-10-25T18:45:14","guid":{"rendered":"http:\/\/portfolio-pre.uqac.ca\/gabarit\/?page_id=18"},"modified":"2026-01-21T14:52:08","modified_gmt":"2026-01-21T19:52:08","slug":"enseignement","status":"publish","type":"page","link":"https:\/\/portfolio.uqac.ca\/louisphilipperondeau\/enseignement\/","title":{"rendered":"Enseignement"},"content":{"rendered":"<h3>Premier cycle<\/h3>\n<ul>\n<li>NAND111 : Proc\u00e9d\u00e9s photographiques en cr\u00e9ation 3D<\/li>\n<li>NAND141 :\u00a0Pratique de l&#8217;\u00e9clairage pour les effets visuels et l&#8217;animation<\/li>\n<\/ul>\n<h6>Cours ant\u00e9rieurs<\/h6>\n<ul>\n<li>NAND114 : Image num\u00e9rique, art et histoire<\/li>\n<li>NAND139 : Pratique de l&#8217;\u00e9clairage en effets visuels<\/li>\n<li>7ART309 : Atelier th\u00e9matique<\/li>\n<li>NAND112 : Histoire de l&#8217;infographie<\/li>\n<li>7PHO408 : Photographie et image num\u00e9rique<\/li>\n<li>etc.<\/li>\n<\/ul>\n<h3>Second cycle<\/h3>\n<ul>\n<li><span style=\"line-height: 1.5\">7ART817 : Production en art<\/span><\/li>\n<\/ul>\n<h6>Cours ant\u00e9rieurs<\/h6>\n<ul>\n<li>7ART814 : S\u00e9minaire th\u00e9matique<\/li>\n<\/ul>\n<h1>M\u00e9moires de ma\u00eetrise<\/h1>\n<p><strong>Claude Asselin<\/strong> (2025). <a href=\"https:\/\/constellation.uqac.ca\/id\/eprint\/10308\/\">Ambiance 1 &#8211; Musicale, Ambiance 2 &#8211; Nebula et Ambiance 3 &#8211; Le Tour : \u00c9tude de la comprovisation d\u2019ambiances audio-vid\u00e9o-lumineuse<\/a>. Co-direction : Yan Breuleux<\/p>\n<p><strong>Laurent-Michel Tremblay<\/strong> (2025).<a href=\"https:\/\/constellation.uqac.ca\/id\/eprint\/10188\/\"> Passer le message : le recours au r\u00e9cit, \u00e0 l\u2019immersion et l\u2019interactivit\u00e9 pour \u00e9veiller l\u2019engagement du public dans un contexte de sc\u00e9nographie mus\u00e9ale<\/a>.<\/p>\n<p><strong>L\u00e9a Martin <\/strong>(2024). <em><a href=\"https:\/\/constellation.uqac.ca\/id\/eprint\/9964\/\">Performance artistique et temporalit\u00e9 : \u00c9tude de la pratique de la performance diff\u00e9r\u00e9e<\/a>. <\/em>Co-direction : Yan Breuleux.<\/p>\n<p><strong>Marie-\u00c8ve Morissette <\/strong>(2024). <em><a href=\"https:\/\/constellation.uqac.ca\/id\/eprint\/9955\/\">ON\/CONTACT et EN\/GLOBE : la cr\u00e9ation d&#8217;\u0153uvres-interfaces bas\u00e9es sur la rencontre; pour une approche soma-esth\u00e9tique de la cr\u00e9ation d\u2019installations interactives en art num\u00e9rique<\/a>. <\/em>Co-direction : Yan Breuleux.<\/p>\n<p><strong>Catherine D\u2019Amours<\/strong>\u00a0(2023). <em><a href=\"https:\/\/constellation.uqac.ca\/id\/eprint\/9722\/\">Le cycle solastalgique : r\u00e9cit des transformations de l\u2019identit\u00e9 environnementale dans le design d\u2019exp\u00e9riences<\/a>.<\/em> Co-direction : Yan Breuleux.<\/p>\n<p><strong>Ke Medley\u00a0<\/strong>(2022).\u00a0<a href=\"https:\/\/constellation.uqac.ca\/id\/eprint\/9128\/\"><em>Compartment_Complex : subverting obsolescence \u2013 media archaeology and the materiality of analog video.<\/em><\/a> Co-direction : Yan Breuleux.<\/p>\n<p><strong>Jules Deslandes\u00a0<\/strong>(2022).<strong>\u00a0<\/strong><a href=\"https:\/\/constellation.uqac.ca\/id\/eprint\/8381\/\"><em>\u00c9tude du reenactment d\u2019archives embl\u00e9matiques de performances artistiques par la pratique du artists\u2019 game. <\/em><\/a>Co-direction : Yan Breuleux.<\/p>\n<p>&nbsp;<\/p>\n","protected":false},"excerpt":{"rendered":"<p>Premier cycle NAND111 : Proc\u00e9d\u00e9s photographiques en cr\u00e9ation 3D NAND141 :\u00a0Pratique de l&#8217;\u00e9clairage pour les effets visuels et l&#8217;animation Cours ant\u00e9rieurs NAND114 : Image num\u00e9rique, art et histoire NAND139 : Pratique de l&#8217;\u00e9clairage en effets visuels 7ART309 : Atelier th\u00e9matique NAND112 : Histoire de l&#8217;infographie 7PHO408 : Photographie et image num\u00e9rique etc. Second cycle 7ART817 &hellip; <a href=\"https:\/\/portfolio.uqac.ca\/louisphilipperondeau\/enseignement\/\" class=\"more-link\">Continuer la lecture de <span class=\"screen-reader-text\">Enseignement<\/span>  <span class=\"meta-nav\">&rarr;<\/span><\/a><\/p>\n","protected":false},"author":89,"featured_media":0,"parent":0,"menu_order":0,"comment_status":"closed","ping_status":"closed","template":"","meta":{"footnotes":""},"tags":[],"_links":{"self":[{"href":"https:\/\/portfolio.uqac.ca\/louisphilipperondeau\/wp-json\/wp\/v2\/pages\/18"}],"collection":[{"href":"https:\/\/portfolio.uqac.ca\/louisphilipperondeau\/wp-json\/wp\/v2\/pages"}],"about":[{"href":"https:\/\/portfolio.uqac.ca\/louisphilipperondeau\/wp-json\/wp\/v2\/types\/page"}],"author":[{"embeddable":true,"href":"https:\/\/portfolio.uqac.ca\/louisphilipperondeau\/wp-json\/wp\/v2\/users\/89"}],"replies":[{"embeddable":true,"href":"https:\/\/portfolio.uqac.ca\/louisphilipperondeau\/wp-json\/wp\/v2\/comments?post=18"}],"version-history":[{"count":11,"href":"https:\/\/portfolio.uqac.ca\/louisphilipperondeau\/wp-json\/wp\/v2\/pages\/18\/revisions"}],"predecessor-version":[{"id":254,"href":"https:\/\/portfolio.uqac.ca\/louisphilipperondeau\/wp-json\/wp\/v2\/pages\/18\/revisions\/254"}],"wp:attachment":[{"href":"https:\/\/portfolio.uqac.ca\/louisphilipperondeau\/wp-json\/wp\/v2\/media?parent=18"}],"wp:term":[{"taxonomy":"post_tag","embeddable":true,"href":"https:\/\/portfolio.uqac.ca\/louisphilipperondeau\/wp-json\/wp\/v2\/tags?post=18"}],"curies":[{"name":"wp","href":"https:\/\/api.w.org\/{rel}","templated":true}]}}