{"id":27,"date":"2022-10-25T14:45:14","date_gmt":"2022-10-25T18:45:14","guid":{"rendered":"http:\/\/portfolio-pre.uqac.ca\/gabarit\/?page_id=27"},"modified":"2023-02-21T10:36:39","modified_gmt":"2023-02-21T15:36:39","slug":"curriculum-vitae","status":"publish","type":"page","link":"https:\/\/portfolio.uqac.ca\/louisphilipperondeau\/curriculum-vitae\/","title":{"rendered":"Curriculum vitae"},"content":{"rendered":"<h2><strong>Dipl\u00f4mes<\/strong><\/h2>\n<p>2023 : Doctorat en communication, Universit\u00e9 du Qu\u00e9bec \u00e0 Montr\u00e9al. Th\u00e8se intitul\u00e9e <em>Mall\u00e9abilit\u00e9s spatiotemporelles\u00a0: le soi m\u00e9di\u00e9 dans le dispositif post-photographique<\/em><\/p>\n<p>2013 : Maitrise en communication, Universit\u00e9 du Qu\u00e9bec \u00e0 Montr\u00e9al. M\u00e9moire intitul\u00e9\u00a0<em>Le recours \u00e0 la st\u00e9r\u00e9oscopie\u00a0: enjeux, potentialit\u00e9s, limites<\/em><\/p>\n<h2><strong>Activit\u00e9s professionnelles<\/strong><\/h2>\n<p>2006-2010 : Formateur s\u00e9nior en effets visuels,\u00a0Autodesk Media &amp; Entertainment<\/p>\n<p>2000\u20132001 et 2003\u20132006 :\u00a0Formateur \/ concepteur de mat\u00e9riel p\u00e9dagogique,\u00a0Softimage\/Avid<\/p>\n<p>2001\u20132003 : Monteur en-ligne,\u00a0Slik Communications<\/p>\n<p>1999\u20132000 : Artiste Infographe 3D,\u00a0Behaviour Studio<\/p>\n<h2><strong>Affiliations professionnelles<\/strong><\/h2>\n<p>Membre du r\u00e9seau de recherche-cr\u00e9ation Hexagram<\/p>\n","protected":false},"excerpt":{"rendered":"<p>Dipl\u00f4mes 2023 : Doctorat en communication, Universit\u00e9 du Qu\u00e9bec \u00e0 Montr\u00e9al. Th\u00e8se intitul\u00e9e Mall\u00e9abilit\u00e9s spatiotemporelles\u00a0: le soi m\u00e9di\u00e9 dans le dispositif post-photographique 2013 : Maitrise en communication, Universit\u00e9 du Qu\u00e9bec \u00e0 Montr\u00e9al. M\u00e9moire intitul\u00e9\u00a0Le recours \u00e0 la st\u00e9r\u00e9oscopie\u00a0: enjeux, potentialit\u00e9s, limites Activit\u00e9s professionnelles 2006-2010 : Formateur s\u00e9nior en effets visuels,\u00a0Autodesk Media &amp; Entertainment 2000\u20132001 et &hellip; <a href=\"https:\/\/portfolio.uqac.ca\/louisphilipperondeau\/curriculum-vitae\/\" class=\"more-link\">Continuer la lecture de <span class=\"screen-reader-text\">Curriculum vitae<\/span>  <span class=\"meta-nav\">&rarr;<\/span><\/a><\/p>\n","protected":false},"author":89,"featured_media":0,"parent":0,"menu_order":0,"comment_status":"closed","ping_status":"closed","template":"","meta":{"footnotes":""},"tags":[],"_links":{"self":[{"href":"https:\/\/portfolio.uqac.ca\/louisphilipperondeau\/wp-json\/wp\/v2\/pages\/27"}],"collection":[{"href":"https:\/\/portfolio.uqac.ca\/louisphilipperondeau\/wp-json\/wp\/v2\/pages"}],"about":[{"href":"https:\/\/portfolio.uqac.ca\/louisphilipperondeau\/wp-json\/wp\/v2\/types\/page"}],"author":[{"embeddable":true,"href":"https:\/\/portfolio.uqac.ca\/louisphilipperondeau\/wp-json\/wp\/v2\/users\/89"}],"replies":[{"embeddable":true,"href":"https:\/\/portfolio.uqac.ca\/louisphilipperondeau\/wp-json\/wp\/v2\/comments?post=27"}],"version-history":[{"count":7,"href":"https:\/\/portfolio.uqac.ca\/louisphilipperondeau\/wp-json\/wp\/v2\/pages\/27\/revisions"}],"predecessor-version":[{"id":188,"href":"https:\/\/portfolio.uqac.ca\/louisphilipperondeau\/wp-json\/wp\/v2\/pages\/27\/revisions\/188"}],"wp:attachment":[{"href":"https:\/\/portfolio.uqac.ca\/louisphilipperondeau\/wp-json\/wp\/v2\/media?parent=27"}],"wp:term":[{"taxonomy":"post_tag","embeddable":true,"href":"https:\/\/portfolio.uqac.ca\/louisphilipperondeau\/wp-json\/wp\/v2\/tags?post=27"}],"curies":[{"name":"wp","href":"https:\/\/api.w.org\/{rel}","templated":true}]}}