{"id":4,"date":"2022-10-25T14:45:14","date_gmt":"2022-10-25T18:45:14","guid":{"rendered":"http:\/\/portfolio-pre.uqac.ca\/gabarit\/?page_id=4"},"modified":"2026-01-21T14:46:58","modified_gmt":"2026-01-21T19:46:58","slug":"presentatio","status":"publish","type":"page","link":"https:\/\/portfolio.uqac.ca\/louisphilipperondeau\/","title":{"rendered":"Pr\u00e9sentation"},"content":{"rendered":"<div id='gallery-1' class='gallery galleryid-4 gallery-columns-6 gallery-size-thumbnail'><figure class='gallery-item'>\n\t\t\t<div class='gallery-icon landscape'>\n\t\t\t\t<a href='https:\/\/portfolio.uqac.ca\/louisphilipperondeau\/recherche\/pxl_20240830_012053151\/'><img loading=\"lazy\" decoding=\"async\" width=\"150\" height=\"150\" src=\"https:\/\/portfolio.uqac.ca\/louisphilipperondeau\/files\/2025\/09\/PXL_20240830_012053151-150x150.jpg\" class=\"attachment-thumbnail size-thumbnail\" alt=\"\" aria-describedby=\"gallery-1-245\" \/><\/a>\n\t\t\t<\/div>\n\t\t\t\t<figcaption class='wp-caption-text gallery-caption' id='gallery-1-245'>\n\t\t\t\tMUTEK Village num\u00e9rique, Montr\u00e9al, 2024\n\t\t\t\t<\/figcaption><\/figure><figure class='gallery-item'>\n\t\t\t<div class='gallery-icon landscape'>\n\t\t\t\t<a href='https:\/\/portfolio.uqac.ca\/louisphilipperondeau\/recherche\/200717_023-janina-snatzke\/'><img loading=\"lazy\" decoding=\"async\" width=\"150\" height=\"150\" src=\"https:\/\/portfolio.uqac.ca\/louisphilipperondeau\/files\/2022\/10\/200717_023-Janina-Snatzke-150x150.jpg\" class=\"attachment-thumbnail size-thumbnail\" alt=\"\" aria-describedby=\"gallery-1-211\" \/><\/a>\n\t\t\t<\/div>\n\t\t\t\t<figcaption class='wp-caption-text gallery-caption' id='gallery-1-211'>\n\t\t\t\tPhaeno, Wolfsburg, 2020. Photo: Janina Snatzke\n\t\t\t\t<\/figcaption><\/figure><figure class='gallery-item'>\n\t\t\t<div class='gallery-icon portrait'>\n\t\t\t\t<a href='https:\/\/portfolio.uqac.ca\/louisphilipperondeau\/recherche\/368435959_292392430346418_3341399573007435340_n-1\/'><img loading=\"lazy\" decoding=\"async\" width=\"150\" height=\"150\" src=\"https:\/\/portfolio.uqac.ca\/louisphilipperondeau\/files\/2022\/10\/368435959_292392430346418_3341399573007435340_n-1-150x150.jpg\" class=\"attachment-thumbnail size-thumbnail\" alt=\"\" aria-describedby=\"gallery-1-219\" \/><\/a>\n\t\t\t<\/div>\n\t\t\t\t<figcaption class='wp-caption-text gallery-caption' id='gallery-1-219'>\n\t\t\t\tEnvironnements sensoriels, Montr\u00e9al, 2023.\n\t\t\t\t<\/figcaption><\/figure><figure class='gallery-item'>\n\t\t\t<div class='gallery-icon landscape'>\n\t\t\t\t<a href='https:\/\/portfolio.uqac.ca\/louisphilipperondeau\/recherche\/pxl_20230128_005235195-cc\/'><img loading=\"lazy\" decoding=\"async\" width=\"150\" height=\"150\" src=\"https:\/\/portfolio.uqac.ca\/louisphilipperondeau\/files\/2022\/10\/PXL_20230128_005235195-cc-150x150.jpg\" class=\"attachment-thumbnail size-thumbnail\" alt=\"\" aria-describedby=\"gallery-1-223\" \/><\/a>\n\t\t\t<\/div>\n\t\t\t\t<figcaption class='wp-caption-text gallery-caption' id='gallery-1-223'>\n\t\t\t\tBIAN 6, Arsenal, Montr\u00e9al, 2023.\n\t\t\t\t<\/figcaption><\/figure><figure class='gallery-item'>\n\t\t\t<div class='gallery-icon portrait'>\n\t\t\t\t<a href='https:\/\/portfolio.uqac.ca\/louisphilipperondeau\/recherche\/lux-aeterna-sonica-2022-01\/'><img loading=\"lazy\" decoding=\"async\" width=\"150\" height=\"150\" src=\"https:\/\/portfolio.uqac.ca\/louisphilipperondeau\/files\/2022\/10\/Lux-Aeterna-Sonica-2022-01-150x150.jpg\" class=\"attachment-thumbnail size-thumbnail\" alt=\"\" aria-describedby=\"gallery-1-220\" \/><\/a>\n\t\t\t<\/div>\n\t\t\t\t<figcaption class='wp-caption-text gallery-caption' id='gallery-1-220'>\n\t\t\t\tSonica, Glasgow, 2022. Photo : Neil Jarvie\n\t\t\t\t<\/figcaption><\/figure><figure class='gallery-item'>\n\t\t\t<div class='gallery-icon portrait'>\n\t\t\t\t<a href='https:\/\/portfolio.uqac.ca\/louisphilipperondeau\/recherche\/pxl_20240717_181631619\/'><img loading=\"lazy\" decoding=\"async\" width=\"150\" height=\"150\" src=\"https:\/\/portfolio.uqac.ca\/louisphilipperondeau\/files\/2022\/10\/PXL_20240717_181631619-150x150.jpg\" class=\"attachment-thumbnail size-thumbnail\" alt=\"\" aria-describedby=\"gallery-1-229\" \/><\/a>\n\t\t\t<\/div>\n\t\t\t\t<figcaption class='wp-caption-text gallery-caption' id='gallery-1-229'>\n\t\t\t\tBIAN 7, Arsenal, Montr\u00e9al, 2024.\n\t\t\t\t<\/figcaption><\/figure>\n\t\t<\/div>\n\n<p>Artiste et chercheur,\u00a0Louis-Philippe Rondeau est professeur \u00e0 l&#8217;\u00c9cole des arts num\u00e9riques, de l&#8217;animation et du design (NAD\/UQAC). Il d\u00e9tient un doctorat en communication de l&#8217;Universit\u00e9 du Qu\u00e9bec \u00e0 Montr\u00e9al.<\/p>\n<p>Ses installations interactives, <a href=\"https:\/\/patenteux.com\/wp\/#expositions\">pr\u00e9sent\u00e9es dans plus de 40 expositions dans 20 pays<\/a> ont \u00e9t\u00e9 expos\u00e9es dans des festivals et des mus\u00e9es tels que\u00a0<a href=\"https:\/\/www.elektramontreal.ca\/xarselectronica2019?lang=fr\">Ars Electronica,<\/a>\u00a0<a href=\"http:\/\/isea2019.isea-international.org\/artistic.asp\">ISEA<\/a>,\u00a0<a href=\"https:\/\/www.elektramontreal.ca\/bian2021-louisphilippe-rondeau\">BIAN<\/a>\u00a0et la collection permanente de\u00a0<a href=\"https:\/\/www.phaeno.de\/en\/\">Phaeno<\/a>.<\/p>\n<p>Ses recherches portent sur la repr\u00e9sentation et la performance humaines dans un contexte m\u00e9dia-arch\u00e9ologique. Il s\u2019inspire d\u2019une volont\u00e9 de r\u00e9interpr\u00e9ter des formes de m\u00e9dias oubli\u00e9s et n\u00e9glig\u00e9s, \u00e0 l\u2019aide d\u2019outils num\u00e9riques contemporains.<\/p>\n<p>Reprenant parfois le modus operandi du miroir, <a href=\"https:\/\/patenteux.com\">ses installations interactives<\/a> nous obligent \u00e0 reconsid\u00e9rer les conventions employ\u00e9es dans la m\u00e9diation des corps, notamment leur articulation spatiotemporelle.<\/p>\n<p>Il est\u00a0cofondateur du laboratoire\u00a0<a href=\"https:\/\/www.uqac.ca\/mimesis\/\">Mimesis<\/a>\u00a0sur l\u2019immersion, l\u2019interaction et l\u2019imagination.\u00a0\u00a0Il est \u00e9galement membre du r\u00e9seau de recherche-cr\u00e9ation\u00a0<a href=\"https:\/\/hexagram.ca\/\">Hexagram<\/a>. Sa pratique d\u00e9coule de son travail dans le domaine des effets visuels num\u00e9riques \u00e0 Montr\u00e9al.<\/p>\n<h2>Champs d&#8217;int\u00e9r\u00eat<\/h2>\n<ul>\n<li>Dispositifs interactifs et immersifs dans un contexte mus\u00e9al<\/li>\n<li>Photographie et post-photographie \u2013 <em>expanded photography<\/em><\/li>\n<li>M\u00e9diation spatiotemporelle<\/li>\n<li>Arch\u00e9ologie des m\u00e9dias<\/li>\n<li>Art public<\/li>\n<li>Bricolage \u00e9pist\u00e9mologique et m\u00e9thodologique (<em>patentage<\/em>, faire soi-m\u00eame, <em>DIY<\/em> et <em>making<\/em>)<\/li>\n<\/ul>\n","protected":false},"excerpt":{"rendered":"<p>Artiste et chercheur,\u00a0Louis-Philippe Rondeau est professeur \u00e0 l&#8217;\u00c9cole des arts num\u00e9riques, de l&#8217;animation et du design (NAD\/UQAC). Il d\u00e9tient un doctorat en communication de l&#8217;Universit\u00e9 du Qu\u00e9bec \u00e0 Montr\u00e9al. Ses installations interactives, pr\u00e9sent\u00e9es dans plus de 40 expositions dans 20 pays ont \u00e9t\u00e9 expos\u00e9es dans des festivals et des mus\u00e9es tels que\u00a0Ars Electronica,\u00a0ISEA,\u00a0BIAN\u00a0et la collection &hellip; <a href=\"https:\/\/portfolio.uqac.ca\/louisphilipperondeau\/\" class=\"more-link\">Continuer la lecture de <span class=\"screen-reader-text\">Pr\u00e9sentation<\/span>  <span class=\"meta-nav\">&rarr;<\/span><\/a><\/p>\n","protected":false},"author":89,"featured_media":0,"parent":0,"menu_order":0,"comment_status":"closed","ping_status":"closed","template":"","meta":{"footnotes":""},"tags":[],"_links":{"self":[{"href":"https:\/\/portfolio.uqac.ca\/louisphilipperondeau\/wp-json\/wp\/v2\/pages\/4"}],"collection":[{"href":"https:\/\/portfolio.uqac.ca\/louisphilipperondeau\/wp-json\/wp\/v2\/pages"}],"about":[{"href":"https:\/\/portfolio.uqac.ca\/louisphilipperondeau\/wp-json\/wp\/v2\/types\/page"}],"author":[{"embeddable":true,"href":"https:\/\/portfolio.uqac.ca\/louisphilipperondeau\/wp-json\/wp\/v2\/users\/89"}],"replies":[{"embeddable":true,"href":"https:\/\/portfolio.uqac.ca\/louisphilipperondeau\/wp-json\/wp\/v2\/comments?post=4"}],"version-history":[{"count":21,"href":"https:\/\/portfolio.uqac.ca\/louisphilipperondeau\/wp-json\/wp\/v2\/pages\/4\/revisions"}],"predecessor-version":[{"id":253,"href":"https:\/\/portfolio.uqac.ca\/louisphilipperondeau\/wp-json\/wp\/v2\/pages\/4\/revisions\/253"}],"wp:attachment":[{"href":"https:\/\/portfolio.uqac.ca\/louisphilipperondeau\/wp-json\/wp\/v2\/media?parent=4"}],"wp:term":[{"taxonomy":"post_tag","embeddable":true,"href":"https:\/\/portfolio.uqac.ca\/louisphilipperondeau\/wp-json\/wp\/v2\/tags?post=4"}],"curies":[{"name":"wp","href":"https:\/\/api.w.org\/{rel}","templated":true}]}}