{"id":18,"date":"2021-10-19T09:52:01","date_gmt":"2021-10-19T13:52:01","guid":{"rendered":"http:\/\/portfolio-pre.uqac.ca\/gabarit\/?page_id=18"},"modified":"2022-08-24T09:57:58","modified_gmt":"2022-08-24T13:57:58","slug":"enseignement","status":"publish","type":"page","link":"https:\/\/portfolio.uqac.ca\/louisricher\/enseignement\/","title":{"rendered":"Enseignement"},"content":{"rendered":"<ul>\n<li>SPSY118 : Psychologie cognitive et traitement de l&#8217;information<\/li>\n<li><span style=\"line-height: 1.5\">STXM124 : Les psychotropes et leurs effets<br \/>\n<\/span><\/li>\n<li><span style=\"line-height: 1.5\"><span style=\"line-height: 1.5\">SDPN735: Neuroanatomie, neurophysiologie et d\u00e9veloppement du syst\u00e8me nerveux de l&#8217;humain<br \/>\n<\/span><\/span><\/li>\n<li><span style=\"line-height: 1.5\">SPSY238 : M\u00e9thodes de recherche en psychologie I<br \/>\n<\/span><\/li>\n<\/ul>\n","protected":false},"excerpt":{"rendered":"<p>SPSY118 : Psychologie cognitive et traitement de l&#8217;information STXM124 : Les psychotropes et leurs effets SDPN735: Neuroanatomie, neurophysiologie et d\u00e9veloppement du syst\u00e8me nerveux de l&#8217;humain SPSY238 : M\u00e9thodes de recherche en psychologie I<\/p>\n","protected":false},"author":89,"featured_media":0,"parent":0,"menu_order":0,"comment_status":"closed","ping_status":"closed","template":"","meta":{"footnotes":""},"tags":[],"_links":{"self":[{"href":"https:\/\/portfolio.uqac.ca\/louisricher\/wp-json\/wp\/v2\/pages\/18"}],"collection":[{"href":"https:\/\/portfolio.uqac.ca\/louisricher\/wp-json\/wp\/v2\/pages"}],"about":[{"href":"https:\/\/portfolio.uqac.ca\/louisricher\/wp-json\/wp\/v2\/types\/page"}],"author":[{"embeddable":true,"href":"https:\/\/portfolio.uqac.ca\/louisricher\/wp-json\/wp\/v2\/users\/89"}],"replies":[{"embeddable":true,"href":"https:\/\/portfolio.uqac.ca\/louisricher\/wp-json\/wp\/v2\/comments?post=18"}],"version-history":[{"count":5,"href":"https:\/\/portfolio.uqac.ca\/louisricher\/wp-json\/wp\/v2\/pages\/18\/revisions"}],"predecessor-version":[{"id":197,"href":"https:\/\/portfolio.uqac.ca\/louisricher\/wp-json\/wp\/v2\/pages\/18\/revisions\/197"}],"wp:attachment":[{"href":"https:\/\/portfolio.uqac.ca\/louisricher\/wp-json\/wp\/v2\/media?parent=18"}],"wp:term":[{"taxonomy":"post_tag","embeddable":true,"href":"https:\/\/portfolio.uqac.ca\/louisricher\/wp-json\/wp\/v2\/tags?post=18"}],"curies":[{"name":"wp","href":"https:\/\/api.w.org\/{rel}","templated":true}]}}