{"id":4,"date":"2021-10-19T09:52:01","date_gmt":"2021-10-19T13:52:01","guid":{"rendered":"http:\/\/portfolio-pre.uqac.ca\/gabarit\/?page_id=4"},"modified":"2025-09-16T13:50:04","modified_gmt":"2025-09-16T17:50:04","slug":"presentatio","status":"publish","type":"page","link":"https:\/\/portfolio.uqac.ca\/louisricher\/","title":{"rendered":"Pr\u00e9sentation"},"content":{"rendered":"<h2>Louis Richer Ph. D.<\/h2>\n<p>Professeur \u00e9m\u00e9rite<br \/>\nD\u00e9partement des sciences de la sant\u00e9<\/p>\n<p>Directeur du Laboratoire sur l&#8217;adaptation personnelle, sociale et neuropsychologique (LAPERSONE)<\/p>\n<h2>Champs d&#8217;int\u00e9r\u00eat<\/h2>\n<p>Mes enseignements portent sur les fonctions cognitives, la neuroanatomie, les m\u00e9thodes de recherche ainsi que les psychotropes.<\/p>\n<p>Mes travaux de recherche traitent de la qualit\u00e9 de vie et du bien-\u00eatre de populations \u00e0 risque au plan d\u00e9veloppemental et de leurs proches ainsi que du processus d\u2019adaptation des individus soumis \u00e0 des stresseurs aigus ou chroniques \u00e0 l\u2019aide de mesures du fonctionnement intellectuel, cognitif et ex\u00e9cutif. Plus sp\u00e9cifiquement, mes travaux examinent le lien entre le fonctionnement cognitif, les manifestations psychopathologiques, les fonctions ex\u00e9cutives, la m\u00e9tacognition, les habilet\u00e9s de pr\u00e9sence attentive (<em>mindfulness<\/em>) et l\u2019adaptation des individus. J&#8217;ai \u00e9galement une expertise concernant les psychotropes et leurs effets sur le syst\u00e8me nerveux tant du c\u00f4t\u00e9 des drogues de rue que de celles utilis\u00e9es en sant\u00e9 mentale.<\/p>\n","protected":false},"excerpt":{"rendered":"<p>Louis Richer Ph. D. Professeur \u00e9m\u00e9rite D\u00e9partement des sciences de la sant\u00e9 Directeur du Laboratoire sur l&#8217;adaptation personnelle, sociale et neuropsychologique (LAPERSONE) Champs d&#8217;int\u00e9r\u00eat Mes enseignements portent sur les fonctions cognitives, la neuroanatomie, les m\u00e9thodes de recherche ainsi que les psychotropes. Mes travaux de recherche traitent de la qualit\u00e9 de vie et du bien-\u00eatre de &hellip; <a href=\"https:\/\/portfolio.uqac.ca\/louisricher\/\" class=\"more-link\">Continuer la lecture de <span class=\"screen-reader-text\">Pr\u00e9sentation<\/span>  <span class=\"meta-nav\">&rarr;<\/span><\/a><\/p>\n","protected":false},"author":89,"featured_media":0,"parent":0,"menu_order":0,"comment_status":"closed","ping_status":"closed","template":"","meta":{"footnotes":""},"tags":[],"_links":{"self":[{"href":"https:\/\/portfolio.uqac.ca\/louisricher\/wp-json\/wp\/v2\/pages\/4"}],"collection":[{"href":"https:\/\/portfolio.uqac.ca\/louisricher\/wp-json\/wp\/v2\/pages"}],"about":[{"href":"https:\/\/portfolio.uqac.ca\/louisricher\/wp-json\/wp\/v2\/types\/page"}],"author":[{"embeddable":true,"href":"https:\/\/portfolio.uqac.ca\/louisricher\/wp-json\/wp\/v2\/users\/89"}],"replies":[{"embeddable":true,"href":"https:\/\/portfolio.uqac.ca\/louisricher\/wp-json\/wp\/v2\/comments?post=4"}],"version-history":[{"count":17,"href":"https:\/\/portfolio.uqac.ca\/louisricher\/wp-json\/wp\/v2\/pages\/4\/revisions"}],"predecessor-version":[{"id":207,"href":"https:\/\/portfolio.uqac.ca\/louisricher\/wp-json\/wp\/v2\/pages\/4\/revisions\/207"}],"wp:attachment":[{"href":"https:\/\/portfolio.uqac.ca\/louisricher\/wp-json\/wp\/v2\/media?parent=4"}],"wp:term":[{"taxonomy":"post_tag","embeddable":true,"href":"https:\/\/portfolio.uqac.ca\/louisricher\/wp-json\/wp\/v2\/tags?post=4"}],"curies":[{"name":"wp","href":"https:\/\/api.w.org\/{rel}","templated":true}]}}