{"id":203,"date":"2019-05-02T14:19:12","date_gmt":"2019-05-02T18:19:12","guid":{"rendered":"http:\/\/portfolio-pre.uqac.ca\/lucvaillancourt\/?page_id=203"},"modified":"2019-05-04T10:22:45","modified_gmt":"2019-05-04T14:22:45","slug":"collaborations","status":"publish","type":"page","link":"https:\/\/portfolio.uqac.ca\/lucvaillancourt\/collaborations\/","title":{"rendered":"Collaborations"},"content":{"rendered":"<ul>\n<li>Pr\u00e9sident de la <a href=\"https:\/\/csrs-scer.com\/\">Soci\u00e9t\u00e9 canadienne d&#8217;\u00e9tudes de la Renaissance<\/a> (CSRS-SC\u00c9R)<\/li>\n<li>Membre du comit\u00e9 de r\u00e9daction de la revue<a href=\"https:\/\/jps.library.utoronto.ca\/index.php\/renref\"> <em><em>Renaissance et R\u00e9forme<br \/>\n<\/em><\/em><\/a><\/li>\n<li>Membre du conseil d&#8217;administration de la <a href=\"https:\/\/warwick.ac.uk\/fac\/arts\/ren\/fisier\/\">F\u00e9d\u00e9ration Internationale des Soci\u00e9t\u00e9s et Instituts pour l\u2019\u00c9tude de la Renaissance (FI<\/a>SIER)<\/li>\n<li>Membre r\u00e9gulier du <a href=\"https:\/\/cirem16-18.ca\/\">CIREM16-18<\/a><\/li>\n<li>Membre r\u00e9gulier du Cercle interuniversitaire d\u2019\u00e9tude sur la R\u00e9publique des Lettres (CIERL)<\/li>\n<li>Membre r\u00e9gulier de la Soci\u00e9t\u00e9 internationale pour l\u2019histoire de la rh\u00e9torique (SIHR)<\/li>\n<\/ul>\n","protected":false},"excerpt":{"rendered":"<p>Pr\u00e9sident de la Soci\u00e9t\u00e9 canadienne d&#8217;\u00e9tudes de la Renaissance (CSRS-SC\u00c9R) Membre du comit\u00e9 de r\u00e9daction de la revue Renaissance et R\u00e9forme Membre du conseil d&#8217;administration de la F\u00e9d\u00e9ration Internationale des Soci\u00e9t\u00e9s et Instituts pour l\u2019\u00c9tude de la Renaissance (FISIER) Membre r\u00e9gulier du CIREM16-18 Membre r\u00e9gulier du Cercle interuniversitaire d\u2019\u00e9tude sur la R\u00e9publique des Lettres (CIERL) &hellip; <a href=\"https:\/\/portfolio.uqac.ca\/lucvaillancourt\/collaborations\/\" class=\"more-link\">Continuer la lecture de <span class=\"screen-reader-text\">Collaborations<\/span>  <span class=\"meta-nav\">&rarr;<\/span><\/a><\/p>\n","protected":false},"author":261,"featured_media":0,"parent":0,"menu_order":0,"comment_status":"closed","ping_status":"closed","template":"","meta":{"footnotes":""},"tags":[],"_links":{"self":[{"href":"https:\/\/portfolio.uqac.ca\/lucvaillancourt\/wp-json\/wp\/v2\/pages\/203"}],"collection":[{"href":"https:\/\/portfolio.uqac.ca\/lucvaillancourt\/wp-json\/wp\/v2\/pages"}],"about":[{"href":"https:\/\/portfolio.uqac.ca\/lucvaillancourt\/wp-json\/wp\/v2\/types\/page"}],"author":[{"embeddable":true,"href":"https:\/\/portfolio.uqac.ca\/lucvaillancourt\/wp-json\/wp\/v2\/users\/261"}],"replies":[{"embeddable":true,"href":"https:\/\/portfolio.uqac.ca\/lucvaillancourt\/wp-json\/wp\/v2\/comments?post=203"}],"version-history":[{"count":9,"href":"https:\/\/portfolio.uqac.ca\/lucvaillancourt\/wp-json\/wp\/v2\/pages\/203\/revisions"}],"predecessor-version":[{"id":266,"href":"https:\/\/portfolio.uqac.ca\/lucvaillancourt\/wp-json\/wp\/v2\/pages\/203\/revisions\/266"}],"wp:attachment":[{"href":"https:\/\/portfolio.uqac.ca\/lucvaillancourt\/wp-json\/wp\/v2\/media?parent=203"}],"wp:term":[{"taxonomy":"post_tag","embeddable":true,"href":"https:\/\/portfolio.uqac.ca\/lucvaillancourt\/wp-json\/wp\/v2\/tags?post=203"}],"curies":[{"name":"wp","href":"https:\/\/api.w.org\/{rel}","templated":true}]}}