{"id":287,"date":"2019-05-04T13:30:46","date_gmt":"2019-05-04T17:30:46","guid":{"rendered":"http:\/\/portfolio-pre.uqac.ca\/lucvaillancourt\/?page_id=287"},"modified":"2024-12-09T11:16:19","modified_gmt":"2024-12-09T16:16:19","slug":"autres-publications","status":"publish","type":"page","link":"https:\/\/portfolio.uqac.ca\/lucvaillancourt\/autres-publications\/","title":{"rendered":"Autres publications"},"content":{"rendered":"<p><a href=\"https:\/\/percees.uqam.ca\/fr\/article\/la-nouvelle-france-en-representation-morceaux-choisis-du-theatre-francais-du-xviiie-siecle\">\u00ab\u00a0La Nouvelle-France en repr\u00e9sentation : morceaux choisis du th\u00e9\u00e2tre fran\u00e7ais du XVIIIe si\u00e8cle\u00a0\u00bb, compte rendu du livre de S\u00e9bastien C\u00f4t\u00e9<em>, La Nouvelle-France sur les planches parisiennes. Anthologie (1720-1786), <\/em>pour la revue <em>Perc\u00e9e<\/em>, automne 2024.<\/a><\/p>\n<p>Compte rendu du livre <em>Ancrages am\u00e9rindiens. Autobiographies des Indiens d\u2019Am\u00e9rique du Nord, XVIIIe -XIXe si\u00e8cle<\/em>, Rennes, Presses universitaires de Rennes, 2021, 276 p., <em>Revue d\u2019histoire de l\u2019Am\u00e9rique fran\u00e7aise<\/em>, 76 (3-4), p. 220\u2013222.<\/p>\n<p>Compte rendu du livre <em>\u00ab La Plume en l\u2019absence \u00bb. Le devenir familier de l\u2019\u00e9p\u00eetre en vers dans les recueils imprim\u00e9s de po\u00e9sie fran\u00e7aise (1527\u20131555)<\/em>, pour la revue <em>Renaissance et R\u00e9forme, <\/em>vol 44, n<sup>o<\/sup> 4 (automne 2021), p. 261-263.<\/p>\n<p>Site web de la <a href=\"https:\/\/csrs-scer.com\/\">Soci\u00e9t\u00e9 canadienne d&#8217;\u00e9tudes de la Renaissance<\/a>, printemps 2018.<\/p>\n<p>Luc Vaillancourt, Paul Kawczak \u00ab\u00a0Compte-rendu du colloque inaugural de la chaire de recherche sur la parole autochtone de l&#8217;UQAC\u00a0\u00bb,\u00a0<em>Littoral<\/em>, no 12, automne 2017.<\/p>\n<p>Site web de la <a href=\"https:\/\/www.uqac.ca\/crpa\">Chaire de recherche sur la parole autochtone<\/a> (CRPA), automne 2016.<\/p>\n<p><a href=\"https:\/\/www.jstor.org\/stable\/43446524?seq=1#page_scan_tab_contents\">Compte rendu du livre\u00a0<em>La lettre et le miroir : \u00e9crire l\u2019histoire d\u2019actualit\u00e9 selon Jean Molinet<\/em>, pour la revue\u00a0<em>Renaissance et R\u00e9forme<\/em>, vol 36, no, 2013, p. 181-183.<\/a><\/p>\n<p>\u00ab\u00a0La propagande grise\u00a0: une arme de d\u00e9sinformation massive\u00a0\u00bb,\u00a0<em>Politicoglobe<\/em>, 1<sup>er<\/sup>\u00a0novembre 2012.<\/p>\n<p>\u00ab\u00a0Les Qu\u00e9b\u00e9cois malades de la peste\u00a0\u00bb, article publi\u00e9 dans \u00a0\u00a0\u00a0\u00a0\u00a0\u00a0\u00a0\u00a0\u00a0 Mauvaiseherbe.ca, 1<sup>er<\/sup>\u00a0novembre 2012.<\/p>\n<p>\u00ab\u00a0On a la rue, ils ont La Presse\u00a0\u00bb, article publi\u00e9 dans Mauvaiseherbe.ca, 27 septembre 2012.<\/p>\n<p>\u00ab\u00a0Ils ne font m\u00eame plus semblant\u00a0\u00bb, article publi\u00e9 dans Mauvaiseherbe.ca, 24 ao\u00fbt 2012.<\/p>\n<p>\u00ab\u00a0Le sacrifice de GND \u00bb, article publi\u00e9 dans Mauvaiseherbe.ca, 16 ao\u00fbt 2012.<\/p>\n<p>\u00ab\u00a0Les filtres id\u00e9ologiques et la crise \u00e9tudiante\u00a0\u00bb, article publi\u00e9 dans Mauvaiseherbe.ca, 2 ao\u00fbt 2012.<\/p>\n<p>\u00ab\u00a0La trahison des m\u00e9dias\u00a0\u00bb, article publi\u00e9 dans Mauvaiseherbe.ca, 26 juillet 2012.<\/p>\n<p>\u00ab\u00a0Il faut parfois tirer sur le messager\u00a0\u00bb, article publi\u00e9 dans Mauvaiseherbe.ca, 19 juillet 2012.<\/p>\n<p>\u00ab\u00a0Si la presse n\u2019existait pas\u2026\u00bb, article publi\u00e9 dans Mauvaiseherbe.ca, 11 juillet 2012.<\/p>\n<p>\u00ab\u00a0Presse-toi \u00e0 droite\u00a0\u00bb, article publi\u00e9 dans Mauvaiseherbe.ca, 5 juillet 2012.<\/p>\n<p>\u00ab\u00a0Dormez citoyens, la presse veille!\u00a0\u00bb, article publi\u00e9 dans Mauvaiseherbe.ca, 28 juin 2012.<\/p>\n<p>\u00ab\u00a0La fabrique du consentement\u00a0\u00bb, article publi\u00e9 dans Mauvaiseherbe.ca, 14 juin 2012.<\/p>\n<p>\u00ab\u00a0L\u2019\u00e9chec des m\u00e9dias de masse\u00a0\u00bb, article publi\u00e9 dans Mauvaiseherbe.ca, 6 juin 2012.<\/p>\n","protected":false},"excerpt":{"rendered":"<p>\u00ab\u00a0La Nouvelle-France en repr\u00e9sentation : morceaux choisis du th\u00e9\u00e2tre fran\u00e7ais du XVIIIe si\u00e8cle\u00a0\u00bb, compte rendu du livre de S\u00e9bastien C\u00f4t\u00e9, La Nouvelle-France sur les planches parisiennes. Anthologie (1720-1786), pour la revue Perc\u00e9e, automne 2024. Compte rendu du livre Ancrages am\u00e9rindiens. Autobiographies des Indiens d\u2019Am\u00e9rique du Nord, XVIIIe -XIXe si\u00e8cle, Rennes, Presses universitaires de Rennes, 2021, &hellip; <a href=\"https:\/\/portfolio.uqac.ca\/lucvaillancourt\/autres-publications\/\" class=\"more-link\">Continuer la lecture de <span class=\"screen-reader-text\">Autres publications<\/span>  <span class=\"meta-nav\">&rarr;<\/span><\/a><\/p>\n","protected":false},"author":261,"featured_media":0,"parent":0,"menu_order":0,"comment_status":"closed","ping_status":"closed","template":"","meta":{"footnotes":""},"tags":[],"_links":{"self":[{"href":"https:\/\/portfolio.uqac.ca\/lucvaillancourt\/wp-json\/wp\/v2\/pages\/287"}],"collection":[{"href":"https:\/\/portfolio.uqac.ca\/lucvaillancourt\/wp-json\/wp\/v2\/pages"}],"about":[{"href":"https:\/\/portfolio.uqac.ca\/lucvaillancourt\/wp-json\/wp\/v2\/types\/page"}],"author":[{"embeddable":true,"href":"https:\/\/portfolio.uqac.ca\/lucvaillancourt\/wp-json\/wp\/v2\/users\/261"}],"replies":[{"embeddable":true,"href":"https:\/\/portfolio.uqac.ca\/lucvaillancourt\/wp-json\/wp\/v2\/comments?post=287"}],"version-history":[{"count":9,"href":"https:\/\/portfolio.uqac.ca\/lucvaillancourt\/wp-json\/wp\/v2\/pages\/287\/revisions"}],"predecessor-version":[{"id":340,"href":"https:\/\/portfolio.uqac.ca\/lucvaillancourt\/wp-json\/wp\/v2\/pages\/287\/revisions\/340"}],"wp:attachment":[{"href":"https:\/\/portfolio.uqac.ca\/lucvaillancourt\/wp-json\/wp\/v2\/media?parent=287"}],"wp:term":[{"taxonomy":"post_tag","embeddable":true,"href":"https:\/\/portfolio.uqac.ca\/lucvaillancourt\/wp-json\/wp\/v2\/tags?post=287"}],"curies":[{"name":"wp","href":"https:\/\/api.w.org\/{rel}","templated":true}]}}