{"id":27,"date":"2020-09-17T08:39:09","date_gmt":"2020-09-17T12:39:09","guid":{"rendered":"http:\/\/portfolio-pre.uqac.ca\/gabarit\/?page_id=27"},"modified":"2022-11-09T08:23:47","modified_gmt":"2022-11-09T13:23:47","slug":"curriculum-vitae","status":"publish","type":"page","link":"https:\/\/portfolio.uqac.ca\/lukasdion\/curriculum-vitae\/","title":{"rendered":"Curriculum vitae"},"content":{"rendered":"<h2><strong>Dipl\u00f4mes<\/strong><\/h2>\n<p>Doctorat en ing\u00e9nierie : (2014-18)<br \/>\n<a href=\"https:\/\/constellation.uqac.ca\/4726\/\">D\u00e9veloppement d\u2019un mod\u00e8le pr\u00e9dictif des \u00e9missions de tous les types de perfluorocarbures bas\u00e9 sur la concentration locale de courant et d\u2019alumine dans un cuve d\u2019\u00e9lectrolyse.<\/a> Universit\u00e9 du Qu\u00e9bec \u00e0 Chicoutimi.<\/p>\n<p>Maitrise en ing\u00e9nierie : (2011-14)<br \/>\n<a href=\"https:\/\/constellation.uqac.ca\/3830\/\">D\u00e9veloppement d\u2019un bilan de mati\u00e8re dynamique pour une aluminerie.<\/a><br \/>\nUniversit\u00e9 du Qu\u00e9bec \u00e0 Chicoutimi.<\/p>\n<p>Bachelier en ing\u00e9nierie de l\u2019aluminium : (2007-11)<br \/>\nUniversit\u00e9 du Qu\u00e9bec \u00e0 Chicoutimi.<\/p>\n<h2><strong>Formations compl\u00e9mentaires<\/strong><\/h2>\n<p>ISO 14064-1: Sp\u00e9cifications et lignes directrices pour la quantification et la d\u00e9claration des \u00e9missions et des suppressions des gaz \u00e0 effet de serre (2015)<\/p>\n<p>ISO 14064-2: Sp\u00e9cifications et lignes directrices, au niveau des projets, pour la quantification, la surveillance et la r\u00e9daction de rapports sur les r\u00e9ductions d\u2019\u00e9missions ou les accroissements de suppressions des gaz \u00e0 effet de serre (2015)<\/p>\n<p>Normes ASP de sant\u00e9 et s\u00e9curit\u00e9 sur les chantiers de construction (2011)<\/p>\n<h2><strong><br \/>\nDistinctions et bourses <\/strong><\/h2>\n<p>Prix du meilleur article : Session sur l\u2019\u00e9lectrolyse \u00e0 la Conf\u00e9rence ICSOBA (Co-auteur) (2019)<\/p>\n<p>Prix du meilleur article : TMS Nagy El-Kaddah award, Metall. Mater. Trans. B (2018)<\/p>\n<p>Bourse d\u2019\u00e9tude pour une progression constante aux \u00e9tudes sup\u00e9rieures (2018)<\/p>\n<p>Finaliste pour la m\u00e9daille d\u2019or du gouverneur g\u00e9n\u00e9ral du Canada (2017)<\/p>\n<p>Fondation-UQAC, Bourse d\u2019excellence, \u00e9tudes sup\u00e9rieures (2017)<\/p>\n<p>Bourse d\u2019excellence de la fondation J. Armand Bombardier (2016)<\/p>\n<h2><strong><br \/>\nActivit\u00e9s<\/strong><\/h2>\n<p>Groupe intergouvernemental sur l\u2019\u00e9volution du climat (GIEC): (2017-19) Auteur principal pour les \u00ab Am\u00e9liorations 2019 traitant des lignes directrices 2006 sur la quantification des GES. \u00bb Proc\u00e9d\u00e9s industriels: Aluminum et production de m\u00e9taux rares.<\/p>\n<p>Institut international de l\u2019aluminium: (2015-20)<br \/>\nMembre du comit\u00e9 pour le r\u00e9ajustement des m\u00e9thodes de quantification des perfluorocarbures r\u00e9sultant de la production d\u2019aluminium primaire.<\/p>\n<h2>Communications dans les m\u00e9dias<\/h2>\n<ul>\n<li><a href=\"https:\/\/www.lequotidien.com\/2022\/11\/04\/lutte-aux-ges-le-savoir-du-saguenay-a-la-rescousse-cd65bc216b398cd019b7c4ec16f768f7\" target=\"_blank\">Lutte aux GES : le savoir du Saguenay \u00e0 la rescousse<\/a><\/li>\n<\/ul>\n","protected":false},"excerpt":{"rendered":"<p>Dipl\u00f4mes Doctorat en ing\u00e9nierie : (2014-18) D\u00e9veloppement d\u2019un mod\u00e8le pr\u00e9dictif des \u00e9missions de tous les types de perfluorocarbures bas\u00e9 sur la concentration locale de courant et d\u2019alumine dans un cuve d\u2019\u00e9lectrolyse. Universit\u00e9 du Qu\u00e9bec \u00e0 Chicoutimi. Maitrise en ing\u00e9nierie : (2011-14) D\u00e9veloppement d\u2019un bilan de mati\u00e8re dynamique pour une aluminerie. Universit\u00e9 du Qu\u00e9bec \u00e0 Chicoutimi. &hellip; <a href=\"https:\/\/portfolio.uqac.ca\/lukasdion\/curriculum-vitae\/\" class=\"more-link\">Continuer la lecture de <span class=\"screen-reader-text\">Curriculum vitae<\/span>  <span class=\"meta-nav\">&rarr;<\/span><\/a><\/p>\n","protected":false},"author":282,"featured_media":0,"parent":0,"menu_order":0,"comment_status":"closed","ping_status":"closed","template":"","meta":{"footnotes":""},"tags":[],"_links":{"self":[{"href":"https:\/\/portfolio.uqac.ca\/lukasdion\/wp-json\/wp\/v2\/pages\/27"}],"collection":[{"href":"https:\/\/portfolio.uqac.ca\/lukasdion\/wp-json\/wp\/v2\/pages"}],"about":[{"href":"https:\/\/portfolio.uqac.ca\/lukasdion\/wp-json\/wp\/v2\/types\/page"}],"author":[{"embeddable":true,"href":"https:\/\/portfolio.uqac.ca\/lukasdion\/wp-json\/wp\/v2\/users\/282"}],"replies":[{"embeddable":true,"href":"https:\/\/portfolio.uqac.ca\/lukasdion\/wp-json\/wp\/v2\/comments?post=27"}],"version-history":[{"count":7,"href":"https:\/\/portfolio.uqac.ca\/lukasdion\/wp-json\/wp\/v2\/pages\/27\/revisions"}],"predecessor-version":[{"id":210,"href":"https:\/\/portfolio.uqac.ca\/lukasdion\/wp-json\/wp\/v2\/pages\/27\/revisions\/210"}],"wp:attachment":[{"href":"https:\/\/portfolio.uqac.ca\/lukasdion\/wp-json\/wp\/v2\/media?parent=27"}],"wp:term":[{"taxonomy":"post_tag","embeddable":true,"href":"https:\/\/portfolio.uqac.ca\/lukasdion\/wp-json\/wp\/v2\/tags?post=27"}],"curies":[{"name":"wp","href":"https:\/\/api.w.org\/{rel}","templated":true}]}}