{"id":4,"date":"2020-09-17T08:39:09","date_gmt":"2020-09-17T12:39:09","guid":{"rendered":"http:\/\/portfolio-pre.uqac.ca\/gabarit\/?page_id=4"},"modified":"2020-09-17T08:44:51","modified_gmt":"2020-09-17T12:44:51","slug":"presentatio","status":"publish","type":"page","link":"https:\/\/portfolio.uqac.ca\/lukasdion\/","title":{"rendered":"Pr\u00e9sentation"},"content":{"rendered":"<h2>Lukas Dion<\/h2>\n<p>Professeur en g\u00e9nie m\u00e9canique au d\u00e9partement des\u00a0sciences appliqu\u00e9es<\/p>\n<h2>Champs d&#8217;int\u00e9r\u00eat<\/h2>\n<ul>\n<li>Quantification des PFC<\/li>\n<li>\u00c9mission de GES<\/li>\n<li>Contr\u00f4le de proc\u00e9d\u00e9 en \u00e9lectrolyse (Stabilit\u00e9 thermique et chimique)<\/li>\n<li>Bilan de masse statique et dynamique<\/li>\n<li>Analyses en transfert de chaleur<\/li>\n<li>Analyse statistique et multivari\u00e9<\/li>\n<li>METSIM<\/li>\n<li>FACTSAGE<\/li>\n<li>STATISTICA \/ Minitab<\/li>\n<li>Matlab<\/li>\n<\/ul>\n","protected":false},"excerpt":{"rendered":"<p>Lukas Dion Professeur en g\u00e9nie m\u00e9canique au d\u00e9partement des\u00a0sciences appliqu\u00e9es Champs d&#8217;int\u00e9r\u00eat Quantification des PFC \u00c9mission de GES Contr\u00f4le de proc\u00e9d\u00e9 en \u00e9lectrolyse (Stabilit\u00e9 thermique et chimique) Bilan de masse statique et dynamique Analyses en transfert de chaleur Analyse statistique et multivari\u00e9 METSIM FACTSAGE STATISTICA \/ Minitab Matlab<\/p>\n","protected":false},"author":282,"featured_media":0,"parent":0,"menu_order":0,"comment_status":"closed","ping_status":"closed","template":"","meta":{"footnotes":""},"tags":[],"_links":{"self":[{"href":"https:\/\/portfolio.uqac.ca\/lukasdion\/wp-json\/wp\/v2\/pages\/4"}],"collection":[{"href":"https:\/\/portfolio.uqac.ca\/lukasdion\/wp-json\/wp\/v2\/pages"}],"about":[{"href":"https:\/\/portfolio.uqac.ca\/lukasdion\/wp-json\/wp\/v2\/types\/page"}],"author":[{"embeddable":true,"href":"https:\/\/portfolio.uqac.ca\/lukasdion\/wp-json\/wp\/v2\/users\/282"}],"replies":[{"embeddable":true,"href":"https:\/\/portfolio.uqac.ca\/lukasdion\/wp-json\/wp\/v2\/comments?post=4"}],"version-history":[{"count":12,"href":"https:\/\/portfolio.uqac.ca\/lukasdion\/wp-json\/wp\/v2\/pages\/4\/revisions"}],"predecessor-version":[{"id":174,"href":"https:\/\/portfolio.uqac.ca\/lukasdion\/wp-json\/wp\/v2\/pages\/4\/revisions\/174"}],"wp:attachment":[{"href":"https:\/\/portfolio.uqac.ca\/lukasdion\/wp-json\/wp\/v2\/media?parent=4"}],"wp:term":[{"taxonomy":"post_tag","embeddable":true,"href":"https:\/\/portfolio.uqac.ca\/lukasdion\/wp-json\/wp\/v2\/tags?post=4"}],"curies":[{"name":"wp","href":"https:\/\/api.w.org\/{rel}","templated":true}]}}