{"id":46,"date":"2020-09-17T08:39:09","date_gmt":"2020-09-17T12:39:09","guid":{"rendered":"http:\/\/portfolio-pre.uqac.ca\/gabarit\/?page_id=46"},"modified":"2022-11-07T15:41:19","modified_gmt":"2022-11-07T20:41:19","slug":"recherche","status":"publish","type":"page","link":"https:\/\/portfolio.uqac.ca\/lukasdion\/recherche\/","title":{"rendered":"Recherche"},"content":{"rendered":"<ul>\n<li>Production d\u2019aluminium de premi\u00e8re fusion<\/li>\n<li>Mod\u00e9lisation et simulations des proc\u00e9d\u00e9s<\/li>\n<li>Analyses de donn\u00e9es industrielles<\/li>\n<li>Laboratoire de sel fondu<\/li>\n<li>Syst\u00e8me de mesures avanc\u00e9es (V\u00e9locim\u00e9trie par imagerie de particules, Schlieren, v\u00e9locim\u00e9trie par laser doppler)<\/li>\n<li>Caract\u00e9risation des propri\u00e9t\u00e9s thermophysiques des mat\u00e9riaux continus et granulaires (R\u00e9sistivit\u00e9 \u00e9lectrique, mesure flash, dilatom\u00e9trie, conductivit\u00e9 par chauffage monotone)<\/li>\n<\/ul>\n","protected":false},"excerpt":{"rendered":"<p>Production d\u2019aluminium de premi\u00e8re fusion Mod\u00e9lisation et simulations des proc\u00e9d\u00e9s Analyses de donn\u00e9es industrielles Laboratoire de sel fondu Syst\u00e8me de mesures avanc\u00e9es (V\u00e9locim\u00e9trie par imagerie de particules, Schlieren, v\u00e9locim\u00e9trie par laser doppler) Caract\u00e9risation des propri\u00e9t\u00e9s thermophysiques des mat\u00e9riaux continus et granulaires (R\u00e9sistivit\u00e9 \u00e9lectrique, mesure flash, dilatom\u00e9trie, conductivit\u00e9 par chauffage monotone)<\/p>\n","protected":false},"author":282,"featured_media":0,"parent":0,"menu_order":0,"comment_status":"closed","ping_status":"closed","template":"","meta":{"footnotes":""},"tags":[],"_links":{"self":[{"href":"https:\/\/portfolio.uqac.ca\/lukasdion\/wp-json\/wp\/v2\/pages\/46"}],"collection":[{"href":"https:\/\/portfolio.uqac.ca\/lukasdion\/wp-json\/wp\/v2\/pages"}],"about":[{"href":"https:\/\/portfolio.uqac.ca\/lukasdion\/wp-json\/wp\/v2\/types\/page"}],"author":[{"embeddable":true,"href":"https:\/\/portfolio.uqac.ca\/lukasdion\/wp-json\/wp\/v2\/users\/282"}],"replies":[{"embeddable":true,"href":"https:\/\/portfolio.uqac.ca\/lukasdion\/wp-json\/wp\/v2\/comments?post=46"}],"version-history":[{"count":3,"href":"https:\/\/portfolio.uqac.ca\/lukasdion\/wp-json\/wp\/v2\/pages\/46\/revisions"}],"predecessor-version":[{"id":207,"href":"https:\/\/portfolio.uqac.ca\/lukasdion\/wp-json\/wp\/v2\/pages\/46\/revisions\/207"}],"wp:attachment":[{"href":"https:\/\/portfolio.uqac.ca\/lukasdion\/wp-json\/wp\/v2\/media?parent=46"}],"wp:term":[{"taxonomy":"post_tag","embeddable":true,"href":"https:\/\/portfolio.uqac.ca\/lukasdion\/wp-json\/wp\/v2\/tags?post=46"}],"curies":[{"name":"wp","href":"https:\/\/api.w.org\/{rel}","templated":true}]}}