{"id":18,"date":"2019-02-28T16:27:36","date_gmt":"2019-02-28T21:27:36","guid":{"rendered":"http:\/\/portfolio-pre.uqac.ca\/gabarit\/?page_id=18"},"modified":"2019-03-19T16:41:10","modified_gmt":"2019-03-19T20:41:10","slug":"enseignement","status":"publish","type":"page","link":"https:\/\/portfolio.uqac.ca\/lynestgeorges\/enseignement\/","title":{"rendered":"Enseignement"},"content":{"rendered":"<ul>\n<li>6GMC701 &#8211; Calcul et conception de machines<\/li>\n<li>6GMC520 &#8211; Machines thermiques<\/li>\n<li><span style=\"line-height: 1.5\">6GMC331 &#8211; Transfert de chaleur<\/span><\/li>\n<li><span style=\"line-height: 1.5\">6MIG926 &#8211; Compl\u00e9ment de transfert de chaleur<\/span><\/li>\n<li>6GMC642 &#8211; Introduction aux v\u00e9hicules moteurs I<\/li>\n<li>6GMC643 &#8211; Introduction aux v\u00e9hicules moteurs II<\/li>\n<\/ul>\n","protected":false},"excerpt":{"rendered":"<p>6GMC701 &#8211; Calcul et conception de machines 6GMC520 &#8211; Machines thermiques 6GMC331 &#8211; Transfert de chaleur 6MIG926 &#8211; Compl\u00e9ment de transfert de chaleur 6GMC642 &#8211; Introduction aux v\u00e9hicules moteurs I 6GMC643 &#8211; Introduction aux v\u00e9hicules moteurs II<\/p>\n","protected":false},"author":89,"featured_media":0,"parent":0,"menu_order":0,"comment_status":"closed","ping_status":"closed","template":"","meta":{"footnotes":""},"tags":[],"_links":{"self":[{"href":"https:\/\/portfolio.uqac.ca\/lynestgeorges\/wp-json\/wp\/v2\/pages\/18"}],"collection":[{"href":"https:\/\/portfolio.uqac.ca\/lynestgeorges\/wp-json\/wp\/v2\/pages"}],"about":[{"href":"https:\/\/portfolio.uqac.ca\/lynestgeorges\/wp-json\/wp\/v2\/types\/page"}],"author":[{"embeddable":true,"href":"https:\/\/portfolio.uqac.ca\/lynestgeorges\/wp-json\/wp\/v2\/users\/89"}],"replies":[{"embeddable":true,"href":"https:\/\/portfolio.uqac.ca\/lynestgeorges\/wp-json\/wp\/v2\/comments?post=18"}],"version-history":[{"count":5,"href":"https:\/\/portfolio.uqac.ca\/lynestgeorges\/wp-json\/wp\/v2\/pages\/18\/revisions"}],"predecessor-version":[{"id":169,"href":"https:\/\/portfolio.uqac.ca\/lynestgeorges\/wp-json\/wp\/v2\/pages\/18\/revisions\/169"}],"wp:attachment":[{"href":"https:\/\/portfolio.uqac.ca\/lynestgeorges\/wp-json\/wp\/v2\/media?parent=18"}],"wp:term":[{"taxonomy":"post_tag","embeddable":true,"href":"https:\/\/portfolio.uqac.ca\/lynestgeorges\/wp-json\/wp\/v2\/tags?post=18"}],"curies":[{"name":"wp","href":"https:\/\/api.w.org\/{rel}","templated":true}]}}