{"id":46,"date":"2019-02-28T16:27:36","date_gmt":"2019-02-28T21:27:36","guid":{"rendered":"http:\/\/portfolio-pre.uqac.ca\/gabarit\/?page_id=46"},"modified":"2019-04-02T08:19:08","modified_gmt":"2019-04-02T12:19:08","slug":"recherche","status":"publish","type":"page","link":"https:\/\/portfolio.uqac.ca\/lynestgeorges\/recherche\/","title":{"rendered":"Recherche"},"content":{"rendered":"<ul>\n<li>Fatigue et caract\u00e9risation des mat\u00e9riaux<\/li>\n<li>Soudage par friction malaxage<\/li>\n<li>Vibrations m\u00e9caniques et dynamique des structures<\/li>\n<li>Conception m\u00e9canique<\/li>\n<\/ul>\n","protected":false},"excerpt":{"rendered":"<p>Fatigue et caract\u00e9risation des mat\u00e9riaux Soudage par friction malaxage Vibrations m\u00e9caniques et dynamique des structures Conception m\u00e9canique<\/p>\n","protected":false},"author":89,"featured_media":0,"parent":0,"menu_order":0,"comment_status":"closed","ping_status":"closed","template":"","meta":{"footnotes":""},"tags":[],"_links":{"self":[{"href":"https:\/\/portfolio.uqac.ca\/lynestgeorges\/wp-json\/wp\/v2\/pages\/46"}],"collection":[{"href":"https:\/\/portfolio.uqac.ca\/lynestgeorges\/wp-json\/wp\/v2\/pages"}],"about":[{"href":"https:\/\/portfolio.uqac.ca\/lynestgeorges\/wp-json\/wp\/v2\/types\/page"}],"author":[{"embeddable":true,"href":"https:\/\/portfolio.uqac.ca\/lynestgeorges\/wp-json\/wp\/v2\/users\/89"}],"replies":[{"embeddable":true,"href":"https:\/\/portfolio.uqac.ca\/lynestgeorges\/wp-json\/wp\/v2\/comments?post=46"}],"version-history":[{"count":4,"href":"https:\/\/portfolio.uqac.ca\/lynestgeorges\/wp-json\/wp\/v2\/pages\/46\/revisions"}],"predecessor-version":[{"id":179,"href":"https:\/\/portfolio.uqac.ca\/lynestgeorges\/wp-json\/wp\/v2\/pages\/46\/revisions\/179"}],"wp:attachment":[{"href":"https:\/\/portfolio.uqac.ca\/lynestgeorges\/wp-json\/wp\/v2\/media?parent=46"}],"wp:term":[{"taxonomy":"post_tag","embeddable":true,"href":"https:\/\/portfolio.uqac.ca\/lynestgeorges\/wp-json\/wp\/v2\/tags?post=46"}],"curies":[{"name":"wp","href":"https:\/\/api.w.org\/{rel}","templated":true}]}}