{"id":4,"date":"2012-07-23T17:46:31","date_gmt":"2012-07-23T17:46:31","guid":{"rendered":"http:\/\/portfolio-pre.uqac.ca\/gabarit\/?page_id=4"},"modified":"2026-04-20T11:38:00","modified_gmt":"2026-04-20T15:38:00","slug":"presentatio","status":"publish","type":"page","link":"https:\/\/portfolio.uqac.ca\/manekkolhatkar\/","title":{"rendered":"Pr\u00e9sentation"},"content":{"rendered":"<h2>Manek Kolhatkar<\/h2>\n<p>Professeur sous octroi au D\u00e9partement des humaines et sociales<\/p>\n<p>Depuis 2006, mon parcours en arch\u00e9ologie m\u2019a conduit \u00e0 travailler dans une diversit\u00e9 de contextes (universitaire, priv\u00e9-pr\u00e9ventif, communautaire et associatif) qui structurent aujourd\u2019hui ma mani\u00e8re d\u2019aborder la recherche et le r\u00f4le social de l\u2019arch\u00e9ologie au Qu\u00e9bec. J\u2019ai d\u00e9velopp\u00e9 une expertise de terrain approfondie dans le Gespe\u2019gewa\u2019gi (Gasp\u00e9sie), dans le Nutshimit (C\u00f4te-Nord) et \u00e0 Tiohti\u00e0:ke (Montr\u00e9al), tout en occupant des fonctions de coordination, d\u2019analyse technologique (lithique), de conception d\u2019ateliers publics, de recherche-action et collaborative, et de d\u00e9veloppement institutionnel.<\/p>\n<p>Mon travail s\u2019appuie sur une anthropologie des savoirs qui cherche \u00e0 comprendre comment les pratiques arch\u00e9ologiques produisent de la connaissance, et comment cette connaissance peut \u00eatre soutenue, partag\u00e9e et gouvern\u00e9e collectivement. Cette approche s\u2019est construite au contact de milieux vari\u00e9s : institutions universitaires, \u00e9quipes en arch\u00e9ologie pr\u00e9ventive, organismes communautaires, communaut\u00e9s autochtones et r\u00e9seaux b\u00e9n\u00e9voles. Elle m\u2019a permis de relier des enjeux concrets (conditions de travail, circulation des savoirs, gouvernance du patrimoine, pratiques mat\u00e9rielles) \u00e0 des cadres analytiques mobilisant notamment le d\u00e9veloppement des comp\u00e9tences et l\u2019apprentissage, les frictions \u00e9pist\u00e9miques, et la cr\u00e9ation institutionnelle.<\/p>\n<p>Au fil de mes projets, j\u2019ai pilot\u00e9 des collaborations durables avec des partenaires autochtones et allochtones, mis en place des dispositifs de gouvernance partag\u00e9e du patrimoine, et con\u00e7u des outils p\u00e9dagogiques et num\u00e9riques adapt\u00e9s aux r\u00e9alit\u00e9s locales de communaut\u00e9s parfois tr\u00e8s \u00e9loign\u00e9es, contribuant ainsi \u00e0 renforcer leur capacit\u00e9 d\u2019action autour de leurs savoirs et de leurs territoires.<\/p>\n<h2>Champs d&#8217;int\u00e9r\u00eat<\/h2>\n<ul>\n<li>Arch\u00e9ologie<\/li>\n<li>\u00c9pist\u00e9mologie<\/li>\n<li>D\u00e9colonisation<\/li>\n<li>Approches participatives<\/li>\n<\/ul>\n","protected":false},"excerpt":{"rendered":"<p>Manek Kolhatkar Professeur sous octroi au D\u00e9partement des humaines et sociales Depuis 2006, mon parcours en arch\u00e9ologie m\u2019a conduit \u00e0 travailler dans une diversit\u00e9 de contextes (universitaire, priv\u00e9-pr\u00e9ventif, communautaire et associatif) qui structurent aujourd\u2019hui ma mani\u00e8re d\u2019aborder la recherche et le r\u00f4le social de l\u2019arch\u00e9ologie au Qu\u00e9bec. J\u2019ai d\u00e9velopp\u00e9 une expertise de terrain approfondie dans &hellip; <a href=\"https:\/\/portfolio.uqac.ca\/manekkolhatkar\/\" class=\"more-link\">Continuer la lecture de <span class=\"screen-reader-text\">Pr\u00e9sentation<\/span>  <span class=\"meta-nav\">&rarr;<\/span><\/a><\/p>\n","protected":false},"author":406,"featured_media":0,"parent":0,"menu_order":0,"comment_status":"closed","ping_status":"closed","template":"","meta":{"footnotes":""},"tags":[18,15,17,16],"_links":{"self":[{"href":"https:\/\/portfolio.uqac.ca\/manekkolhatkar\/wp-json\/wp\/v2\/pages\/4"}],"collection":[{"href":"https:\/\/portfolio.uqac.ca\/manekkolhatkar\/wp-json\/wp\/v2\/pages"}],"about":[{"href":"https:\/\/portfolio.uqac.ca\/manekkolhatkar\/wp-json\/wp\/v2\/types\/page"}],"author":[{"embeddable":true,"href":"https:\/\/portfolio.uqac.ca\/manekkolhatkar\/wp-json\/wp\/v2\/users\/406"}],"replies":[{"embeddable":true,"href":"https:\/\/portfolio.uqac.ca\/manekkolhatkar\/wp-json\/wp\/v2\/comments?post=4"}],"version-history":[{"count":14,"href":"https:\/\/portfolio.uqac.ca\/manekkolhatkar\/wp-json\/wp\/v2\/pages\/4\/revisions"}],"predecessor-version":[{"id":225,"href":"https:\/\/portfolio.uqac.ca\/manekkolhatkar\/wp-json\/wp\/v2\/pages\/4\/revisions\/225"}],"wp:attachment":[{"href":"https:\/\/portfolio.uqac.ca\/manekkolhatkar\/wp-json\/wp\/v2\/media?parent=4"}],"wp:term":[{"taxonomy":"post_tag","embeddable":true,"href":"https:\/\/portfolio.uqac.ca\/manekkolhatkar\/wp-json\/wp\/v2\/tags?post=4"}],"curies":[{"name":"wp","href":"https:\/\/api.w.org\/{rel}","templated":true}]}}