{"id":143,"date":"2023-03-14T19:14:05","date_gmt":"2023-03-14T23:14:05","guid":{"rendered":"http:\/\/portfolio-pre.uqac.ca\/manutranquard\/?page_id=143"},"modified":"2023-05-04T06:38:02","modified_gmt":"2023-05-04T10:38:02","slug":"publications-selection","status":"publish","type":"page","link":"https:\/\/portfolio.uqac.ca\/manutranquard\/publications-selection\/","title":{"rendered":"Publications"},"content":{"rendered":"<h2><strong>(S\u00e9lection)<\/strong><\/h2>\n<p>&nbsp;<\/p>\n<ul>\n<li><strong>Tranquard, M.<\/strong> (2023), <span lang=\"EN-US\">Scientific evaluation of the effectiveness of makeshift shelters in survival situations in the boreal forest, <em>Canadian Military Journal,<\/em><\/span>\u00a0en \u00e9valuation<\/li>\n<\/ul>\n<ul>\n<li><strong>Tranquard<\/strong>,<strong> M<\/strong>., Ouellet, L., Bouchard, V., Trottier, M. (2023). <em>Caract\u00e9risation des activit\u00e9s touristiques potentielles sur le territoire de l\u2019aire prot\u00e9g\u00e9e et de conservation autochtone (APCA) projet\u00e9e de la Muteshekau Shipu (rivi\u00e8re Magpie)<\/em>, Laboratoire d\u2019expertise et de recherche en plein air (LERPA), Chicoutimi, 101 p.<\/li>\n<\/ul>\n<ul>\n<li>Bourbeau, A.F. &amp; <b>Tranquard, M.<\/b> (2023). <span lang=\"EN-US\">Surviving off the land. In S. Priest, S. Ritchie &amp; H. Ghadery (Eds). Outdoor Learning in Canada. Open Resource Textbook. Retrieved from <\/span><span lang=\"EN-US\"><a href=\"https:\/\/olic.ca\/\">https:\/\/olic.ca<\/a>\u00a0<\/span><\/li>\n<\/ul>\n<ul>\n<li><strong>Tranquard, M.<\/strong> (2022), Optimizing the use of fire in survival situations: cross-case analysis of the efficiency of current techniques and of combustible materials available in the boreal forest, <em>Combustion Science and Technology<\/em><em>,<\/em> en \u00e9valuation<\/li>\n<\/ul>\n<ul>\n<li><strong>Tranquard, M.<\/strong> (2021), L\u2019intervention plein air au Qu\u00e9bec\u00a0: consid\u00e9rations g\u00e9ographiques, techniques, culturelles et socio-historiques, <em>Nature &amp; R\u00e9cr\u00e9ation<\/em>, no 10, juillet 2021, 28-48.\u00a0<a href=\"https:\/\/www.naturerecreation.org\/_files\/ugd\/edad85_c2d5518489834dafbb9ea2ddbd1eae66.pdf\">https:\/\/www.naturerecreation.org\/_files\/ugd\/edad85_c2d5518489834dafbb9ea2ddbd1eae66.pdf<\/a><\/li>\n<\/ul>\n<ul>\n<li><strong>Tranquard, M.,<\/strong> (2021), Activit\u00e9s professionnelles en milieu naturel au Qu\u00e9bec : l\u2019enjeu de la formation en survie en r\u00e9gion isol\u00e9e, in Adjizian, J-M., Auger, D., et Roult, R., <em>Plein air : Manuel r\u00e9flexif et pratique<\/em>, UQTR, Hermann \u00c9diteurs, Paris, p. 131-148.\u00a0<a href=\"https:\/\/www.cairn.info\/plein-air-manuel-reflectif-et-pratique--9791037014405-page-131.htm\">https:\/\/www.cairn.info\/plein-air-manuel-reflectif-et-pratique&#8211;9791037014405-page-131.htm<\/a><\/li>\n<\/ul>\n<ul>\n<li><strong>Tranquard, M.,<\/strong> Petr C. et C. Guibert, (2021), Le contexte de criticit\u00e9 et les priorit\u00e9s de recherche sur la notion de bien commun du littoral face au d\u00e9veloppement touristique, in Baley, C., Chauvin, C., Le Maguer, G. (Coord.), <em>Mer et littoral : un bien commun ?<\/em> \u00c9ditions Archipel &#8211; Universit\u00e9 Bretagne Sud, avril 2021, p. 145-149.\u00a0<a href=\"https:\/\/hal.science\/hal-03228290\/document\">https:\/\/hal.science\/hal-03228290\/document<\/a><\/li>\n<\/ul>\n<ul>\n<li>Mercure, C., <strong>Tranquard, M.<\/strong>, Mepham, D., (2021), Les interventions en plein air \u00e0 l\u2019Universit\u00e9 du Qu\u00e9bec \u00e0 Chicoutimi (Canada), <em>Nature &amp; R\u00e9cr\u00e9ation, <\/em>no 10, juillet 2021, 49-60.\u00a0<a href=\"https:\/\/www.naturerecreation.org\/_files\/ugd\/edad85_423913368aaf4807ba1542f4f9f0f1e1.pdf\">https:\/\/www.naturerecreation.org\/_files\/ugd\/edad85_423913368aaf4807ba1542f4f9f0f1e1.pdf<\/a><\/li>\n<\/ul>\n<ul>\n<li><strong>Tranquard, M<\/strong>., Petr, C., (2021), How many tourists can you accommodate on an island? Some suggestions to\u00a0adapt methods and carrying capacity measures, <em>E-journal of tourism<\/em>, Volume 8 Number 1, spring 2021<\/li>\n<\/ul>\n<ul>\n<li><strong>Tranquard, M.<\/strong> (2020), \u00c9laboration d\u2019un cadre d\u2019analyse th\u00e9orique de la contribution des activit\u00e9s \u00e9conomiques au d\u00e9veloppement territorial, <em>Organisations et<\/em> <em>territoires<\/em>, Vol. 29, no 3, p. 117-132.\u00a0<a href=\"https:\/\/www.erudit.org\/en\/journals\/rot\/1900-v1-n1-rot07113\/1090549ar.pdf\">https:\/\/www.erudit.org\/en\/journals\/rot\/1900-v1-n1-rot07113\/1090549ar.pdf<\/a><\/li>\n<\/ul>\n<ul>\n<li><strong>Tranquard, M.<\/strong> (2020), Analyse th\u00e9orique de la gouvernance dans un contexte de d\u00e9veloppement territorial,\u00a0<em>Norois<\/em>, 257\u00a0|\u00a02020, 71-87.\u00a0<a href=\"https:\/\/www.cairn.info\/revue-norois-2020-4-page-71.htm\">https:\/\/www.cairn.info\/revue-norois-2020-4-page-71.htm<\/a><\/li>\n<\/ul>\n<ul>\n<li><strong>Tranquard, M.<\/strong> (2020), Attractivit\u00e9 et mise en tourisme des territoires naturels\u00a0: principes et m\u00e9thodes d\u2019\u00e9valuation appliqu\u00e9s aux parcs canadiens, <em>Revue Marketing Territorial<\/em>, <em>5 \/ \u00e9t\u00e9 2020.\u00a0<\/em><a href=\"https:\/\/publis-shs.univ-rouen.fr\/rmt\/index.php?id=498\">https:\/\/publis-shs.univ-rouen.fr\/rmt\/index.php?id=498<\/a><\/li>\n<\/ul>\n<ul>\n<li><strong>Tranquard, M.<\/strong> (2020), \u00c9l\u00e9ments d\u2019analyse strat\u00e9gique pour la conservation et le d\u00e9veloppement du territoire du Lac Walker, la cr\u00e9ation d\u2019un parc national et sa mise en tourisme durable, SNAP Qu\u00e9bec, 164 p.<\/li>\n<\/ul>\n<ul>\n<li><strong>Tranquard, M.<\/strong> (2020), L\u2019\u00e9puisabilit\u00e9 des ressources naturelles comme pierre d\u2019achoppement du d\u00e9veloppement : exemplification th\u00e9orique et pratique dans le domaine du tourisme de nature, <em>Vertigo &#8211; la revue \u00e9lectronique en sciences de l&#8217;environnement<\/em>, Volume 20 num\u00e9ro 3\u00a0|\u00a0d\u00e9cembre 2020.\u00a0<a href=\"https:\/\/journals.openedition.org\/vertigo\/29265\">https:\/\/journals.openedition.org\/vertigo\/29265<\/a><\/li>\n<\/ul>\n<ul>\n<li><strong>Tranquard, M.<\/strong> (2019), La lecture de territoires fauniques : d\u00e9couvrir, comprendre, ressentir, <em>Revue de l\u2019interpr\u00e9tation, <\/em>Association qu\u00e9b\u00e9coise des interpr\u00e8tes du patrimoine (AQIP), no 9, mai 2019, p. 12-15.\u00a0<a href=\"https:\/\/www.aqip.ca\/fr\/revue\/numero-9-l-interprete-a-l-ere-de-la-redecouverte-des-paysages-mai-2019\">https:\/\/www.aqip.ca\/fr\/revue\/numero-9-l-interprete-a-l-ere-de-la-redecouverte-des-paysages-mai-2019<\/a><\/li>\n<\/ul>\n<ul>\n<li><strong>Tranquard, M.<\/strong> (2019), S\u00e9curit\u00e9 des usagers du milieu naturel : \u00e9valuation des m\u00e9thodes d\u2019obtention de feu en situation de survie en for\u00eat bor\u00e9ale, <em>Environnement, Risques &amp; Sant\u00e9<\/em>, Vol.18, no 2, mars-avril 2019, p. 160-170.\u00a0<a href=\"https:\/\/www.google.com\/url?sa=t&amp;rct=j&amp;q=&amp;esrc=s&amp;source=web&amp;cd=&amp;cad=rja&amp;uact=8&amp;ved=2ahUKEwiL0d_Dt979AhWMF1kFHcd3BxYQFnoECAoQAQ&amp;url=https%3A%2F%2Fwww.cairn.info%2Fload_pdf.php%3FID_ARTICLE%3DERS_182_0160%26download%3D1&amp;usg=AOvVaw2oMWLv0He8j-Ddstc-1LqU\">\u00c9valuation des m\u00e9thodes d&#8217;obtention de feu en situation de &#8230;Cairnhttps:\/\/www.cairn.info \u203a load_pdf<\/a><\/li>\n<\/ul>\n<ul>\n<li><strong>Tranquard, M.<\/strong> (2018), Survie en for\u00eat : analyse des outils et \u00e9quipements essentiels pr\u00e9conis\u00e9s par les professionnels nord-am\u00e9ricains, <em>Nature &amp; R\u00e9cr\u00e9ation, <\/em>no 6, d\u00e9cembre 2018, 53-69.\u00a0<a href=\"https:\/\/www.naturerecreation.org\/_files\/ugd\/edad85_66423839731d429698f139d615b3c49f.pdf\">https:\/\/www.naturerecreation.org\/_files\/ugd\/edad85_66423839731d429698f139d615b3c49f.pdf<\/a><\/li>\n<\/ul>\n<ul>\n<li><strong>Tranquard, M.<\/strong> (2018), Approche m\u00e9thodologique pour l\u2019\u00e9valuation de l\u2019utilit\u00e9 effective de la flore comestible de la for\u00eat bor\u00e9ale en situation de survie, <em>Le Naturaliste canadien<\/em>, Vol. 142, no 3, p. 47-58.\u00a0<a href=\"https:\/\/www.erudit.org\/en\/journals\/natcan\/2018-v142-n3-natcan03938\/1050998ar\">https:\/\/www.erudit.org\/en\/journals\/natcan\/2018-v142-n3-natcan03938\/1050998ar<\/a>\/<\/li>\n<\/ul>\n<ul>\n<li><strong>Tranquard, M.<\/strong>, Riffon, O. (2018), D\u00e9marche d\u2019attribution du statut international de G\u00e9oparc\u00a0: proposition d\u2019une m\u00e9thodologie d\u2019analyse multicrit\u00e8re pour l\u2019\u00e9valuation du potentiel des territoires et de l\u2019int\u00e9gration des objectifs de d\u00e9veloppement durable, LERPA, <em>Organisations et<\/em> <em>territoires<\/em>, Vol. 27, no 1, p. 43-62.\u00a0<a href=\"https:\/\/revues.uqac.ca\/index.php\/revueot\/article\/view\/276\">https:\/\/revues.uqac.ca\/index.php\/revueot\/article\/view\/276<\/a><\/li>\n<\/ul>\n<ul>\n<li><strong>Tranquard, M.<\/strong> et Morin, P. (2016) (dir.), Analyse scientifique du potentiel g\u00e9otouristique du territoire du Saguenay \u00e0 des fins de reconnaissance internationale et d\u2019attribution du statut de G\u00e9oparc, Laboratoire d\u2019expertise et de recherche en plein air (LERPA), Chicoutimi, 485 p.<\/li>\n<\/ul>\n<ul>\n<li><strong>Tranquard, M.<\/strong> et Bourbeau, A-F., (2014), Gestion des risques en tourisme d\u2019aventure : proposition d\u2019un outil d\u2019\u00e9valuation du potentiel de survie en for\u00eat, <em>T\u00e9oros<\/em>, vol. 33, no 1, p. 99-108.\u00a0<a href=\"https:\/\/journals.openedition.org\/teoros\/2605\">https:\/\/journals.openedition.org\/teoros\/2605<\/a><\/li>\n<\/ul>\n<ul>\n<li><strong>Tranquard, M.<\/strong> (2013), Le tourisme cyn\u00e9g\u00e9tique et halieutique face au d\u00e9fi de la durabilit\u00e9, <em>T\u00e9oros<\/em>, vol. 32, no 1, p. 3-6.\u00a0<a href=\"https:\/\/journals.openedition.org\/teoros\/2434\">https:\/\/journals.openedition.org\/teoros\/2434<\/a><\/li>\n<\/ul>\n<ul>\n<li><strong>Tranquard, M.<\/strong> (2013), Op\u00e9rationnalisation des projets \u00e9cotouristiques : quelle ing\u00e9nierie pour favoriser la durabilit\u00e9 environnementale ? <em>Tourisme &amp; Territoires<\/em>. Vol. 3, p. 94-114.\u00a0<a href=\"https:\/\/lerpa.uqac.ca\/wp-content\/uploads\/2013\/01\/Tranquard_M.2013_Op%C3%A9rationnalisation_des_projets_%C3%A9cotouristiques.pdf\">https:\/\/lerpa.uqac.ca\/wp-content\/uploads\/2013\/01\/Tranquard_M.2013_Op%C3%A9rationnalisation_des_projets_%C3%A9cotouristiques.pdf<\/a><\/li>\n<\/ul>\n<ul>\n<li><strong>Tranquard, M.<\/strong> et C. Gagnon (2012), Op\u00e9rationnalisation des projets \u00e9cotouristiques : quels crit\u00e8res pour favoriser la durabilit\u00e9 environnementale ? <em>T\u00e9oros<\/em>, vol. 31, no 2, p. 72-83.\u00a0<a href=\"https:\/\/www.erudit.org\/fr\/revues\/teoros\/2012-v31-n2-teoros01021\/1020773ar.pdf\">https:\/\/www.erudit.org\/fr\/revues\/teoros\/2012-v31-n2-teoros01021\/1020773ar.pdf<\/a><\/li>\n<\/ul>\n<ul>\n<li><strong>Tranquard, M.<\/strong> (2012), Le d\u00e9veloppement durable des projets \u00e9cotouristiques du territoire de la For\u00eat Mod\u00e8le du Lac St-Jean : m\u00e9thodologie d\u2019op\u00e9rationnalisation, Rapport final du projet 211-2441 : Mod\u00e8le de d\u00e9veloppement de circuits touristiques d\u2019exp\u00e9rience, Agence de d\u00e9veloppement des communaut\u00e9s foresti\u00e8res ilnu et jeannoise et Laboratoire d\u2019expertise et de recherche en plein air (LERPA), 202 p.\u00a0<a href=\"https:\/\/sdeir.uqac.ca\/id\/eprint\/598\/\">https:\/\/sdeir.uqac.ca\/id\/eprint\/598\/<\/a><\/li>\n<\/ul>\n","protected":false},"excerpt":{"rendered":"<p>(S\u00e9lection) &nbsp; Tranquard, M. (2023), Scientific evaluation of the effectiveness of makeshift shelters in survival situations in the boreal forest, Canadian Military Journal,\u00a0en \u00e9valuation Tranquard, M., Ouellet, L., Bouchard, V., Trottier, M. (2023). Caract\u00e9risation des activit\u00e9s touristiques potentielles sur le territoire de l\u2019aire prot\u00e9g\u00e9e et de conservation autochtone (APCA) projet\u00e9e de la Muteshekau Shipu (rivi\u00e8re &hellip; <a href=\"https:\/\/portfolio.uqac.ca\/manutranquard\/publications-selection\/\" class=\"more-link\">Continuer la lecture de <span class=\"screen-reader-text\">Publications<\/span>  <span class=\"meta-nav\">&rarr;<\/span><\/a><\/p>\n","protected":false},"author":366,"featured_media":0,"parent":0,"menu_order":0,"comment_status":"closed","ping_status":"closed","template":"","meta":{"footnotes":""},"tags":[],"_links":{"self":[{"href":"https:\/\/portfolio.uqac.ca\/manutranquard\/wp-json\/wp\/v2\/pages\/143"}],"collection":[{"href":"https:\/\/portfolio.uqac.ca\/manutranquard\/wp-json\/wp\/v2\/pages"}],"about":[{"href":"https:\/\/portfolio.uqac.ca\/manutranquard\/wp-json\/wp\/v2\/types\/page"}],"author":[{"embeddable":true,"href":"https:\/\/portfolio.uqac.ca\/manutranquard\/wp-json\/wp\/v2\/users\/366"}],"replies":[{"embeddable":true,"href":"https:\/\/portfolio.uqac.ca\/manutranquard\/wp-json\/wp\/v2\/comments?post=143"}],"version-history":[{"count":13,"href":"https:\/\/portfolio.uqac.ca\/manutranquard\/wp-json\/wp\/v2\/pages\/143\/revisions"}],"predecessor-version":[{"id":202,"href":"https:\/\/portfolio.uqac.ca\/manutranquard\/wp-json\/wp\/v2\/pages\/143\/revisions\/202"}],"wp:attachment":[{"href":"https:\/\/portfolio.uqac.ca\/manutranquard\/wp-json\/wp\/v2\/media?parent=143"}],"wp:term":[{"taxonomy":"post_tag","embeddable":true,"href":"https:\/\/portfolio.uqac.ca\/manutranquard\/wp-json\/wp\/v2\/tags?post=143"}],"curies":[{"name":"wp","href":"https:\/\/api.w.org\/{rel}","templated":true}]}}