{"id":11,"date":"2012-07-23T19:58:21","date_gmt":"2012-07-23T19:58:21","guid":{"rendered":"http:\/\/portfolio-pre.uqac.ca\/gabarit\/?page_id=11"},"modified":"2019-10-08T10:00:02","modified_gmt":"2019-10-08T14:00:02","slug":"coordonnees","status":"publish","type":"page","link":"https:\/\/portfolio.uqac.ca\/marcjean\/coordonnees\/","title":{"rendered":"Coordonn\u00e9es"},"content":{"rendered":"<p><strong>Marc Jean<br \/>\n<\/strong>Professeur<\/p>\n<p>Universit\u00e9 du Qu\u00e9bec \u00e0 Chicoutimi<br \/>\nPavillon Alphonse-Desjardins<br \/>\nD\u00e9partement des sciences humaines<br \/>\nBureau H5-1360<br \/>\n555, boulevard de l\u2019Universit\u00e9<br \/>\nChicoutimi (Qu\u00e9bec) G7H 2B1<\/p>\n<div>\n<p>T\u00e9l\u00e9phone :\u00a0\u00a0 418 545-5011 poste 5209<br \/>\nLigne sans frais\u00a0:\u00a0\u00a0 1-800-463-9880 poste 5209<br \/>\nT\u00e9l\u00e9copieur : 418 545-5012<\/p>\n<p>Adresse \u00e9lectronique : <a href=\"mailto:marc_jean@uqac.ca\">marc_jean@uqac.ca<\/a><\/p>\n<\/div>\n","protected":false},"excerpt":{"rendered":"<p>Marc Jean Professeur Universit\u00e9 du Qu\u00e9bec \u00e0 Chicoutimi Pavillon Alphonse-Desjardins D\u00e9partement des sciences humaines Bureau H5-1360 555, boulevard de l\u2019Universit\u00e9 Chicoutimi (Qu\u00e9bec) G7H 2B1 T\u00e9l\u00e9phone :\u00a0\u00a0 418 545-5011 poste 5209 Ligne sans frais\u00a0:\u00a0\u00a0 1-800-463-9880 poste 5209 T\u00e9l\u00e9copieur : 418 545-5012 Adresse \u00e9lectronique : marc_jean@uqac.ca<\/p>\n","protected":false},"author":247,"featured_media":0,"parent":0,"menu_order":0,"comment_status":"closed","ping_status":"closed","template":"","meta":{"footnotes":""},"tags":[],"_links":{"self":[{"href":"https:\/\/portfolio.uqac.ca\/marcjean\/wp-json\/wp\/v2\/pages\/11"}],"collection":[{"href":"https:\/\/portfolio.uqac.ca\/marcjean\/wp-json\/wp\/v2\/pages"}],"about":[{"href":"https:\/\/portfolio.uqac.ca\/marcjean\/wp-json\/wp\/v2\/types\/page"}],"author":[{"embeddable":true,"href":"https:\/\/portfolio.uqac.ca\/marcjean\/wp-json\/wp\/v2\/users\/247"}],"replies":[{"embeddable":true,"href":"https:\/\/portfolio.uqac.ca\/marcjean\/wp-json\/wp\/v2\/comments?post=11"}],"version-history":[{"count":16,"href":"https:\/\/portfolio.uqac.ca\/marcjean\/wp-json\/wp\/v2\/pages\/11\/revisions"}],"predecessor-version":[{"id":102,"href":"https:\/\/portfolio.uqac.ca\/marcjean\/wp-json\/wp\/v2\/pages\/11\/revisions\/102"}],"wp:attachment":[{"href":"https:\/\/portfolio.uqac.ca\/marcjean\/wp-json\/wp\/v2\/media?parent=11"}],"wp:term":[{"taxonomy":"post_tag","embeddable":true,"href":"https:\/\/portfolio.uqac.ca\/marcjean\/wp-json\/wp\/v2\/tags?post=11"}],"curies":[{"name":"wp","href":"https:\/\/api.w.org\/{rel}","templated":true}]}}