{"id":20,"date":"2012-07-23T20:20:59","date_gmt":"2012-07-23T20:20:59","guid":{"rendered":"http:\/\/portfolio-pre.uqac.ca\/gabarit\/?page_id=20"},"modified":"2012-10-03T11:35:03","modified_gmt":"2012-10-03T15:35:03","slug":"publications","status":"publish","type":"page","link":"https:\/\/portfolio.uqac.ca\/marcjean\/publications\/","title":{"rendered":"Publications"},"content":{"rendered":"<p><strong>Monographies <\/strong><\/p>\n<p>D\u00e9tails de la monographie 1.<\/p>\n<p>D\u00e9tails de la monographie 2.<\/p>\n<p>D\u00e9tails de la monographie 3.<\/p>\n<p><strong><br \/>\nArticles\u00a0<\/strong><\/p>\n<p>D\u00e9tails de l&#8217;article 1.<\/p>\n<p>D\u00e9tails de l&#8217;article 2.<\/p>\n<p>D\u00e9tails de l&#8217;article 3.<\/p>\n<p><strong><br \/>\nArticles\u00a0dans les ouvrages collectifs <\/strong><\/p>\n<p>D\u00e9tails de l&#8217;article 1.<\/p>\n<p>D\u00e9tails de l&#8217;article 2.<\/p>\n<p>D\u00e9tails de l&#8217;article 3.<\/p>\n<p><strong><br \/>\nArticles\u00a0dans <strong>les journaux et les bulletins professionnels\u00a0<\/strong><\/strong><\/p>\n<p>D\u00e9tails de l&#8217;article 1.<\/p>\n<p>D\u00e9tails de l&#8217;article 2.<\/p>\n<p>D\u00e9tails de l&#8217;article 3.<\/p>\n","protected":false},"excerpt":{"rendered":"<p>Monographies D\u00e9tails de la monographie 1. D\u00e9tails de la monographie 2. D\u00e9tails de la monographie 3. Articles\u00a0 D\u00e9tails de l&#8217;article 1. D\u00e9tails de l&#8217;article 2. D\u00e9tails de l&#8217;article 3. Articles\u00a0dans les ouvrages collectifs D\u00e9tails de l&#8217;article 1. D\u00e9tails de l&#8217;article 2. D\u00e9tails de l&#8217;article 3. Articles\u00a0dans les journaux et les bulletins professionnels\u00a0 D\u00e9tails de l&#8217;article &hellip; <a href=\"https:\/\/portfolio.uqac.ca\/marcjean\/publications\/\" class=\"more-link\">Continuer la lecture de <span class=\"screen-reader-text\">Publications<\/span>  <span class=\"meta-nav\">&rarr;<\/span><\/a><\/p>\n","protected":false},"author":247,"featured_media":0,"parent":0,"menu_order":0,"comment_status":"closed","ping_status":"closed","template":"sidebar-page.php","meta":{"footnotes":""},"tags":[],"_links":{"self":[{"href":"https:\/\/portfolio.uqac.ca\/marcjean\/wp-json\/wp\/v2\/pages\/20"}],"collection":[{"href":"https:\/\/portfolio.uqac.ca\/marcjean\/wp-json\/wp\/v2\/pages"}],"about":[{"href":"https:\/\/portfolio.uqac.ca\/marcjean\/wp-json\/wp\/v2\/types\/page"}],"author":[{"embeddable":true,"href":"https:\/\/portfolio.uqac.ca\/marcjean\/wp-json\/wp\/v2\/users\/247"}],"replies":[{"embeddable":true,"href":"https:\/\/portfolio.uqac.ca\/marcjean\/wp-json\/wp\/v2\/comments?post=20"}],"version-history":[{"count":8,"href":"https:\/\/portfolio.uqac.ca\/marcjean\/wp-json\/wp\/v2\/pages\/20\/revisions"}],"predecessor-version":[{"id":74,"href":"https:\/\/portfolio.uqac.ca\/marcjean\/wp-json\/wp\/v2\/pages\/20\/revisions\/74"}],"wp:attachment":[{"href":"https:\/\/portfolio.uqac.ca\/marcjean\/wp-json\/wp\/v2\/media?parent=20"}],"wp:term":[{"taxonomy":"post_tag","embeddable":true,"href":"https:\/\/portfolio.uqac.ca\/marcjean\/wp-json\/wp\/v2\/tags?post=20"}],"curies":[{"name":"wp","href":"https:\/\/api.w.org\/{rel}","templated":true}]}}