{"id":27,"date":"2012-07-24T12:57:18","date_gmt":"2012-07-24T12:57:18","guid":{"rendered":"http:\/\/portfolio-pre.uqac.ca\/gabarit\/?page_id=27"},"modified":"2012-07-24T15:06:59","modified_gmt":"2012-07-24T15:06:59","slug":"curriculum-vitae","status":"publish","type":"page","link":"https:\/\/portfolio.uqac.ca\/marcjean\/curriculum-vitae\/","title":{"rendered":"Curriculum vitae"},"content":{"rendered":"<p><strong>Dipl\u00f4mes : <\/strong><\/p>\n<p>Dipl\u00f4me 1.<\/p>\n<p>Dipl\u00f4me 2.<\/p>\n<p>Dipl\u00f4me 3.<\/p>\n<p><strong><br \/>\nDistinctions et bourses :<br \/>\n<\/strong><strong><\/strong><\/p>\n<p>Distinction ou bourse\u00a01.<\/p>\n<p>Distinction ou bourse\u00a02.<\/p>\n<p>Distinction ou bourse\u00a03.<\/p>\n<p><strong><br \/>\nAffiliations professionnelles :<\/strong><strong><\/strong><\/p>\n<p>Affiliation 1.<\/p>\n<p>Affiliation 2.<\/p>\n<p>Affiliation 3.<\/p>\n<p><strong><br \/>\nActivit\u00e9s : <\/strong><strong><\/strong><\/p>\n<p>Activit\u00e9 1.<\/p>\n<p>Activit\u00e9 2.<\/p>\n<p>Activit\u00e9\u00a03.<\/p>\n","protected":false},"excerpt":{"rendered":"<p>Dipl\u00f4mes : Dipl\u00f4me 1. Dipl\u00f4me 2. Dipl\u00f4me 3. Distinctions et bourses : Distinction ou bourse\u00a01. Distinction ou bourse\u00a02. Distinction ou bourse\u00a03. Affiliations professionnelles : Affiliation 1. Affiliation 2. Affiliation 3. Activit\u00e9s : Activit\u00e9 1. Activit\u00e9 2. Activit\u00e9\u00a03.<\/p>\n","protected":false},"author":247,"featured_media":0,"parent":0,"menu_order":0,"comment_status":"closed","ping_status":"closed","template":"sidebar-page.php","meta":{"footnotes":""},"tags":[],"_links":{"self":[{"href":"https:\/\/portfolio.uqac.ca\/marcjean\/wp-json\/wp\/v2\/pages\/27"}],"collection":[{"href":"https:\/\/portfolio.uqac.ca\/marcjean\/wp-json\/wp\/v2\/pages"}],"about":[{"href":"https:\/\/portfolio.uqac.ca\/marcjean\/wp-json\/wp\/v2\/types\/page"}],"author":[{"embeddable":true,"href":"https:\/\/portfolio.uqac.ca\/marcjean\/wp-json\/wp\/v2\/users\/247"}],"replies":[{"embeddable":true,"href":"https:\/\/portfolio.uqac.ca\/marcjean\/wp-json\/wp\/v2\/comments?post=27"}],"version-history":[{"count":3,"href":"https:\/\/portfolio.uqac.ca\/marcjean\/wp-json\/wp\/v2\/pages\/27\/revisions"}],"predecessor-version":[{"id":57,"href":"https:\/\/portfolio.uqac.ca\/marcjean\/wp-json\/wp\/v2\/pages\/27\/revisions\/57"}],"wp:attachment":[{"href":"https:\/\/portfolio.uqac.ca\/marcjean\/wp-json\/wp\/v2\/media?parent=27"}],"wp:term":[{"taxonomy":"post_tag","embeddable":true,"href":"https:\/\/portfolio.uqac.ca\/marcjean\/wp-json\/wp\/v2\/tags?post=27"}],"curies":[{"name":"wp","href":"https:\/\/api.w.org\/{rel}","templated":true}]}}